{"id":35150,"date":"2022-10-02T17:59:20","date_gmt":"2022-10-02T15:59:20","guid":{"rendered":"http:\/\/dev.claret.cat\/producte\/iliada-edicio-enriquida-2022\/"},"modified":"2026-03-16T13:55:14","modified_gmt":"2026-03-16T12:55:14","slug":"iliada-9788498594027","status":"publish","type":"product","link":"https:\/\/www.claret.cat\/es\/libro\/iliada-9788498594027\/","title":{"rendered":"ILIADA"},"content":{"rendered":"<p>El primer volum de la nova col\u00b7lecci\u00f3 Bernat Metge Universal \u00e9s la Il\u00edada d&#8217;Homer, tradu\u00efda en vers per Pau Sabat\u00e9 i amb pr\u00f2leg del poeta Enric Casasses. La Il\u00edada \u00e9s juntament amb l&#8217;Odissea i la Biblia, la base de la literatura i de la cultura occidentals. Composta en el si d&#8217;una tradici\u00f3 \u00e8pica oral per un aede d&#8217;identitat desconeguda que els antic anomenaven Homer, aquesta epopeia monumental gira al voltant d&#8217;un episodi de l&#8217;\u00faltim any de la guerra de Troia: la c\u00f2lera d&#8217;Aquiles, el m\u00e9s c\u00e8lebre i valer\u00f3s dels combatents grecs, contra Agam\u00e8mnon, el comandant de la host hel\u00b7lena, a causa de Briseida. La retirada d&#8217;Aquil\u00b7les del combat afebleix notablement l&#8217;ex\u00e8rcit grec i no \u00e9s fins que P\u00e0trocle mor a mans d&#8217;H\u00e8ctor que Aquil\u00b7les no tornar\u00e0 al camp de batalla al costat dels grecs.<\/p>\n","protected":false},"excerpt":{"rendered":"<p>HOMER<\/p>\n","protected":false},"featured_media":1088478,"template":"","meta":{"_acf_changed":false,"om_disable_all_campaigns":false,"rs_blank_template":"","rs_page_bg_color":"","slide_template_v7":"","inline_featured_image":false,"_monsterinsights_skip_tracking":false,"_monsterinsights_sitenote_active":false,"_monsterinsights_sitenote_note":"","_monsterinsights_sitenote_category":0},"product_brand":[],"product_cat":[354,123],"product_tag":[],"class_list":{"0":"post-35150","1":"product","2":"type-product","3":"status-publish","4":"has-post-thumbnail","6":"product_cat-clasica","7":"product_cat-classica","9":"first","10":"instock","11":"taxable","12":"shipping-taxable","13":"purchasable","14":"product-type-simple"},"acf":{"autor":"HOMER","codart":"849859402","libros-coleccion":"BERNAT METGE UNIVERSAL","ediciones":"1","encuadernacion":"Carton\u00e9","fecha_de_publicacion":"01\/09\/2022","novedad":"1","paginas":"608","subtitulo":"","orden":"0","portada":"0","idioma":"cat","editorial":[{"ID":262136,"post_author":"3","post_date":"2022-10-24 11:20:24","post_date_gmt":"2022-10-24 09:20:24","post_content":"","post_title":"FUNDACIO BERNAT METGE","post_excerpt":"","post_status":"publish","comment_status":"closed","ping_status":"closed","post_password":"","post_name":"fundacio-bernat-metge","to_ping":"","pinged":"","post_modified":"2022-10-24 11:20:24","post_modified_gmt":"2022-10-24 09:20:24","post_content_filtered":"","post_parent":0,"guid":"http:\/\/dev.claret.cat\/editorial\/fundacio-bernat-metge\/","menu_order":0,"post_type":"editorial","post_mime_type":"","comment_count":"0","filter":"raw"}],"autores-libros":[{"ID":5542,"post_author":"3","post_date":"2022-07-28 17:26:13","post_date_gmt":"2022-07-28 15:26:13","post_content":"","post_title":"HOMER","post_excerpt":"","post_status":"publish","comment_status":"closed","ping_status":"closed","post_password":"","post_name":"homer","to_ping":"","pinged":"","post_modified":"2022-07-28 17:26:13","post_modified_gmt":"2022-07-28 15:26:13","post_content_filtered":"","post_parent":0,"guid":"http:\/\/dev.claret.cat\/autor\/homer\/","menu_order":0,"post_type":"autor","post_mime_type":"","comment_count":"0","filter":"raw"}],"booktrailer":"","resenas":""},"aioseo_notices":[],"_links":{"self":[{"href":"https:\/\/www.claret.cat\/es\/wp-json\/wp\/v2\/product\/35150","targetHints":{"allow":["GET"]}}],"collection":[{"href":"https:\/\/www.claret.cat\/es\/wp-json\/wp\/v2\/product"}],"about":[{"href":"https:\/\/www.claret.cat\/es\/wp-json\/wp\/v2\/types\/product"}],"wp:featuredmedia":[{"embeddable":true,"href":"https:\/\/www.claret.cat\/es\/wp-json\/wp\/v2\/media\/1088478"}],"wp:attachment":[{"href":"https:\/\/www.claret.cat\/es\/wp-json\/wp\/v2\/media?parent=35150"}],"wp:term":[{"taxonomy":"product_brand","embeddable":true,"href":"https:\/\/www.claret.cat\/es\/wp-json\/wp\/v2\/product_brand?post=35150"},{"taxonomy":"product_cat","embeddable":true,"href":"https:\/\/www.claret.cat\/es\/wp-json\/wp\/v2\/product_cat?post=35150"},{"taxonomy":"product_tag","embeddable":true,"href":"https:\/\/www.claret.cat\/es\/wp-json\/wp\/v2\/product_tag?post=35150"}],"curies":[{"name":"wp","href":"https:\/\/api.w.org\/{rel}","templated":true}]}}