{"id":351523,"date":"2023-01-14T11:31:24","date_gmt":"2023-01-14T10:31:24","guid":{"rendered":"https:\/\/www.claret.cat\/llibre\/labdicacio-de-pere-9788472638464\/"},"modified":"2025-04-23T18:21:22","modified_gmt":"2025-04-23T16:21:22","slug":"labdicacio-de-pere-9788472638464","status":"publish","type":"product","link":"https:\/\/www.claret.cat\/es\/libro\/labdicacio-de-pere-9788472638464\/","title":{"rendered":"L&#8217;ABDICACI\u00d3 DE PERE"},"content":{"rendered":"<p>Estudi sobre l&#8217;obertura de l&#8217;Esgl\u00e9sia primitiva al m\u00f3n pag\u00e0.<br \/>En prendre consci\u00e8ncia del naixement de la primera esgl\u00e9sia \u00abcristiana\u00bb a Antioquia, Pere s&#8217;allibera de tots els lligams religiosos i nacionalistes que el retenien ancorat en \u00abl&#8217;expectaci\u00f3 del poble dels jueus\u00bb.<br \/>Aleshores deixa les regnes de l&#8217;esgl\u00e9sia de Jerusalem, \u00ababdicant\u00bb de la posici\u00f3 que havia que havia fru\u00eft fins aleshores.<\/p>\n","protected":false},"excerpt":{"rendered":"<p>RIUS CAMPS, JOSEP<\/p>\n","protected":false},"featured_media":351524,"template":"","meta":{"_acf_changed":false,"om_disable_all_campaigns":false,"rs_blank_template":"","rs_page_bg_color":"","slide_template_v7":"","inline_featured_image":false,"_monsterinsights_skip_tracking":false,"_monsterinsights_sitenote_active":false,"_monsterinsights_sitenote_note":"","_monsterinsights_sitenote_category":0},"product_brand":[],"product_cat":[511,283,581,467,206,205,466],"product_tag":[],"class_list":{"0":"post-351523","1":"product","2":"type-product","3":"status-publish","4":"has-post-thumbnail","6":"product_cat-eclesiologia-teologia-1_espiritualidad","7":"product_cat-eclesiologia-teologia","8":"product_cat-editorial-claret","9":"product_cat-epistolas-de-san-pablo","10":"product_cat-epistoles-de-sant-pau","11":"product_cat-fets-dels-apostols","12":"product_cat-hechos-de-los-apostoles","14":"first","15":"instock","16":"taxable","17":"shipping-taxable","18":"purchasable","19":"product-type-simple"},"acf":{"editorial":[{"ID":6158,"post_author":"3","post_date":"2022-07-28 17:46:08","post_date_gmt":"2022-07-28 15:46:08","post_content":"","post_title":"CLARET","post_excerpt":"","post_status":"publish","comment_status":"closed","ping_status":"closed","post_password":"","post_name":"claret","to_ping":"","pinged":"","post_modified":"2022-07-28 17:46:08","post_modified_gmt":"2022-07-28 15:46:08","post_content_filtered":"","post_parent":0,"guid":"http:\/\/dev.claret.cat\/editorial\/claret\/","menu_order":0,"post_type":"editorial","post_mime_type":"","comment_count":"0","filter":"raw"}],"autores-libros":[{"ID":160817,"post_author":"3","post_date":"2022-10-14 15:56:07","post_date_gmt":"2022-10-14 13:56:07","post_content":"","post_title":"JOSEP RIUS CAMPS","post_excerpt":"","post_status":"publish","comment_status":"closed","ping_status":"closed","post_password":"","post_name":"josep-rius-camps","to_ping":"","pinged":"","post_modified":"2022-10-14 15:56:07","post_modified_gmt":"2022-10-14 13:56:07","post_content_filtered":"","post_parent":0,"guid":"http:\/\/dev.claret.cat\/autor\/josep-rius-camps\/","menu_order":0,"post_type":"autor","post_mime_type":"","comment_count":"0","filter":"raw"}],"autor":"RIUS CAMPS, JOSEP","codart":"847263846","libros-coleccion":"EINES","ediciones":"1","encuadernacion":"R\u00fastica","fecha_de_publicacion":"01\/04\/1993","novedad":"0","paginas":"208","subtitulo":"","orden":"999","portada":"0","idioma":"cat","booktrailer":"","resenas":""},"aioseo_notices":[],"_links":{"self":[{"href":"https:\/\/www.claret.cat\/es\/wp-json\/wp\/v2\/product\/351523","targetHints":{"allow":["GET"]}}],"collection":[{"href":"https:\/\/www.claret.cat\/es\/wp-json\/wp\/v2\/product"}],"about":[{"href":"https:\/\/www.claret.cat\/es\/wp-json\/wp\/v2\/types\/product"}],"wp:featuredmedia":[{"embeddable":true,"href":"https:\/\/www.claret.cat\/es\/wp-json\/wp\/v2\/media\/351524"}],"wp:attachment":[{"href":"https:\/\/www.claret.cat\/es\/wp-json\/wp\/v2\/media?parent=351523"}],"wp:term":[{"taxonomy":"product_brand","embeddable":true,"href":"https:\/\/www.claret.cat\/es\/wp-json\/wp\/v2\/product_brand?post=351523"},{"taxonomy":"product_cat","embeddable":true,"href":"https:\/\/www.claret.cat\/es\/wp-json\/wp\/v2\/product_cat?post=351523"},{"taxonomy":"product_tag","embeddable":true,"href":"https:\/\/www.claret.cat\/es\/wp-json\/wp\/v2\/product_tag?post=351523"}],"curies":[{"name":"wp","href":"https:\/\/api.w.org\/{rel}","templated":true}]}}