{"id":351550,"date":"2023-01-14T11:34:06","date_gmt":"2023-01-14T10:34:06","guid":{"rendered":"https:\/\/www.claret.cat\/llibre\/aprendre-a-viure-sense-ell-9788472638808\/"},"modified":"2025-07-08T19:05:41","modified_gmt":"2025-07-08T17:05:41","slug":"aprendre-a-viure-sense-ell-9788472638808","status":"publish","type":"product","link":"https:\/\/www.claret.cat\/es\/libro\/aprendre-a-viure-sense-ell-9788472638808\/","title":{"rendered":"APRENDRE A VIURE SENSE ELL"},"content":{"rendered":"<p>Tant si ha estat pressentida, esperada durant mesos o si s&#8217;ha produ\u00eft de sobte, la mort del marit sempre \u00e9s una ruptura dram\u00e0tica. Esdev\u00e9 un dia i ho canvia tot bruscament. El present es fa intolerable. No es vol pensar en el passat i encara menys en el futur.<br \/>Aquest esdeveniment dolor\u00f3s es viu de maneres diverses segons la personalitat, el mode de vida i les circumst\u00e0ncies. Per\u00f2 segons quines siguin aquestes diversitats, es plantejaran una s\u00e8rie de problemes que caldr\u00e0 resoldre. Aquests problemes als quals la viuda es troba brutalment enfrontada, els ha d&#8217;abordar; vet aqu\u00ed la finalitat d&#8217;aquest llibre.<\/p>\n","protected":false},"excerpt":{"rendered":"<p>JOLY, PIERRE &#8211; MARCHAL, H<\/p>\n","protected":false},"featured_media":1045218,"template":"","meta":{"_acf_changed":false,"om_disable_all_campaigns":false,"rs_blank_template":"","rs_page_bg_color":"","slide_template_v7":"","inline_featured_image":false,"_monsterinsights_skip_tracking":false,"_monsterinsights_sitenote_active":false,"_monsterinsights_sitenote_note":"","_monsterinsights_sitenote_category":0},"product_brand":[],"product_cat":[179,377,581,523,299,491,241,394,236],"product_tag":[],"class_list":{"0":"post-351550","1":"product","2":"type-product","3":"status-publish","4":"has-post-thumbnail","6":"product_cat-autoajuda-i-salut-mental","7":"product_cat-autoayuda-y-salud-mental","8":"product_cat-editorial-claret","9":"product_cat-laicos-y-testimonios","10":"product_cat-laics-i-testimonis","11":"product_cat-testimonios","12":"product_cat-testimonis","13":"product_cat-vida-cotidiana","14":"product_cat-vida-quotidiana","16":"first","17":"instock","18":"taxable","19":"shipping-taxable","20":"purchasable","21":"product-type-simple"},"acf":{"editorial":[{"ID":6158,"post_author":"3","post_date":"2022-07-28 17:46:08","post_date_gmt":"2022-07-28 15:46:08","post_content":"","post_title":"CLARET","post_excerpt":"","post_status":"publish","comment_status":"closed","ping_status":"closed","post_password":"","post_name":"claret","to_ping":"","pinged":"","post_modified":"2022-07-28 17:46:08","post_modified_gmt":"2022-07-28 15:46:08","post_content_filtered":"","post_parent":0,"guid":"http:\/\/dev.claret.cat\/editorial\/claret\/","menu_order":0,"post_type":"editorial","post_mime_type":"","comment_count":"0","filter":"raw"}],"autores-libros":[{"ID":351549,"post_author":"3","post_date":"2023-01-14 11:34:02","post_date_gmt":"2023-01-14 10:34:02","post_content":"","post_title":"PIERRE JOLY","post_excerpt":"","post_status":"publish","comment_status":"closed","ping_status":"closed","post_password":"","post_name":"pierre-joly","to_ping":"","pinged":"","post_modified":"2023-01-14 11:34:02","post_modified_gmt":"2023-01-14 10:34:02","post_content_filtered":"","post_parent":0,"guid":"https:\/\/www.claret.cat\/autor\/pierre-joly\/","menu_order":0,"post_type":"autor","post_mime_type":"","comment_count":"0","filter":"raw"},{"ID":351548,"post_author":"3","post_date":"2023-01-14 11:33:59","post_date_gmt":"2023-01-14 10:33:59","post_content":"","post_title":"HELENE MARCHAL","post_excerpt":"","post_status":"publish","comment_status":"closed","ping_status":"closed","post_password":"","post_name":"helene-marchal","to_ping":"","pinged":"","post_modified":"2023-01-14 11:33:59","post_modified_gmt":"2023-01-14 10:33:59","post_content_filtered":"","post_parent":0,"guid":"https:\/\/www.claret.cat\/autor\/helene-marchal\/","menu_order":0,"post_type":"autor","post_mime_type":"","comment_count":"0","filter":"raw"}],"autor":"JOLY, PIERRE - MARCHAL, H","codart":"847263880","libros-coleccion":"ELS DAUS","ediciones":"1","encuadernacion":"R\u00fastica","fecha_de_publicacion":"01\/12\/1993","novedad":"0","paginas":"184","subtitulo":"EL CAM\u00cd DE LA VIUDETAT","orden":"999","portada":"0","idioma":"cat","booktrailer":"","resenas":""},"aioseo_notices":[],"_links":{"self":[{"href":"https:\/\/www.claret.cat\/es\/wp-json\/wp\/v2\/product\/351550","targetHints":{"allow":["GET"]}}],"collection":[{"href":"https:\/\/www.claret.cat\/es\/wp-json\/wp\/v2\/product"}],"about":[{"href":"https:\/\/www.claret.cat\/es\/wp-json\/wp\/v2\/types\/product"}],"wp:featuredmedia":[{"embeddable":true,"href":"https:\/\/www.claret.cat\/es\/wp-json\/wp\/v2\/media\/1045218"}],"wp:attachment":[{"href":"https:\/\/www.claret.cat\/es\/wp-json\/wp\/v2\/media?parent=351550"}],"wp:term":[{"taxonomy":"product_brand","embeddable":true,"href":"https:\/\/www.claret.cat\/es\/wp-json\/wp\/v2\/product_brand?post=351550"},{"taxonomy":"product_cat","embeddable":true,"href":"https:\/\/www.claret.cat\/es\/wp-json\/wp\/v2\/product_cat?post=351550"},{"taxonomy":"product_tag","embeddable":true,"href":"https:\/\/www.claret.cat\/es\/wp-json\/wp\/v2\/product_tag?post=351550"}],"curies":[{"name":"wp","href":"https:\/\/api.w.org\/{rel}","templated":true}]}}