{"id":351592,"date":"2023-01-14T11:38:31","date_gmt":"2023-01-14T10:38:31","guid":{"rendered":"https:\/\/www.claret.cat\/llibre\/un-crist-que-arriba-en-ladvent-9788472639300\/"},"modified":"2025-11-21T12:18:01","modified_gmt":"2025-11-21T11:18:01","slug":"un-crist-que-arriba-en-ladvent-9788472639300","status":"publish","type":"product","link":"https:\/\/www.claret.cat\/es\/libro\/un-crist-que-arriba-en-ladvent-9788472639300\/","title":{"rendered":"UN CRIST QUE ARRIBA EN L&#8217;ADVENT"},"content":{"rendered":"<p>El Messies no vingu\u00e9 sense un per\u00edode preparatori de la hist\u00f2ria d&#8217;Israel o sense les respostes de fidelitat preparat\u00f2ries de Josep i de Maria.<br \/>La lit\u00fargia ofereix en l&#8217;Advent un tercer temps de preparaci\u00f3, a la qual aquest petit llibre vol ajudar a donar forma.<\/p>\n","protected":false},"excerpt":{"rendered":"<p>BROWN, RAYMOND E.<\/p>\n","protected":false},"featured_media":390300,"template":"","meta":{"_acf_changed":false,"om_disable_all_campaigns":false,"rs_blank_template":"","rs_page_bg_color":"","slide_template_v7":"","inline_featured_image":false,"_monsterinsights_skip_tracking":false,"_monsterinsights_sitenote_active":false,"_monsterinsights_sitenote_note":"","_monsterinsights_sitenote_category":0},"product_brand":[],"product_cat":[414,276,581,503,258,464,203],"product_tag":[],"class_list":{"0":"post-351592","1":"product","2":"type-product","3":"status-publish","4":"has-post-thumbnail","6":"product_cat-cristologia-teologia-1_espiritualidad","7":"product_cat-cristologia-teologia","8":"product_cat-editorial-claret","9":"product_cat-paraliturgia-liturgia-1_espiritualidad","10":"product_cat-paraliturgia","11":"product_cat-sinopticos","12":"product_cat-sinoptics","14":"first","15":"instock","16":"taxable","17":"shipping-taxable","18":"purchasable","19":"product-type-simple"},"acf":{"editorial":[{"ID":6158,"post_author":"3","post_date":"2022-07-28 17:46:08","post_date_gmt":"2022-07-28 15:46:08","post_content":"","post_title":"CLARET","post_excerpt":"","post_status":"publish","comment_status":"closed","ping_status":"closed","post_password":"","post_name":"claret","to_ping":"","pinged":"","post_modified":"2022-07-28 17:46:08","post_modified_gmt":"2022-07-28 15:46:08","post_content_filtered":"","post_parent":0,"guid":"http:\/\/dev.claret.cat\/editorial\/claret\/","menu_order":0,"post_type":"editorial","post_mime_type":"","comment_count":"0","filter":"raw"}],"autores-libros":[{"ID":351562,"post_author":"3","post_date":"2023-01-14 11:35:31","post_date_gmt":"2023-01-14 10:35:31","post_content":"","post_title":"RAYMOND EDWARD BROWN","post_excerpt":"","post_status":"publish","comment_status":"closed","ping_status":"closed","post_password":"","post_name":"raymond-edward-brown","to_ping":"","pinged":"","post_modified":"2023-01-14 11:35:31","post_modified_gmt":"2023-01-14 10:35:31","post_content_filtered":"","post_parent":0,"guid":"https:\/\/www.claret.cat\/autor\/raymond-edward-brown\/","menu_order":0,"post_type":"autor","post_mime_type":"","comment_count":"0","filter":"raw"}],"autor":"BROWN, RAYMOND E.","codart":"847263930","libros-coleccion":"PAR\u00c0BOLA","ediciones":"1","encuadernacion":"R\u00fastica","fecha_de_publicacion":"01\/11\/1994","novedad":"0","paginas":"72","subtitulo":"ASSAIGS SOBRE LES NARRACIONS EVANG\u00c8LIQUES PR\u00c8VIES AL NAIXEMENT DE JES\u00daS: MATEU 1 I LLUC 1","orden":"999","portada":"0","idioma":"cat","booktrailer":"","resenas":""},"aioseo_notices":[],"_links":{"self":[{"href":"https:\/\/www.claret.cat\/es\/wp-json\/wp\/v2\/product\/351592","targetHints":{"allow":["GET"]}}],"collection":[{"href":"https:\/\/www.claret.cat\/es\/wp-json\/wp\/v2\/product"}],"about":[{"href":"https:\/\/www.claret.cat\/es\/wp-json\/wp\/v2\/types\/product"}],"wp:featuredmedia":[{"embeddable":true,"href":"https:\/\/www.claret.cat\/es\/wp-json\/wp\/v2\/media\/390300"}],"wp:attachment":[{"href":"https:\/\/www.claret.cat\/es\/wp-json\/wp\/v2\/media?parent=351592"}],"wp:term":[{"taxonomy":"product_brand","embeddable":true,"href":"https:\/\/www.claret.cat\/es\/wp-json\/wp\/v2\/product_brand?post=351592"},{"taxonomy":"product_cat","embeddable":true,"href":"https:\/\/www.claret.cat\/es\/wp-json\/wp\/v2\/product_cat?post=351592"},{"taxonomy":"product_tag","embeddable":true,"href":"https:\/\/www.claret.cat\/es\/wp-json\/wp\/v2\/product_tag?post=351592"}],"curies":[{"name":"wp","href":"https:\/\/api.w.org\/{rel}","templated":true}]}}