{"id":351603,"date":"2023-01-14T11:39:20","date_gmt":"2023-01-14T10:39:20","guid":{"rendered":"https:\/\/www.claret.cat\/llibre\/les-plantes-en-la-biblia-9788472639355\/"},"modified":"2026-02-20T12:40:26","modified_gmt":"2026-02-20T11:40:26","slug":"les-plantes-en-la-biblia-9788472639355","status":"publish","type":"product","link":"https:\/\/www.claret.cat\/es\/libro\/les-plantes-en-la-biblia-9788472639355\/","title":{"rendered":"LES PLANTES EN LA BIBLIA"},"content":{"rendered":"<p>Les suggestives p\u00e0gines d&#8217;aquesta obra permeten entrar suaument i silenciosament en el fascinant jard\u00ed de la simbologia b\u00edblica.<br \/>L&#8217;autor ens hi condueix amb la compet\u00e8ncia d&#8217;especialista i enamorat del m\u00f3n de la biologia, amb el rigor d&#8217;un estudi\u00f3s, amb la sensibilitat d&#8217;un poeta i amb el respecte d&#8217;un creient.<\/p>\n","protected":false},"excerpt":{"rendered":"<p>YLLA-CATALA, MIQUEL<\/p>\n","protected":false},"featured_media":351604,"template":"","meta":{"_acf_changed":false,"om_disable_all_campaigns":false,"rs_blank_template":"","rs_page_bg_color":"","slide_template_v7":"","inline_featured_image":false,"_monsterinsights_skip_tracking":false,"_monsterinsights_sitenote_active":false,"_monsterinsights_sitenote_note":"","_monsterinsights_sitenote_category":0},"product_brand":[],"product_cat":[495,245,581,394,236],"product_tag":[],"class_list":{"0":"post-351603","1":"product","2":"type-product","3":"status-publish","4":"has-post-thumbnail","6":"product_cat-diversa-espiritualidad-1_espiritualidad","7":"product_cat-diversa","8":"product_cat-editorial-claret","9":"product_cat-vida-cotidiana","10":"product_cat-vida-quotidiana","12":"first","13":"instock","14":"taxable","15":"shipping-taxable","16":"purchasable","17":"product-type-simple"},"acf":{"editorial":[{"ID":6158,"post_author":"3","post_date":"2022-07-28 17:46:08","post_date_gmt":"2022-07-28 15:46:08","post_content":"","post_title":"CLARET","post_excerpt":"","post_status":"publish","comment_status":"closed","ping_status":"closed","post_password":"","post_name":"claret","to_ping":"","pinged":"","post_modified":"2022-07-28 17:46:08","post_modified_gmt":"2022-07-28 15:46:08","post_content_filtered":"","post_parent":0,"guid":"http:\/\/dev.claret.cat\/editorial\/claret\/","menu_order":0,"post_type":"editorial","post_mime_type":"","comment_count":"0","filter":"raw"}],"autores-libros":[{"ID":351602,"post_author":"3","post_date":"2023-01-14 11:39:16","post_date_gmt":"2023-01-14 10:39:16","post_content":"","post_title":"MIQUEL YLLA-CATAL\u00c0","post_excerpt":"","post_status":"publish","comment_status":"closed","ping_status":"closed","post_password":"","post_name":"miquel-ylla-catala","to_ping":"","pinged":"","post_modified":"2023-01-14 11:39:16","post_modified_gmt":"2023-01-14 10:39:16","post_content_filtered":"","post_parent":0,"guid":"https:\/\/www.claret.cat\/autor\/miquel-ylla-catala\/","menu_order":0,"post_type":"autor","post_mime_type":"","comment_count":"0","filter":"raw"}],"autor":"YLLA-CATALA, MIQUEL","codart":"847263935","libros-coleccion":"ELS DAUS","ediciones":"1","encuadernacion":"R\u00fastica","fecha_de_publicacion":"01\/12\/1994","novedad":"0","paginas":"144","subtitulo":"A LA RECERCA DE S\u00cdMBOLS","orden":"999","portada":"0","idioma":"cat","booktrailer":"","resenas":""},"aioseo_notices":[],"_links":{"self":[{"href":"https:\/\/www.claret.cat\/es\/wp-json\/wp\/v2\/product\/351603","targetHints":{"allow":["GET"]}}],"collection":[{"href":"https:\/\/www.claret.cat\/es\/wp-json\/wp\/v2\/product"}],"about":[{"href":"https:\/\/www.claret.cat\/es\/wp-json\/wp\/v2\/types\/product"}],"wp:featuredmedia":[{"embeddable":true,"href":"https:\/\/www.claret.cat\/es\/wp-json\/wp\/v2\/media\/351604"}],"wp:attachment":[{"href":"https:\/\/www.claret.cat\/es\/wp-json\/wp\/v2\/media?parent=351603"}],"wp:term":[{"taxonomy":"product_brand","embeddable":true,"href":"https:\/\/www.claret.cat\/es\/wp-json\/wp\/v2\/product_brand?post=351603"},{"taxonomy":"product_cat","embeddable":true,"href":"https:\/\/www.claret.cat\/es\/wp-json\/wp\/v2\/product_cat?post=351603"},{"taxonomy":"product_tag","embeddable":true,"href":"https:\/\/www.claret.cat\/es\/wp-json\/wp\/v2\/product_tag?post=351603"}],"curies":[{"name":"wp","href":"https:\/\/api.w.org\/{rel}","templated":true}]}}