{"id":351830,"date":"2023-01-14T12:16:48","date_gmt":"2023-01-14T11:16:48","guid":{"rendered":"https:\/\/www.claret.cat\/llibre\/mujeres-en-el-evangelio-de-marcos-9788474673685\/"},"modified":"2024-05-23T16:53:12","modified_gmt":"2024-05-23T14:53:12","slug":"mujeres-en-el-evangelio-de-marcos-9788474673685","status":"publish","type":"product","link":"https:\/\/www.claret.cat\/es\/libro\/mujeres-en-el-evangelio-de-marcos-9788474673685\/","title":{"rendered":"MUJERES EN EL EVANGELIO DE MARCOS"},"content":{"rendered":"<p>Con un estilo \u00e1gil, r\u00e1pido, nos &#8221;hace presente&#8221; aquellas mujeres que convivieron dos mil a\u00f1os atr\u00e1s con Jes\u00fas: pueden ense\u00f1arnos qu\u00e9 es, qu\u00e9 implica, ser disc\u00edpulo de Jes\u00fas.<\/p>\n","protected":false},"excerpt":{"rendered":"<p>SUAU, TEODOR<\/p>\n","protected":false},"featured_media":351831,"template":"","meta":{"_acf_changed":false,"om_disable_all_campaigns":false,"rs_blank_template":"","rs_page_bg_color":"","slide_template_v7":"","inline_featured_image":false,"_monsterinsights_skip_tracking":false,"_monsterinsights_sitenote_active":false,"_monsterinsights_sitenote_note":"","_monsterinsights_sitenote_category":0},"product_brand":[],"product_cat":[341,75,549,99],"product_tag":[],"class_list":{"0":"post-351830","1":"product","2":"type-product","3":"status-publish","4":"has-post-thumbnail","6":"product_cat-biblia-es","7":"product_cat-biblia","8":"product_cat-biografias","9":"product_cat-biografies","11":"first","12":"instock","13":"taxable","14":"shipping-taxable","15":"purchasable","16":"product-type-simple"},"acf":{"editorial":[{"ID":6156,"post_author":"3","post_date":"2022-07-28 17:46:05","post_date_gmt":"2022-07-28 15:46:05","post_content":"","post_title":"CENTRE DE PASTORAL LITURGICA","post_excerpt":"","post_status":"publish","comment_status":"closed","ping_status":"closed","post_password":"","post_name":"centre-de-pastoral-liturgica","to_ping":"","pinged":"","post_modified":"2022-07-28 17:46:05","post_modified_gmt":"2022-07-28 15:46:05","post_content_filtered":"","post_parent":0,"guid":"http:\/\/dev.claret.cat\/editorial\/centre-de-pastoral-liturgica\/","menu_order":0,"post_type":"editorial","post_mime_type":"","comment_count":"0","filter":"raw"}],"autores-libros":[{"ID":170181,"post_author":"3","post_date":"2022-10-14 22:33:14","post_date_gmt":"2022-10-14 20:33:14","post_content":"","post_title":"TEODOR SUAU","post_excerpt":"","post_status":"publish","comment_status":"closed","ping_status":"closed","post_password":"","post_name":"teodor-suau","to_ping":"","pinged":"","post_modified":"2022-10-14 22:33:14","post_modified_gmt":"2022-10-14 20:33:14","post_content_filtered":"","post_parent":0,"guid":"http:\/\/dev.claret.cat\/autor\/teodor-suau\/","menu_order":0,"post_type":"autor","post_mime_type":"","comment_count":"0","filter":"raw"}],"autor":"SUAU, TEODOR","codart":"847467368","libros-coleccion":"Ema\u00fas","ediciones":"1","encuadernacion":"R\u00fastica","fecha_de_publicacion":"01\/03\/1996","novedad":"0","paginas":"0","subtitulo":"","orden":"999","portada":"0","idioma":"spa"},"aioseo_notices":[],"_links":{"self":[{"href":"https:\/\/www.claret.cat\/es\/wp-json\/wp\/v2\/product\/351830","targetHints":{"allow":["GET"]}}],"collection":[{"href":"https:\/\/www.claret.cat\/es\/wp-json\/wp\/v2\/product"}],"about":[{"href":"https:\/\/www.claret.cat\/es\/wp-json\/wp\/v2\/types\/product"}],"wp:featuredmedia":[{"embeddable":true,"href":"https:\/\/www.claret.cat\/es\/wp-json\/wp\/v2\/media\/351831"}],"wp:attachment":[{"href":"https:\/\/www.claret.cat\/es\/wp-json\/wp\/v2\/media?parent=351830"}],"wp:term":[{"taxonomy":"product_brand","embeddable":true,"href":"https:\/\/www.claret.cat\/es\/wp-json\/wp\/v2\/product_brand?post=351830"},{"taxonomy":"product_cat","embeddable":true,"href":"https:\/\/www.claret.cat\/es\/wp-json\/wp\/v2\/product_cat?post=351830"},{"taxonomy":"product_tag","embeddable":true,"href":"https:\/\/www.claret.cat\/es\/wp-json\/wp\/v2\/product_tag?post=351830"}],"curies":[{"name":"wp","href":"https:\/\/api.w.org\/{rel}","templated":true}]}}