{"id":351938,"date":"2023-01-14T12:24:06","date_gmt":"2023-01-14T11:24:06","guid":{"rendered":"https:\/\/www.claret.cat\/llibre\/mi-confirmacion-9788474674903\/"},"modified":"2025-09-23T12:20:22","modified_gmt":"2025-09-23T10:20:22","slug":"mi-confirmacion-9788474674903","status":"publish","type":"product","link":"https:\/\/www.claret.cat\/es\/libro\/mi-confirmacion-9788474674903\/","title":{"rendered":"MI CONFIRMACION"},"content":{"rendered":"<p>Con espacio para anotar la fecha de la celebraci\u00f3n; con m\u00e1s espacio para dejar constancia de lo que la confirmaci\u00f3n ha significado; con una breve s\u00edntesis (&#8216;la confirmaci\u00f3n en 9 palabras&#8217;) de lo que es el sacramento; presentaci\u00f3n de los pasos de la celebraci\u00f3n; con lecturas y oraciones. Para regalar (el catequista, o los padrinos, o un amigo.) a los que se preparan para ser confirmados.<br \/>Con espacio para anotar la fecha de la celebraci\u00f3n; con m\u00e1s espacio para dejar constancia de lo que la confirmaci\u00f3n ha significado; con una breve s\u00edntesis (&#8216;la confirmaci\u00f3n en 9 palabras&#8217;) de lo que es el sacramento; presentaci\u00f3n de los pasos de la celebraci\u00f3n; con lecturas y oraciones. Para regalar (el catequista, o los padrinos, o un amigo.) a los que se preparan para ser confirmados.<\/p>\n","protected":false},"excerpt":{"rendered":"<p>LLIGADAS, JOSEP<\/p>\n","protected":false},"featured_media":351939,"template":"","meta":{"_acf_changed":false,"om_disable_all_campaigns":false,"rs_blank_template":"","rs_page_bg_color":"","slide_template_v7":"","inline_featured_image":false,"_monsterinsights_skip_tracking":false,"_monsterinsights_sitenote_active":false,"_monsterinsights_sitenote_note":"","_monsterinsights_sitenote_category":0},"product_brand":[],"product_cat":[90,540],"product_tag":[],"class_list":{"0":"post-351938","1":"product","2":"type-product","3":"status-publish","4":"has-post-thumbnail","6":"product_cat-altres","7":"product_cat-otros","9":"first","10":"instock","11":"taxable","12":"shipping-taxable","13":"purchasable","14":"product-type-simple"},"acf":{"editorial":[{"ID":6172,"post_author":"3","post_date":"2022-07-28 17:46:27","post_date_gmt":"2022-07-28 15:46:27","post_content":"","post_title":"CPL","post_excerpt":"","post_status":"publish","comment_status":"closed","ping_status":"closed","post_password":"","post_name":"cpl","to_ping":"","pinged":"","post_modified":"2022-07-28 17:46:27","post_modified_gmt":"2022-07-28 15:46:27","post_content_filtered":"","post_parent":0,"guid":"http:\/\/dev.claret.cat\/editorial\/cpl\/","menu_order":0,"post_type":"editorial","post_mime_type":"","comment_count":"0","filter":"raw"}],"autores-libros":[{"ID":5662,"post_author":"3","post_date":"2022-07-28 17:28:48","post_date_gmt":"2022-07-28 15:28:48","post_content":"","post_title":"JOSEP LLIGADAS","post_excerpt":"","post_status":"publish","comment_status":"closed","ping_status":"closed","post_password":"","post_name":"josep-lligadas","to_ping":"","pinged":"","post_modified":"2022-07-28 17:28:48","post_modified_gmt":"2022-07-28 15:28:48","post_content_filtered":"","post_parent":0,"guid":"http:\/\/dev.claret.cat\/autor\/josep-lligadas\/","menu_order":0,"post_type":"autor","post_mime_type":"","comment_count":"0","filter":"raw"}],"autor":"LLIGADAS, JOSEP","codart":"847467490","libros-coleccion":"FORA DE COL.LECCI\u00d3","ediciones":"1","encuadernacion":"[Vac\u00edo]","fecha_de_publicacion":"01\/05\/1998","novedad":"0","paginas":"48","subtitulo":"","orden":"999","portada":"0","idioma":"spa","booktrailer":"","resenas":""},"aioseo_notices":[],"_links":{"self":[{"href":"https:\/\/www.claret.cat\/es\/wp-json\/wp\/v2\/product\/351938","targetHints":{"allow":["GET"]}}],"collection":[{"href":"https:\/\/www.claret.cat\/es\/wp-json\/wp\/v2\/product"}],"about":[{"href":"https:\/\/www.claret.cat\/es\/wp-json\/wp\/v2\/types\/product"}],"wp:featuredmedia":[{"embeddable":true,"href":"https:\/\/www.claret.cat\/es\/wp-json\/wp\/v2\/media\/351939"}],"wp:attachment":[{"href":"https:\/\/www.claret.cat\/es\/wp-json\/wp\/v2\/media?parent=351938"}],"wp:term":[{"taxonomy":"product_brand","embeddable":true,"href":"https:\/\/www.claret.cat\/es\/wp-json\/wp\/v2\/product_brand?post=351938"},{"taxonomy":"product_cat","embeddable":true,"href":"https:\/\/www.claret.cat\/es\/wp-json\/wp\/v2\/product_cat?post=351938"},{"taxonomy":"product_tag","embeddable":true,"href":"https:\/\/www.claret.cat\/es\/wp-json\/wp\/v2\/product_tag?post=351938"}],"curies":[{"name":"wp","href":"https:\/\/api.w.org\/{rel}","templated":true}]}}