{"id":352366,"date":"2023-01-14T12:50:52","date_gmt":"2023-01-14T11:50:52","guid":{"rendered":"https:\/\/www.claret.cat\/llibre\/que-es-ser-cristiano-9788474679496\/"},"modified":"2024-05-23T15:46:40","modified_gmt":"2024-05-23T13:46:40","slug":"que-es-ser-cristiano-9788474679496","status":"publish","type":"product","link":"https:\/\/www.claret.cat\/es\/libro\/que-es-ser-cristiano-9788474679496\/","title":{"rendered":"QU\u00c9 ES SER CRISTIANO"},"content":{"rendered":"<p>En el momentos actual, en el siglo XXI, \u00bfen qu\u00e9 debe consistir el seguimiento de Jes\u00fas, las actitudes y acuaci\u00f3n del cristiano, la oraci\u00f3n, la vida eclesial? Gaspar Mora nos lo presenta, en este libro, con profundidad y cercan\u00eda al mismo tiempo.<\/p>\n","protected":false},"excerpt":{"rendered":"<p>MORA BARTR\u00c9S, GASPAR<\/p>\n","protected":false},"featured_media":375678,"template":"","meta":{"_acf_changed":false,"om_disable_all_campaigns":false,"rs_blank_template":"","rs_page_bg_color":"","slide_template_v7":"","inline_featured_image":false,"_monsterinsights_skip_tracking":false,"_monsterinsights_sitenote_active":false,"_monsterinsights_sitenote_note":"","_monsterinsights_sitenote_category":0},"product_brand":[],"product_cat":[345,79],"product_tag":[],"class_list":{"0":"post-352366","1":"product","2":"type-product","3":"status-publish","4":"has-post-thumbnail","6":"product_cat-espiritualidad","7":"product_cat-espiritualitat","9":"first","10":"instock","11":"taxable","12":"shipping-taxable","13":"purchasable","14":"product-type-simple"},"acf":{"editorial":[{"ID":6156,"post_author":"3","post_date":"2022-07-28 17:46:05","post_date_gmt":"2022-07-28 15:46:05","post_content":"","post_title":"CENTRE DE PASTORAL LITURGICA","post_excerpt":"","post_status":"publish","comment_status":"closed","ping_status":"closed","post_password":"","post_name":"centre-de-pastoral-liturgica","to_ping":"","pinged":"","post_modified":"2022-07-28 17:46:05","post_modified_gmt":"2022-07-28 15:46:05","post_content_filtered":"","post_parent":0,"guid":"http:\/\/dev.claret.cat\/editorial\/centre-de-pastoral-liturgica\/","menu_order":0,"post_type":"editorial","post_mime_type":"","comment_count":"0","filter":"raw"}],"autores-libros":[{"ID":8335,"post_author":"3","post_date":"2022-09-30 09:47:48","post_date_gmt":"2022-09-30 07:47:48","post_content":"","post_title":"GASPAR MORA","post_excerpt":"","post_status":"publish","comment_status":"closed","ping_status":"closed","post_password":"","post_name":"gaspar-mora","to_ping":"","pinged":"","post_modified":"2022-09-30 09:47:48","post_modified_gmt":"2022-09-30 07:47:48","post_content_filtered":"","post_parent":0,"guid":"http:\/\/dev.claret.cat\/autor\/gaspar-mora\/","menu_order":0,"post_type":"autor","post_mime_type":"","comment_count":"0","filter":"raw"}],"autor":"MORA BARTR\u00c9S, GASPAR","codart":"847467949","libros-coleccion":"Ema\u00fas","ediciones":"1","encuadernacion":"R\u00fastica","fecha_de_publicacion":"01\/01\/2004","novedad":"0","paginas":"89","subtitulo":"","orden":"999","portada":"0","idioma":"spa"},"aioseo_notices":[],"_links":{"self":[{"href":"https:\/\/www.claret.cat\/es\/wp-json\/wp\/v2\/product\/352366","targetHints":{"allow":["GET"]}}],"collection":[{"href":"https:\/\/www.claret.cat\/es\/wp-json\/wp\/v2\/product"}],"about":[{"href":"https:\/\/www.claret.cat\/es\/wp-json\/wp\/v2\/types\/product"}],"wp:featuredmedia":[{"embeddable":true,"href":"https:\/\/www.claret.cat\/es\/wp-json\/wp\/v2\/media\/375678"}],"wp:attachment":[{"href":"https:\/\/www.claret.cat\/es\/wp-json\/wp\/v2\/media?parent=352366"}],"wp:term":[{"taxonomy":"product_brand","embeddable":true,"href":"https:\/\/www.claret.cat\/es\/wp-json\/wp\/v2\/product_brand?post=352366"},{"taxonomy":"product_cat","embeddable":true,"href":"https:\/\/www.claret.cat\/es\/wp-json\/wp\/v2\/product_cat?post=352366"},{"taxonomy":"product_tag","embeddable":true,"href":"https:\/\/www.claret.cat\/es\/wp-json\/wp\/v2\/product_tag?post=352366"}],"curies":[{"name":"wp","href":"https:\/\/api.w.org\/{rel}","templated":true}]}}