{"id":35258,"date":"2022-10-02T18:00:47","date_gmt":"2022-10-02T16:00:47","guid":{"rendered":"http:\/\/dev.claret.cat\/producte\/contra-la-melancolia\/"},"modified":"2024-05-24T06:17:57","modified_gmt":"2024-05-24T04:17:57","slug":"contra-la-melancolia-9788430121250","status":"publish","type":"product","link":"https:\/\/www.claret.cat\/es\/libro\/contra-la-melancolia-9788430121250\/","title":{"rendered":"CONTRA LA MELANCOL\u00cdA"},"content":{"rendered":"<p>Contra la melancol\u00eda recoge algunas de las conmovedoras historias de nueve rabinos tan singulares como Pinj\u00e1s de Koretz, Baruj de Medzebozh o el Vidente de Lublin. A trav\u00e9s de sus relatos, Elie Wiesel invita a descubrir el misterioso nacimiento de la esperanza en el pueblo jud\u00edo cuando, parad\u00f3jicamente, las circunstancias hist\u00f3ricas invitan a sumirse en el abandono y la  desesperanza. Cada maestro utiliza su mejor cualidad contra esta melancol\u00eda mortal: la compasi\u00f3n, el fervor, la c\u00f3lera, el silencio, la risa&#8230;  Pero \u00bfser\u00e1 suficiente? Bastar\u00e1 con esperar apenas un siglo, cuando este mismo pueblo sea reunido en los campos de concentraci\u00f3n, para conocer parte de la respuesta.    AUTOR:  Elie Wiesel (1928-2016) es un reconocido escritor. Superviviente de los campos de concentraci\u00f3n nazis, dedic\u00f3 su vida a trabajar en favor de la concordia. En 1986 recibi\u00f3 el premio Nobel de la paz.  Entre sus numerosas obras cabe destacar: La noche (1958), El alba (1960), El d\u00eda (1961), novelas que integran su \u00abTrilog\u00eda de la noche\u00bb; Celebraci\u00f3n jas\u00eddica (1972) y Celebraci\u00f3n prof\u00e9tica (1998).<\/p>\n","protected":false},"excerpt":{"rendered":"<p>WIESEL, ELIE<\/p>\n","protected":false},"featured_media":342429,"template":"","meta":{"_acf_changed":false,"om_disable_all_campaigns":false,"rs_blank_template":"","rs_page_bg_color":"","slide_template_v7":"","inline_featured_image":false,"_monsterinsights_skip_tracking":false,"_monsterinsights_sitenote_active":false,"_monsterinsights_sitenote_note":"","_monsterinsights_sitenote_category":0},"product_brand":[],"product_cat":[337],"product_tag":[],"class_list":{"0":"post-35258","1":"product","2":"type-product","3":"status-publish","4":"has-post-thumbnail","6":"product_cat-novetats-tenda","8":"first","9":"instock","10":"taxable","11":"shipping-taxable","12":"purchasable","13":"product-type-simple"},"acf":{"autor":"WIESEL, ELIE","codart":"843012125","libros-coleccion":"PESO DE LOS DIAS, EL","ediciones":"1","encuadernacion":"R\u00fastica","fecha_de_publicacion":"07\/09\/2022","novedad":"1","paginas":"256","subtitulo":"SEGUNDA CELEBRACI\u00d3N JAS\u00cdDICA","orden":"0","portada":"0","idioma":"spa","editorial":[{"ID":6364,"post_author":"3","post_date":"2022-07-28 17:50:36","post_date_gmt":"2022-07-28 15:50:36","post_content":"","post_title":"S\u00edgueme","post_excerpt":"","post_status":"publish","comment_status":"closed","ping_status":"closed","post_password":"","post_name":"sigueme","to_ping":"","pinged":"","post_modified":"2022-07-28 17:50:36","post_modified_gmt":"2022-07-28 15:50:36","post_content_filtered":"","post_parent":0,"guid":"http:\/\/dev.claret.cat\/editorial\/sigueme\/","menu_order":0,"post_type":"editorial","post_mime_type":"","comment_count":"0","filter":"raw"}],"autores-libros":[{"ID":154781,"post_author":"3","post_date":"2022-10-14 15:07:35","post_date_gmt":"2022-10-14 13:07:35","post_content":"","post_title":"ELIE WIESEL","post_excerpt":"","post_status":"publish","comment_status":"closed","ping_status":"closed","post_password":"","post_name":"elie-wiesel","to_ping":"","pinged":"","post_modified":"2022-10-14 15:07:35","post_modified_gmt":"2022-10-14 13:07:35","post_content_filtered":"","post_parent":0,"guid":"http:\/\/dev.claret.cat\/autor\/elie-wiesel\/","menu_order":0,"post_type":"autor","post_mime_type":"","comment_count":"0","filter":"raw"}]},"aioseo_notices":[],"_links":{"self":[{"href":"https:\/\/www.claret.cat\/es\/wp-json\/wp\/v2\/product\/35258","targetHints":{"allow":["GET"]}}],"collection":[{"href":"https:\/\/www.claret.cat\/es\/wp-json\/wp\/v2\/product"}],"about":[{"href":"https:\/\/www.claret.cat\/es\/wp-json\/wp\/v2\/types\/product"}],"wp:featuredmedia":[{"embeddable":true,"href":"https:\/\/www.claret.cat\/es\/wp-json\/wp\/v2\/media\/342429"}],"wp:attachment":[{"href":"https:\/\/www.claret.cat\/es\/wp-json\/wp\/v2\/media?parent=35258"}],"wp:term":[{"taxonomy":"product_brand","embeddable":true,"href":"https:\/\/www.claret.cat\/es\/wp-json\/wp\/v2\/product_brand?post=35258"},{"taxonomy":"product_cat","embeddable":true,"href":"https:\/\/www.claret.cat\/es\/wp-json\/wp\/v2\/product_cat?post=35258"},{"taxonomy":"product_tag","embeddable":true,"href":"https:\/\/www.claret.cat\/es\/wp-json\/wp\/v2\/product_tag?post=35258"}],"curies":[{"name":"wp","href":"https:\/\/api.w.org\/{rel}","templated":true}]}}