{"id":35264,"date":"2022-10-02T18:00:51","date_gmt":"2022-10-02T16:00:51","guid":{"rendered":"http:\/\/dev.claret.cat\/producte\/la-necesidad-del-consejo\/"},"modified":"2026-04-17T16:50:09","modified_gmt":"2026-04-17T14:50:09","slug":"la-necesidad-del-consejo-9788430121342","status":"publish","type":"product","link":"https:\/\/www.claret.cat\/es\/libro\/la-necesidad-del-consejo-9788430121342\/","title":{"rendered":"LA NECESIDAD DEL CONSEJO"},"content":{"rendered":"<p>Entre los siglos IV y VI tuvo lugar un importante florecimiento del monacato primitivo en Palestina. Su principal legado ha consistido en proponer una forma pr\u00e1ctica de seguir a Jes\u00fas, que puede ser compartida indistintamente por monjes, cl\u00e9rigos y laicos.  A fin de aprender a poner en pr\u00e1ctica la voluntad de Dios y renunciar a la propia voluntad, esencialmente ego\u00edsta, el creyente ha de asumir que necesita una relaci\u00f3n de acompa\u00f1amiento espiritual. Los directores, con sus indudables limitaciones, se convierten entonces en int\u00e9rpretes del Se\u00f1or y compa\u00f1eros de camino en el camino hacia la perfecci\u00f3n.  El lector se adentra en un mundo y una forma de vida espiritual que, parad\u00f3jicamente, conservan una asombrosa actualidad y aportan nueva luz en el seguimiento seguro de Cristo.    AUTOR:  Lorenzo Perrone (Ottone \/ Italia, 1946) ha dedicado su vida a la docencia y a la investigaci\u00f3n en el \u00e1rea de la Historia del cristianismo antiguo y en Literatura del cristianismo primitivo.  Profesor adjunto en la Universidad Cat\u00f3lica del Sagrado Coraz\u00f3n (Mil\u00e1n), ha ense\u00f1ado en la Universidad de Pisa y en la Universidad de Bo<\/p>\n","protected":false},"excerpt":{"rendered":"<p>PERRONE, LORENZO<\/p>\n","protected":false},"featured_media":398489,"template":"","meta":{"_acf_changed":false,"om_disable_all_campaigns":false,"rs_blank_template":"","rs_page_bg_color":"","slide_template_v7":"","inline_featured_image":false,"_monsterinsights_skip_tracking":false,"_monsterinsights_sitenote_active":false,"_monsterinsights_sitenote_note":"","_monsterinsights_sitenote_category":0},"product_brand":[],"product_cat":[337],"product_tag":[],"class_list":{"0":"post-35264","1":"product","2":"type-product","3":"status-publish","4":"has-post-thumbnail","6":"product_cat-novetats-tenda","8":"first","9":"instock","10":"taxable","11":"shipping-taxable","12":"purchasable","13":"product-type-simple"},"acf":{"autor":"PERRONE, LORENZO","codart":"843012134","libros-coleccion":"ICTHYS","ediciones":"1","encuadernacion":"R\u00fastica","fecha_de_publicacion":"07\/09\/2022","novedad":"1","paginas":"160","subtitulo":"EL MONACATO DE GAZA Y EL ACOMPA\u00d1AMIENTO ESPIRITUAL","orden":"0","portada":"0","idioma":"spa","editorial":[{"ID":6364,"post_author":"3","post_date":"2022-07-28 17:50:36","post_date_gmt":"2022-07-28 15:50:36","post_content":"","post_title":"S\u00edgueme","post_excerpt":"","post_status":"publish","comment_status":"closed","ping_status":"closed","post_password":"","post_name":"sigueme","to_ping":"","pinged":"","post_modified":"2022-07-28 17:50:36","post_modified_gmt":"2022-07-28 15:50:36","post_content_filtered":"","post_parent":0,"guid":"http:\/\/dev.claret.cat\/editorial\/sigueme\/","menu_order":0,"post_type":"editorial","post_mime_type":"","comment_count":"0","filter":"raw"}],"autores-libros":[{"ID":162484,"post_author":"3","post_date":"2022-10-14 17:31:23","post_date_gmt":"2022-10-14 15:31:23","post_content":"","post_title":"LORENZO PERRONE","post_excerpt":"","post_status":"publish","comment_status":"closed","ping_status":"closed","post_password":"","post_name":"lorenzo-perrone","to_ping":"","pinged":"","post_modified":"2022-10-14 17:31:23","post_modified_gmt":"2022-10-14 15:31:23","post_content_filtered":"","post_parent":0,"guid":"http:\/\/dev.claret.cat\/autor\/lorenzo-perrone\/","menu_order":0,"post_type":"autor","post_mime_type":"","comment_count":"0","filter":"raw"}],"booktrailer":"","resenas":""},"aioseo_notices":[],"_links":{"self":[{"href":"https:\/\/www.claret.cat\/es\/wp-json\/wp\/v2\/product\/35264","targetHints":{"allow":["GET"]}}],"collection":[{"href":"https:\/\/www.claret.cat\/es\/wp-json\/wp\/v2\/product"}],"about":[{"href":"https:\/\/www.claret.cat\/es\/wp-json\/wp\/v2\/types\/product"}],"wp:featuredmedia":[{"embeddable":true,"href":"https:\/\/www.claret.cat\/es\/wp-json\/wp\/v2\/media\/398489"}],"wp:attachment":[{"href":"https:\/\/www.claret.cat\/es\/wp-json\/wp\/v2\/media?parent=35264"}],"wp:term":[{"taxonomy":"product_brand","embeddable":true,"href":"https:\/\/www.claret.cat\/es\/wp-json\/wp\/v2\/product_brand?post=35264"},{"taxonomy":"product_cat","embeddable":true,"href":"https:\/\/www.claret.cat\/es\/wp-json\/wp\/v2\/product_cat?post=35264"},{"taxonomy":"product_tag","embeddable":true,"href":"https:\/\/www.claret.cat\/es\/wp-json\/wp\/v2\/product_tag?post=35264"}],"curies":[{"name":"wp","href":"https:\/\/api.w.org\/{rel}","templated":true}]}}