{"id":352754,"date":"2023-01-14T13:32:05","date_gmt":"2023-01-14T12:32:05","guid":{"rendered":"https:\/\/www.claret.cat\/llibre\/obras-completas-de-san-juan-de-la-cruz-9788479140489\/"},"modified":"2026-03-05T11:05:09","modified_gmt":"2026-03-05T10:05:09","slug":"obras-completas-de-san-juan-de-la-cruz-9788479140489","status":"publish","type":"product","link":"https:\/\/www.claret.cat\/es\/libro\/obras-completas-de-san-juan-de-la-cruz-9788479140489\/","title":{"rendered":"OBRAS COMPLETAS DE SAN JUAN DE LA CRUZ"},"content":{"rendered":"<p>San Juan de la Cruz alcanz\u00f3, junto con Santa Teresa de Jes\u00fas, las cumbres m\u00e1s altas de la experiencia m\u00edstica cristiana. Su magisterio espiritual es tan grande y valioso que fue proclamado Doctor de la Iglesia. Su obra escrita se ha conservado y transmitido secularmente como un tesoro, por su doble valor literario y espiritual. Esta edici\u00f3n, que ya ha alcanzado numerosas impresiones, recoge la totalidad de la obra del m\u00edstico doctor. Cada escrito viene ampliamente introducido. Es importante el estudio preliminar que inicia el volumen, dedicado a la persona y a la obra del santo maestro y centrado en su permanente actualidad y en las claves hist\u00f3ricas, literarias, metodol\u00f3gicas, antropol\u00f3gicas y teol\u00f3gicas para su comprensi\u00f3n.<\/p>\n","protected":false},"excerpt":{"rendered":"<p>JUAN DE LA CRUZ<\/p>\n","protected":false},"featured_media":352755,"template":"","meta":{"_acf_changed":false,"om_disable_all_campaigns":false,"rs_blank_template":"","rs_page_bg_color":"","slide_template_v7":"","inline_featured_image":false,"_monsterinsights_skip_tracking":false,"_monsterinsights_sitenote_active":false,"_monsterinsights_sitenote_note":"","_monsterinsights_sitenote_category":0},"product_brand":[],"product_cat":[345,79,344,78,95,545],"product_tag":[],"class_list":{"0":"post-352754","1":"product","2":"type-product","3":"status-publish","4":"has-post-thumbnail","6":"product_cat-espiritualidad","7":"product_cat-espiritualitat","8":"product_cat-pastoral-1_espiritualidad","9":"product_cat-pastoral","10":"product_cat-santoral","11":"product_cat-santoral-1_espiritualidad-spa","13":"first","14":"instock","15":"taxable","16":"shipping-taxable","17":"purchasable","18":"product-type-simple"},"acf":{"editorial":[{"ID":261859,"post_author":"3","post_date":"2022-10-24 11:16:46","post_date_gmt":"2022-10-24 09:16:46","post_content":"","post_title":"Biblioteca de Autores Cristianos","post_excerpt":"","post_status":"publish","comment_status":"closed","ping_status":"closed","post_password":"","post_name":"biblioteca-de-autores-cristianos","to_ping":"","pinged":"","post_modified":"2022-10-24 11:16:46","post_modified_gmt":"2022-10-24 09:16:46","post_content_filtered":"","post_parent":0,"guid":"http:\/\/dev.claret.cat\/editorial\/biblioteca-de-autores-cristianos\/","menu_order":0,"post_type":"editorial","post_mime_type":"","comment_count":"0","filter":"raw"}],"autores-libros":[{"ID":168922,"post_author":"3","post_date":"2022-10-14 22:23:02","post_date_gmt":"2022-10-14 20:23:02","post_content":"","post_title":"SAN JUAN DE LA CRUZ","post_excerpt":"","post_status":"publish","comment_status":"closed","ping_status":"closed","post_password":"","post_name":"san-juan-de-la-cruz-2","to_ping":"","pinged":"","post_modified":"2022-10-14 22:23:02","post_modified_gmt":"2022-10-14 20:23:02","post_content_filtered":"","post_parent":0,"guid":"http:\/\/dev.claret.cat\/autor\/san-juan-de-la-cruz-2\/","menu_order":0,"post_type":"autor","post_mime_type":"","comment_count":"0","filter":"raw"}],"autor":"JUAN DE LA CRUZ","codart":"847914048","libros-coleccion":"NORMAL","ediciones":"2","encuadernacion":"Carton\u00e9","fecha_de_publicacion":"01\/03\/2026","novedad":"0","paginas":"1149","subtitulo":"","orden":"999","portada":"0","idioma":"spa","booktrailer":"","resenas":""},"aioseo_notices":[],"_links":{"self":[{"href":"https:\/\/www.claret.cat\/es\/wp-json\/wp\/v2\/product\/352754","targetHints":{"allow":["GET"]}}],"collection":[{"href":"https:\/\/www.claret.cat\/es\/wp-json\/wp\/v2\/product"}],"about":[{"href":"https:\/\/www.claret.cat\/es\/wp-json\/wp\/v2\/types\/product"}],"wp:featuredmedia":[{"embeddable":true,"href":"https:\/\/www.claret.cat\/es\/wp-json\/wp\/v2\/media\/352755"}],"wp:attachment":[{"href":"https:\/\/www.claret.cat\/es\/wp-json\/wp\/v2\/media?parent=352754"}],"wp:term":[{"taxonomy":"product_brand","embeddable":true,"href":"https:\/\/www.claret.cat\/es\/wp-json\/wp\/v2\/product_brand?post=352754"},{"taxonomy":"product_cat","embeddable":true,"href":"https:\/\/www.claret.cat\/es\/wp-json\/wp\/v2\/product_cat?post=352754"},{"taxonomy":"product_tag","embeddable":true,"href":"https:\/\/www.claret.cat\/es\/wp-json\/wp\/v2\/product_tag?post=352754"}],"curies":[{"name":"wp","href":"https:\/\/api.w.org\/{rel}","templated":true}]}}