{"id":352813,"date":"2023-01-14T13:40:48","date_gmt":"2023-01-14T12:40:48","guid":{"rendered":"https:\/\/www.claret.cat\/llibre\/todos-los-santos-9788479148720\/"},"modified":"2026-01-05T13:30:48","modified_gmt":"2026-01-05T12:30:48","slug":"todos-los-santos-9788479148720","status":"publish","type":"product","link":"https:\/\/www.claret.cat\/es\/libro\/todos-los-santos-9788479148720\/","title":{"rendered":"TODOS LOS SANTOS"},"content":{"rendered":"<p>La idea de hacer este libro surgi\u00f3 cuando se public\u00f3 un nuevo &#8216;Martyrologium Romanum&#8217;, en el que se incluyeron las memorias no solamente de los santos sino tambi\u00e9n de los beatos, y se hizo una cuidada selecci\u00f3n de todos los que merecen el t\u00edtulo de tales, teniendo en cuenta como criterio muy b\u00e1sico su historicidad, seg\u00fan hab\u00eda determinado el Concilio Vaticano II, incluyendo numerosos santos y beatos que, no teniendo anteriormente memoria en el Martirologio, son venerados en las distintas iglesias diocesanas o comunidades religiosas. <br \/>Este libro pretende poner al alcance del lector medio una breve semblanza biogr\u00e1fica, o los datos m\u00e1s esenciales, de esos santos y beatos cuyos nombres est\u00e1n registrados en dicho &#8216;Martyrologium Romanum&#8217;, en su segunda edici\u00f3n del a\u00f1o 2004. Quien repase el citado &#8216;Martyrologium&#8217; puede acudir a este diccionario y buscar cualquier santo o beato registrado en \u00e9l.<\/p>\n","protected":false},"excerpt":{"rendered":"<p>REPETTO, JOS\u00c9 LUIS<\/p>\n","protected":false},"featured_media":352814,"template":"","meta":{"_acf_changed":false,"om_disable_all_campaigns":false,"rs_blank_template":"","rs_page_bg_color":"","slide_template_v7":"","inline_featured_image":false,"_monsterinsights_skip_tracking":false,"_monsterinsights_sitenote_active":false,"_monsterinsights_sitenote_note":"","_monsterinsights_sitenote_category":0},"product_brand":[],"product_cat":[549,99,95,545],"product_tag":[],"class_list":{"0":"post-352813","1":"product","2":"type-product","3":"status-publish","4":"has-post-thumbnail","6":"product_cat-biografias","7":"product_cat-biografies","8":"product_cat-santoral","9":"product_cat-santoral-1_espiritualidad-spa","11":"first","12":"instock","13":"taxable","14":"shipping-taxable","15":"purchasable","16":"product-type-simple"},"acf":{"editorial":[{"ID":6139,"post_author":"3","post_date":"2022-07-28 17:45:43","post_date_gmt":"2022-07-28 15:45:43","post_content":"","post_title":"BAC","post_excerpt":"","post_status":"publish","comment_status":"closed","ping_status":"closed","post_password":"","post_name":"bac","to_ping":"","pinged":"","post_modified":"2022-07-28 17:45:43","post_modified_gmt":"2022-07-28 15:45:43","post_content_filtered":"","post_parent":0,"guid":"http:\/\/dev.claret.cat\/editorial\/bac\/","menu_order":0,"post_type":"editorial","post_mime_type":"","comment_count":"0","filter":"raw"}],"autores-libros":[{"ID":160361,"post_author":"3","post_date":"2022-10-14 15:52:27","post_date_gmt":"2022-10-14 13:52:27","post_content":"","post_title":"JOSE LUIS REPETTO","post_excerpt":"","post_status":"publish","comment_status":"closed","ping_status":"closed","post_password":"","post_name":"jose-luis-repetto","to_ping":"","pinged":"","post_modified":"2022-10-14 15:52:27","post_modified_gmt":"2022-10-14 13:52:27","post_content_filtered":"","post_parent":0,"guid":"http:\/\/dev.claret.cat\/autor\/jose-luis-repetto\/","menu_order":0,"post_type":"autor","post_mime_type":"","comment_count":"0","filter":"raw"}],"autor":"REPETTO, JOS\u00c9 LUIS","codart":"847914872","libros-coleccion":"B.A.C. maior","ediciones":"1","encuadernacion":"Tela","fecha_de_publicacion":"22\/10\/2007","novedad":"0","paginas":"855","subtitulo":"SANTOS Y BEATOS DEL MARTIROLOGIO ROMANO","orden":"999","portada":"0","idioma":"spa","booktrailer":"","resenas":""},"aioseo_notices":[],"_links":{"self":[{"href":"https:\/\/www.claret.cat\/es\/wp-json\/wp\/v2\/product\/352813","targetHints":{"allow":["GET"]}}],"collection":[{"href":"https:\/\/www.claret.cat\/es\/wp-json\/wp\/v2\/product"}],"about":[{"href":"https:\/\/www.claret.cat\/es\/wp-json\/wp\/v2\/types\/product"}],"wp:featuredmedia":[{"embeddable":true,"href":"https:\/\/www.claret.cat\/es\/wp-json\/wp\/v2\/media\/352814"}],"wp:attachment":[{"href":"https:\/\/www.claret.cat\/es\/wp-json\/wp\/v2\/media?parent=352813"}],"wp:term":[{"taxonomy":"product_brand","embeddable":true,"href":"https:\/\/www.claret.cat\/es\/wp-json\/wp\/v2\/product_brand?post=352813"},{"taxonomy":"product_cat","embeddable":true,"href":"https:\/\/www.claret.cat\/es\/wp-json\/wp\/v2\/product_cat?post=352813"},{"taxonomy":"product_tag","embeddable":true,"href":"https:\/\/www.claret.cat\/es\/wp-json\/wp\/v2\/product_tag?post=352813"}],"curies":[{"name":"wp","href":"https:\/\/api.w.org\/{rel}","templated":true}]}}