{"id":352856,"date":"2023-01-14T13:47:49","date_gmt":"2023-01-14T12:47:49","guid":{"rendered":"https:\/\/www.claret.cat\/llibre\/celibato-por-el-reino-carisma-y-profecia-9788479662592\/"},"modified":"2024-05-23T15:00:54","modified_gmt":"2024-05-23T13:00:54","slug":"celibato-por-el-reino-carisma-y-profecia-9788479662592","status":"publish","type":"product","link":"https:\/\/www.claret.cat\/es\/libro\/celibato-por-el-reino-carisma-y-profecia-9788479662592\/","title":{"rendered":"CELIBATO POR EL REINO: CARISMA Y PROFEC\u00cdA"},"content":{"rendered":"<p>La sospecha social y las denuncias por esc\u00e1ndalos sexuales, que llenan los medios de comunicaci\u00f3n, parecen ocultar la grandeza de esta forma de vida en la Iglesia. Celibato no equivale a continencia; \u00e9sta es su consecuencia. El celibato es una de las formas de vivir el amor a semejanza de Jes\u00fas. Este libro analiza los cambios culturales y antropol\u00f3gicos sobre el amor y la sexualidad, de cara a entender hoy un estilo vital de siempre.<\/p>\n","protected":false},"excerpt":{"rendered":"<p>FERNANDEZ, BONIFACIO<\/p>\n","protected":false},"featured_media":352857,"template":"","meta":{"_acf_changed":false,"om_disable_all_campaigns":false,"rs_blank_template":"","rs_page_bg_color":"","slide_template_v7":"","inline_featured_image":false,"_monsterinsights_skip_tracking":false,"_monsterinsights_sitenote_active":false,"_monsterinsights_sitenote_note":"","_monsterinsights_sitenote_category":0},"product_brand":[],"product_cat":[90,540],"product_tag":[],"class_list":{"0":"post-352856","1":"product","2":"type-product","3":"status-publish","4":"has-post-thumbnail","6":"product_cat-altres","7":"product_cat-otros","9":"first","10":"instock","11":"taxable","12":"shipping-taxable","13":"purchasable","14":"product-type-simple"},"acf":{"editorial":[{"ID":6337,"post_author":"3","post_date":"2022-07-28 17:50:01","post_date_gmt":"2022-07-28 15:50:01","post_content":"","post_title":"Publicaciones Claretianas","post_excerpt":"","post_status":"publish","comment_status":"closed","ping_status":"closed","post_password":"","post_name":"publicaciones-claretianas","to_ping":"","pinged":"","post_modified":"2022-07-28 17:50:01","post_modified_gmt":"2022-07-28 15:50:01","post_content_filtered":"","post_parent":0,"guid":"http:\/\/dev.claret.cat\/editorial\/publicaciones-claretianas\/","menu_order":0,"post_type":"editorial","post_mime_type":"","comment_count":"0","filter":"raw"}],"autores-libros":[{"ID":352855,"post_author":"3","post_date":"2023-01-14 13:47:46","post_date_gmt":"2023-01-14 12:47:46","post_content":"","post_title":"BONIFACIO FERNANDEZ","post_excerpt":"","post_status":"publish","comment_status":"closed","ping_status":"closed","post_password":"","post_name":"bonifacio-fernandez","to_ping":"","pinged":"","post_modified":"2023-01-14 13:47:46","post_modified_gmt":"2023-01-14 12:47:46","post_content_filtered":"","post_parent":0,"guid":"https:\/\/www.claret.cat\/autor\/bonifacio-fernandez\/","menu_order":0,"post_type":"autor","post_mime_type":"","comment_count":"0","filter":"raw"}],"autor":"FERNANDEZ, BONIFACIO","codart":"847966259","libros-coleccion":"FORA DE COL.LECCI\u00d3","ediciones":"1","encuadernacion":"[Vac\u00edo]","fecha_de_publicacion":"01\/06\/2003","novedad":"0","paginas":"390","subtitulo":"","orden":"999","portada":"0","idioma":"spa"},"aioseo_notices":[],"_links":{"self":[{"href":"https:\/\/www.claret.cat\/es\/wp-json\/wp\/v2\/product\/352856","targetHints":{"allow":["GET"]}}],"collection":[{"href":"https:\/\/www.claret.cat\/es\/wp-json\/wp\/v2\/product"}],"about":[{"href":"https:\/\/www.claret.cat\/es\/wp-json\/wp\/v2\/types\/product"}],"wp:featuredmedia":[{"embeddable":true,"href":"https:\/\/www.claret.cat\/es\/wp-json\/wp\/v2\/media\/352857"}],"wp:attachment":[{"href":"https:\/\/www.claret.cat\/es\/wp-json\/wp\/v2\/media?parent=352856"}],"wp:term":[{"taxonomy":"product_brand","embeddable":true,"href":"https:\/\/www.claret.cat\/es\/wp-json\/wp\/v2\/product_brand?post=352856"},{"taxonomy":"product_cat","embeddable":true,"href":"https:\/\/www.claret.cat\/es\/wp-json\/wp\/v2\/product_cat?post=352856"},{"taxonomy":"product_tag","embeddable":true,"href":"https:\/\/www.claret.cat\/es\/wp-json\/wp\/v2\/product_tag?post=352856"}],"curies":[{"name":"wp","href":"https:\/\/api.w.org\/{rel}","templated":true}]}}