{"id":352860,"date":"2023-01-14T13:48:04","date_gmt":"2023-01-14T12:48:04","guid":{"rendered":"https:\/\/www.claret.cat\/llibre\/pobres-en-un-mundo-global-9788479662660\/"},"modified":"2024-05-23T15:01:26","modified_gmt":"2024-05-23T13:01:26","slug":"pobres-en-un-mundo-global-9788479662660","status":"publish","type":"product","link":"https:\/\/www.claret.cat\/es\/libro\/pobres-en-un-mundo-global-9788479662660\/","title":{"rendered":"POBRES EN UN MUNDO GLOBAL"},"content":{"rendered":"<p>Este libro ofrece una reflexi\u00f3n multidisciplinar y profunda en torno a la cuesti\u00f3n de la pobreza y la solidaridad, vistas desde la \u00f3ptica del reino y de la vida consagrada. Una llamada a la profec\u00eda de la solidaridad. Reflexiones ricas, actuales y sugerentes, que ayudan a la renovaci\u00f3n de muchos institutos de vida consagrada Una aportaci\u00f3n que ilumina e invita a todos a seguir haciendo de la vida consagrada una alternativa de vida seg\u00fan el esp\u00edritu de las bienaventuranzas.<\/p>\n","protected":false},"excerpt":{"rendered":"<p>FERNANDEZ, BONIFACIO<\/p>\n","protected":false},"featured_media":352861,"template":"","meta":{"_acf_changed":false,"om_disable_all_campaigns":false,"rs_blank_template":"","rs_page_bg_color":"","slide_template_v7":"","inline_featured_image":false,"_monsterinsights_skip_tracking":false,"_monsterinsights_sitenote_active":false,"_monsterinsights_sitenote_note":"","_monsterinsights_sitenote_category":0},"product_brand":[],"product_cat":[90,540],"product_tag":[],"class_list":{"0":"post-352860","1":"product","2":"type-product","3":"status-publish","4":"has-post-thumbnail","6":"product_cat-altres","7":"product_cat-otros","9":"first","10":"instock","11":"taxable","12":"shipping-taxable","13":"purchasable","14":"product-type-simple"},"acf":{"editorial":[{"ID":6337,"post_author":"3","post_date":"2022-07-28 17:50:01","post_date_gmt":"2022-07-28 15:50:01","post_content":"","post_title":"Publicaciones Claretianas","post_excerpt":"","post_status":"publish","comment_status":"closed","ping_status":"closed","post_password":"","post_name":"publicaciones-claretianas","to_ping":"","pinged":"","post_modified":"2022-07-28 17:50:01","post_modified_gmt":"2022-07-28 15:50:01","post_content_filtered":"","post_parent":0,"guid":"http:\/\/dev.claret.cat\/editorial\/publicaciones-claretianas\/","menu_order":0,"post_type":"editorial","post_mime_type":"","comment_count":"0","filter":"raw"}],"autores-libros":[{"ID":352855,"post_author":"3","post_date":"2023-01-14 13:47:46","post_date_gmt":"2023-01-14 12:47:46","post_content":"","post_title":"BONIFACIO FERNANDEZ","post_excerpt":"","post_status":"publish","comment_status":"closed","ping_status":"closed","post_password":"","post_name":"bonifacio-fernandez","to_ping":"","pinged":"","post_modified":"2023-01-14 13:47:46","post_modified_gmt":"2023-01-14 12:47:46","post_content_filtered":"","post_parent":0,"guid":"https:\/\/www.claret.cat\/autor\/bonifacio-fernandez\/","menu_order":0,"post_type":"autor","post_mime_type":"","comment_count":"0","filter":"raw"}],"autor":"FERNANDEZ, BONIFACIO","codart":"847966266","libros-coleccion":"FORA DE COL.LECCI\u00d3","ediciones":"1","encuadernacion":"[Vac\u00edo]","fecha_de_publicacion":"01\/05\/2004","novedad":"0","paginas":"306","subtitulo":"","orden":"999","portada":"0","idioma":"spa"},"aioseo_notices":[],"_links":{"self":[{"href":"https:\/\/www.claret.cat\/es\/wp-json\/wp\/v2\/product\/352860","targetHints":{"allow":["GET"]}}],"collection":[{"href":"https:\/\/www.claret.cat\/es\/wp-json\/wp\/v2\/product"}],"about":[{"href":"https:\/\/www.claret.cat\/es\/wp-json\/wp\/v2\/types\/product"}],"wp:featuredmedia":[{"embeddable":true,"href":"https:\/\/www.claret.cat\/es\/wp-json\/wp\/v2\/media\/352861"}],"wp:attachment":[{"href":"https:\/\/www.claret.cat\/es\/wp-json\/wp\/v2\/media?parent=352860"}],"wp:term":[{"taxonomy":"product_brand","embeddable":true,"href":"https:\/\/www.claret.cat\/es\/wp-json\/wp\/v2\/product_brand?post=352860"},{"taxonomy":"product_cat","embeddable":true,"href":"https:\/\/www.claret.cat\/es\/wp-json\/wp\/v2\/product_cat?post=352860"},{"taxonomy":"product_tag","embeddable":true,"href":"https:\/\/www.claret.cat\/es\/wp-json\/wp\/v2\/product_tag?post=352860"}],"curies":[{"name":"wp","href":"https:\/\/api.w.org\/{rel}","templated":true}]}}