{"id":352865,"date":"2023-01-14T13:48:21","date_gmt":"2023-01-14T12:48:21","guid":{"rendered":"https:\/\/www.claret.cat\/llibre\/adonde-el-senor-nos-lleve-9788479662738\/"},"modified":"2024-05-23T14:59:39","modified_gmt":"2024-05-23T12:59:39","slug":"adonde-el-senor-nos-lleve-9788479662738","status":"publish","type":"product","link":"https:\/\/www.claret.cat\/es\/libro\/adonde-el-senor-nos-lleve-9788479662738\/","title":{"rendered":"ADONDE EL SE\u00d1OR NOS LLEVE"},"content":{"rendered":"<p>Adonde el Se\u00f1or nos Ileve, como nave de vela impulsada por el viento del Esp\u00edritu. En cualquier lugar, la vida consagrada mira al futuro con la misma ilusi\u00f3n de siempre, aceptando los retos que le salen al paso, venciendo las dificultades y, sobre todo, confiando en el Se\u00f1or.Este libro quiere ofrecer una visi\u00f3n global de la vida consagrada. Desde diversas latitudes, sus cualificados autores, nos ofrecen una panor\u00e1mica actual de esta forma de vida.<\/p>\n","protected":false},"excerpt":{"rendered":"<p>PRADO AYUSO, FERNANDO<\/p>\n","protected":false},"featured_media":352866,"template":"","meta":{"_acf_changed":false,"om_disable_all_campaigns":false,"rs_blank_template":"","rs_page_bg_color":"","slide_template_v7":"","inline_featured_image":false,"_monsterinsights_skip_tracking":false,"_monsterinsights_sitenote_active":false,"_monsterinsights_sitenote_note":"","_monsterinsights_sitenote_category":0},"product_brand":[],"product_cat":[90,540],"product_tag":[],"class_list":{"0":"post-352865","1":"product","2":"type-product","3":"status-publish","4":"has-post-thumbnail","6":"product_cat-altres","7":"product_cat-otros","9":"first","10":"instock","11":"taxable","12":"shipping-taxable","13":"purchasable","14":"product-type-simple"},"acf":{"editorial":[{"ID":6337,"post_author":"3","post_date":"2022-07-28 17:50:01","post_date_gmt":"2022-07-28 15:50:01","post_content":"","post_title":"Publicaciones Claretianas","post_excerpt":"","post_status":"publish","comment_status":"closed","ping_status":"closed","post_password":"","post_name":"publicaciones-claretianas","to_ping":"","pinged":"","post_modified":"2022-07-28 17:50:01","post_modified_gmt":"2022-07-28 15:50:01","post_content_filtered":"","post_parent":0,"guid":"http:\/\/dev.claret.cat\/editorial\/publicaciones-claretianas\/","menu_order":0,"post_type":"editorial","post_mime_type":"","comment_count":"0","filter":"raw"}],"autores-libros":[{"ID":5476,"post_author":"3","post_date":"2022-07-28 17:24:48","post_date_gmt":"2022-07-28 15:24:48","post_content":"","post_title":"FERNANDO PRADO AYUSO","post_excerpt":"","post_status":"publish","comment_status":"closed","ping_status":"closed","post_password":"","post_name":"fernando-prado-ayuso","to_ping":"","pinged":"","post_modified":"2022-07-28 17:24:48","post_modified_gmt":"2022-07-28 15:24:48","post_content_filtered":"","post_parent":0,"guid":"http:\/\/dev.claret.cat\/autor\/fernando-prado-ayuso\/","menu_order":0,"post_type":"autor","post_mime_type":"","comment_count":"0","filter":"raw"}],"autor":"PRADO AYUSO, FERNANDO","codart":"847966273","libros-coleccion":"","ediciones":"1","encuadernacion":"R\u00fastica","fecha_de_publicacion":"26\/10\/2004","novedad":"0","paginas":"280","subtitulo":"VIDA CONSAGRADA EN EL MUNDO: TENDENCIAS Y PERSPECTIVAS","orden":"999","portada":"0","idioma":"spa"},"aioseo_notices":[],"_links":{"self":[{"href":"https:\/\/www.claret.cat\/es\/wp-json\/wp\/v2\/product\/352865","targetHints":{"allow":["GET"]}}],"collection":[{"href":"https:\/\/www.claret.cat\/es\/wp-json\/wp\/v2\/product"}],"about":[{"href":"https:\/\/www.claret.cat\/es\/wp-json\/wp\/v2\/types\/product"}],"wp:featuredmedia":[{"embeddable":true,"href":"https:\/\/www.claret.cat\/es\/wp-json\/wp\/v2\/media\/352866"}],"wp:attachment":[{"href":"https:\/\/www.claret.cat\/es\/wp-json\/wp\/v2\/media?parent=352865"}],"wp:term":[{"taxonomy":"product_brand","embeddable":true,"href":"https:\/\/www.claret.cat\/es\/wp-json\/wp\/v2\/product_brand?post=352865"},{"taxonomy":"product_cat","embeddable":true,"href":"https:\/\/www.claret.cat\/es\/wp-json\/wp\/v2\/product_cat?post=352865"},{"taxonomy":"product_tag","embeddable":true,"href":"https:\/\/www.claret.cat\/es\/wp-json\/wp\/v2\/product_tag?post=352865"}],"curies":[{"name":"wp","href":"https:\/\/api.w.org\/{rel}","templated":true}]}}