{"id":352916,"date":"2023-01-14T13:51:18","date_gmt":"2023-01-14T12:51:18","guid":{"rendered":"https:\/\/www.claret.cat\/llibre\/la-era-digital-9788479663643\/"},"modified":"2024-05-23T14:54:31","modified_gmt":"2024-05-23T12:54:31","slug":"la-era-digital-9788479663643","status":"publish","type":"product","link":"https:\/\/www.claret.cat\/es\/libro\/la-era-digital-9788479663643\/","title":{"rendered":"LA ERA DIGITAL"},"content":{"rendered":"<p>La era digital no s\u00f3lo es un desaf\u00edo para la vida consagrada, sino una aut\u00e9ntica oportunidad. La nueva evangelizaci\u00f3n nos invita a encarnar el Evangelio de Jes\u00fas en una nueva cultura que tiene unos nuevos espacios y are\u00f3pagos. Internet es ese nuevo &#8216;continente digital&#8217; al que todos estamos llamados a evangelizar y hacer presente al Dios de Jes\u00fas.<br \/>Este librito es el cuarto de la Serie Vita Consecrata. Una serie de libritos de \u00e1gil formato que recogen reflexiones de calidad sobre temas importantes y actuales que van saliendo al paso de la vida consagrada. Con esta colecci\u00f3n se quiere ofrecer un recurso sencillo y valioso para todas aquellas personas consagradas preocupadas por su permanente renovaci\u00f3n y formaci\u00f3n.<\/p>\n","protected":false},"excerpt":{"rendered":"<p>PRADO AYUSO, FERNANDO<\/p>\n","protected":false},"featured_media":352917,"template":"","meta":{"_acf_changed":false,"om_disable_all_campaigns":false,"rs_blank_template":"","rs_page_bg_color":"","slide_template_v7":"","inline_featured_image":false,"_monsterinsights_skip_tracking":false,"_monsterinsights_sitenote_active":false,"_monsterinsights_sitenote_note":"","_monsterinsights_sitenote_category":0},"product_brand":[],"product_cat":[92,542],"product_tag":[],"class_list":{"0":"post-352916","1":"product","2":"type-product","3":"status-publish","4":"has-post-thumbnail","6":"product_cat-vida-religiosa","7":"product_cat-vida-religiosa-1_espiritualidad-spa","9":"first","10":"instock","11":"taxable","12":"shipping-taxable","13":"purchasable","14":"product-type-simple"},"acf":{"editorial":[{"ID":6337,"post_author":"3","post_date":"2022-07-28 17:50:01","post_date_gmt":"2022-07-28 15:50:01","post_content":"","post_title":"Publicaciones Claretianas","post_excerpt":"","post_status":"publish","comment_status":"closed","ping_status":"closed","post_password":"","post_name":"publicaciones-claretianas","to_ping":"","pinged":"","post_modified":"2022-07-28 17:50:01","post_modified_gmt":"2022-07-28 15:50:01","post_content_filtered":"","post_parent":0,"guid":"http:\/\/dev.claret.cat\/editorial\/publicaciones-claretianas\/","menu_order":0,"post_type":"editorial","post_mime_type":"","comment_count":"0","filter":"raw"}],"autores-libros":[{"ID":5476,"post_author":"3","post_date":"2022-07-28 17:24:48","post_date_gmt":"2022-07-28 15:24:48","post_content":"","post_title":"FERNANDO PRADO AYUSO","post_excerpt":"","post_status":"publish","comment_status":"closed","ping_status":"closed","post_password":"","post_name":"fernando-prado-ayuso","to_ping":"","pinged":"","post_modified":"2022-07-28 17:24:48","post_modified_gmt":"2022-07-28 15:24:48","post_content_filtered":"","post_parent":0,"guid":"http:\/\/dev.claret.cat\/autor\/fernando-prado-ayuso\/","menu_order":0,"post_type":"autor","post_mime_type":"","comment_count":"0","filter":"raw"}],"autor":"PRADO AYUSO, FERNANDO","codart":"847966364","libros-coleccion":"","ediciones":"1","encuadernacion":"Grapado","fecha_de_publicacion":"20\/04\/2010","novedad":"0","paginas":"29","subtitulo":"UNA OPORTUNIDAD PARA LA VIDA CONSAGRADA","orden":"999","portada":"0","idioma":"spa"},"aioseo_notices":[],"_links":{"self":[{"href":"https:\/\/www.claret.cat\/es\/wp-json\/wp\/v2\/product\/352916","targetHints":{"allow":["GET"]}}],"collection":[{"href":"https:\/\/www.claret.cat\/es\/wp-json\/wp\/v2\/product"}],"about":[{"href":"https:\/\/www.claret.cat\/es\/wp-json\/wp\/v2\/types\/product"}],"wp:featuredmedia":[{"embeddable":true,"href":"https:\/\/www.claret.cat\/es\/wp-json\/wp\/v2\/media\/352917"}],"wp:attachment":[{"href":"https:\/\/www.claret.cat\/es\/wp-json\/wp\/v2\/media?parent=352916"}],"wp:term":[{"taxonomy":"product_brand","embeddable":true,"href":"https:\/\/www.claret.cat\/es\/wp-json\/wp\/v2\/product_brand?post=352916"},{"taxonomy":"product_cat","embeddable":true,"href":"https:\/\/www.claret.cat\/es\/wp-json\/wp\/v2\/product_cat?post=352916"},{"taxonomy":"product_tag","embeddable":true,"href":"https:\/\/www.claret.cat\/es\/wp-json\/wp\/v2\/product_tag?post=352916"}],"curies":[{"name":"wp","href":"https:\/\/api.w.org\/{rel}","templated":true}]}}