{"id":352978,"date":"2023-01-14T13:54:40","date_gmt":"2023-01-14T12:54:40","guid":{"rendered":"https:\/\/www.claret.cat\/llibre\/vida-evangelizadora-y-evangelica-9788479664190\/"},"modified":"2024-05-23T14:48:10","modified_gmt":"2024-05-23T12:48:10","slug":"vida-evangelizadora-y-evangelica-9788479664190","status":"publish","type":"product","link":"https:\/\/www.claret.cat\/es\/libro\/vida-evangelizadora-y-evangelica-9788479664190\/","title":{"rendered":"VIDA EVANGELIZADORA Y EVANG\u00c9LICA"},"content":{"rendered":"<p>La Iglesia se ve envuelta en un tiempo nuevo que se viene denominando \u201ctiempo de Nueva Evangelizaci\u00f3n\u201d. Se nos invita a volver a anunciar el Evangelio y a situarnos ante unos nuevos lugares y nuevos are\u00f3pagos, en los que necesitamos nuevos m\u00e9todos, nuevos evangelizadores, una nueva forma de ser Iglesia e incluso se nos habla de una nueva experiencia de Dios. \u00bfNos ser\u00e1 dado experimentar a Dios de una manera nueva \u00bfHacia d\u00f3nde nos est\u00e1 llevando el Esp\u00edritu en estos tiempos de \u201cNueva Evangelizaci\u00f3n\u201d<br \/>Como mujeres y hombres comprometidos en esta forma de vida evang\u00e9lica tenemos la responsabilidad de mostrar que es efectivamente una vida evang\u00e9lica para nosotros mismos; y, de forma inseparable, una vida evangelizadora. Esta dimensi\u00f3n es esencial : la misi\u00f3n es el eje vertebrador de la vida consagrada, su motivaci\u00f3n principal, su raz\u00f3n de ser.<br \/>La 41 Semana Nacional para Institutos de Vida Consagrada ha profundizado en este importante n\u00facleo que pertenece a la esencia de la identidad de la vida religiosa. En este volumen se recoge la reflexi\u00f3n m\u00e1s actual sobre la materia, de la mano de los mejores especialistas.<\/p>\n","protected":false},"excerpt":{"rendered":"<p>FERN\u00c1NDEZ, BONIFACIO; PRA<\/p>\n","protected":false},"featured_media":352979,"template":"","meta":{"_acf_changed":false,"om_disable_all_campaigns":false,"rs_blank_template":"","rs_page_bg_color":"","slide_template_v7":"","inline_featured_image":false,"_monsterinsights_skip_tracking":false,"_monsterinsights_sitenote_active":false,"_monsterinsights_sitenote_note":"","_monsterinsights_sitenote_category":0},"product_brand":[],"product_cat":[90,540],"product_tag":[],"class_list":{"0":"post-352978","1":"product","2":"type-product","3":"status-publish","4":"has-post-thumbnail","6":"product_cat-altres","7":"product_cat-otros","9":"first","10":"instock","11":"taxable","12":"shipping-taxable","13":"purchasable","14":"product-type-simple"},"acf":{"editorial":[{"ID":6337,"post_author":"3","post_date":"2022-07-28 17:50:01","post_date_gmt":"2022-07-28 15:50:01","post_content":"","post_title":"Publicaciones Claretianas","post_excerpt":"","post_status":"publish","comment_status":"closed","ping_status":"closed","post_password":"","post_name":"publicaciones-claretianas","to_ping":"","pinged":"","post_modified":"2022-07-28 17:50:01","post_modified_gmt":"2022-07-28 15:50:01","post_content_filtered":"","post_parent":0,"guid":"http:\/\/dev.claret.cat\/editorial\/publicaciones-claretianas\/","menu_order":0,"post_type":"editorial","post_mime_type":"","comment_count":"0","filter":"raw"}],"autores-libros":[{"ID":352855,"post_author":"3","post_date":"2023-01-14 13:47:46","post_date_gmt":"2023-01-14 12:47:46","post_content":"","post_title":"BONIFACIO FERNANDEZ","post_excerpt":"","post_status":"publish","comment_status":"closed","ping_status":"closed","post_password":"","post_name":"bonifacio-fernandez","to_ping":"","pinged":"","post_modified":"2023-01-14 13:47:46","post_modified_gmt":"2023-01-14 12:47:46","post_content_filtered":"","post_parent":0,"guid":"https:\/\/www.claret.cat\/autor\/bonifacio-fernandez\/","menu_order":0,"post_type":"autor","post_mime_type":"","comment_count":"0","filter":"raw"},{"ID":352943,"post_author":"3","post_date":"2023-01-14 13:52:35","post_date_gmt":"2023-01-14 12:52:35","post_content":"","post_title":"FERNANDO PRADO","post_excerpt":"","post_status":"publish","comment_status":"closed","ping_status":"closed","post_password":"","post_name":"fernando-prado","to_ping":"","pinged":"","post_modified":"2023-01-14 13:52:35","post_modified_gmt":"2023-01-14 12:52:35","post_content_filtered":"","post_parent":0,"guid":"https:\/\/www.claret.cat\/autor\/fernando-prado\/","menu_order":0,"post_type":"autor","post_mime_type":"","comment_count":"0","filter":"raw"}],"autor":"FERN\u00c1NDEZ, BONIFACIO; PRA","codart":"847966419","libros-coleccion":"","ediciones":"1","encuadernacion":"R\u00fastica","fecha_de_publicacion":"08\/06\/2012","novedad":"0","paginas":"360","subtitulo":"VIDA CONSAGRADA Y NUEVA EVANGELIZACI\u00d3N","orden":"999","portada":"0","idioma":"spa"},"aioseo_notices":[],"_links":{"self":[{"href":"https:\/\/www.claret.cat\/es\/wp-json\/wp\/v2\/product\/352978","targetHints":{"allow":["GET"]}}],"collection":[{"href":"https:\/\/www.claret.cat\/es\/wp-json\/wp\/v2\/product"}],"about":[{"href":"https:\/\/www.claret.cat\/es\/wp-json\/wp\/v2\/types\/product"}],"wp:featuredmedia":[{"embeddable":true,"href":"https:\/\/www.claret.cat\/es\/wp-json\/wp\/v2\/media\/352979"}],"wp:attachment":[{"href":"https:\/\/www.claret.cat\/es\/wp-json\/wp\/v2\/media?parent=352978"}],"wp:term":[{"taxonomy":"product_brand","embeddable":true,"href":"https:\/\/www.claret.cat\/es\/wp-json\/wp\/v2\/product_brand?post=352978"},{"taxonomy":"product_cat","embeddable":true,"href":"https:\/\/www.claret.cat\/es\/wp-json\/wp\/v2\/product_cat?post=352978"},{"taxonomy":"product_tag","embeddable":true,"href":"https:\/\/www.claret.cat\/es\/wp-json\/wp\/v2\/product_tag?post=352978"}],"curies":[{"name":"wp","href":"https:\/\/api.w.org\/{rel}","templated":true}]}}