{"id":352988,"date":"2023-01-14T13:55:15","date_gmt":"2023-01-14T12:55:15","guid":{"rendered":"https:\/\/www.claret.cat\/llibre\/los-cinco-minutos-de-la-nueva-evangelizacion-9788479664299\/"},"modified":"2026-02-09T11:31:19","modified_gmt":"2026-02-09T10:31:19","slug":"los-cinco-minutos-de-la-nueva-evangelizacion-9788479664299","status":"publish","type":"product","link":"https:\/\/www.claret.cat\/es\/libro\/los-cinco-minutos-de-la-nueva-evangelizacion-9788479664299\/","title":{"rendered":"LOS CINCO MINUTOS DE LA NUEVA EVANGELIZACI\u00d3N"},"content":{"rendered":"<p>Un libro que quiere ofrecer a los evangelizadores un sencillo instumento para avivar la llamada a evangelizar a la que nos invita la Iglesia de forma permanente. Caminar d\u00eda a d\u00eda reflexionando y orando desde esa clave nos puede ayudar a conocer lo que la Iglesia ha reflexionado y ha discernido sobre este tema tan crucial.<br \/>El libro es a su vez un peque\u00f1o Enchiridion con los pensamientos m\u00e1s granados del Magisterio eclesial conciliar y postconciliar en torno a la Nueva Evangelizaci\u00f3n. En \u00e9l se incluyen los documentos de trabajo e intervenciones del \u00faltimo S\u00ednodo, haciendo de \u00e9l una herramienta oportuna y muy actual. Un libro altamente recomendable para todos aquellos (obispos, sacerdotes, personas consagradas y laicos) que quieran acoger y responder con buen \u00e1nimo esta llamada a la Nueva Evangelizaci\u00f3n.<\/p>\n","protected":false},"excerpt":{"rendered":"<p>PRADO AYUSO, FERNANDO<\/p>\n","protected":false},"featured_media":1081952,"template":"","meta":{"_acf_changed":false,"om_disable_all_campaigns":false,"rs_blank_template":"","rs_page_bg_color":"","slide_template_v7":"","inline_featured_image":false,"_monsterinsights_skip_tracking":false,"_monsterinsights_sitenote_active":false,"_monsterinsights_sitenote_note":"","_monsterinsights_sitenote_category":0},"product_brand":[],"product_cat":[497,248],"product_tag":[],"class_list":{"0":"post-352988","1":"product","2":"type-product","3":"status-publish","4":"has-post-thumbnail","6":"product_cat-meditaciones","7":"product_cat-meditacions","9":"first","10":"instock","11":"taxable","12":"shipping-taxable","13":"purchasable","14":"product-type-simple"},"acf":{"editorial":[{"ID":6337,"post_author":"3","post_date":"2022-07-28 17:50:01","post_date_gmt":"2022-07-28 15:50:01","post_content":"","post_title":"Publicaciones Claretianas","post_excerpt":"","post_status":"publish","comment_status":"closed","ping_status":"closed","post_password":"","post_name":"publicaciones-claretianas","to_ping":"","pinged":"","post_modified":"2022-07-28 17:50:01","post_modified_gmt":"2022-07-28 15:50:01","post_content_filtered":"","post_parent":0,"guid":"http:\/\/dev.claret.cat\/editorial\/publicaciones-claretianas\/","menu_order":0,"post_type":"editorial","post_mime_type":"","comment_count":"0","filter":"raw"}],"autores-libros":[{"ID":5476,"post_author":"3","post_date":"2022-07-28 17:24:48","post_date_gmt":"2022-07-28 15:24:48","post_content":"","post_title":"FERNANDO PRADO AYUSO","post_excerpt":"","post_status":"publish","comment_status":"closed","ping_status":"closed","post_password":"","post_name":"fernando-prado-ayuso","to_ping":"","pinged":"","post_modified":"2022-07-28 17:24:48","post_modified_gmt":"2022-07-28 15:24:48","post_content_filtered":"","post_parent":0,"guid":"http:\/\/dev.claret.cat\/autor\/fernando-prado-ayuso\/","menu_order":0,"post_type":"autor","post_mime_type":"","comment_count":"0","filter":"raw"}],"autor":"PRADO AYUSO, FERNANDO","codart":"847966429","libros-coleccion":"","ediciones":"1","encuadernacion":"R\u00fastica","fecha_de_publicacion":"12\/12\/2012","novedad":"0","paginas":"244","subtitulo":"","orden":"999","portada":"0","idioma":"spa","booktrailer":"","resenas":""},"aioseo_notices":[],"_links":{"self":[{"href":"https:\/\/www.claret.cat\/es\/wp-json\/wp\/v2\/product\/352988","targetHints":{"allow":["GET"]}}],"collection":[{"href":"https:\/\/www.claret.cat\/es\/wp-json\/wp\/v2\/product"}],"about":[{"href":"https:\/\/www.claret.cat\/es\/wp-json\/wp\/v2\/types\/product"}],"wp:featuredmedia":[{"embeddable":true,"href":"https:\/\/www.claret.cat\/es\/wp-json\/wp\/v2\/media\/1081952"}],"wp:attachment":[{"href":"https:\/\/www.claret.cat\/es\/wp-json\/wp\/v2\/media?parent=352988"}],"wp:term":[{"taxonomy":"product_brand","embeddable":true,"href":"https:\/\/www.claret.cat\/es\/wp-json\/wp\/v2\/product_brand?post=352988"},{"taxonomy":"product_cat","embeddable":true,"href":"https:\/\/www.claret.cat\/es\/wp-json\/wp\/v2\/product_cat?post=352988"},{"taxonomy":"product_tag","embeddable":true,"href":"https:\/\/www.claret.cat\/es\/wp-json\/wp\/v2\/product_tag?post=352988"}],"curies":[{"name":"wp","href":"https:\/\/api.w.org\/{rel}","templated":true}]}}