{"id":352991,"date":"2023-01-14T13:55:23","date_gmt":"2023-01-14T12:55:23","guid":{"rendered":"https:\/\/www.claret.cat\/llibre\/el-ministerio-ordenado-de-los-religiosos-en-la-iglesia-9788479664312\/"},"modified":"2024-05-23T14:45:56","modified_gmt":"2024-05-23T12:45:56","slug":"el-ministerio-ordenado-de-los-religiosos-en-la-iglesia-9788479664312","status":"publish","type":"product","link":"https:\/\/www.claret.cat\/es\/libro\/el-ministerio-ordenado-de-los-religiosos-en-la-iglesia-9788479664312\/","title":{"rendered":"EL MINISTERIO ORDENADO DE LOS RELIGIOSOS EN LA IGLESIA"},"content":{"rendered":"<p>La cuesti\u00f3n de la relaci\u00f3n entre vida religiosa y condici\u00f3n presbiteral no ha sido muy estudiada. Los estudios son relativamente escasos. Un d\u00e9ficit llamativo, pues un tercio de los sacerdotes de la Iglesia son, hoy d\u00eda, religiosos.<br \/>&#8216;A comprender mejor la relaci\u00f3n entre ministerio y vida religiosa, a recoger la reflexi\u00f3n producida en el tiempo postconciliar, a formular las preguntas m\u00e1s candentes, a registrar los avances y a identificar los puntos que requieren mayor clarificaci\u00f3n se dirige este estudio. (&#8230;) Una reflexi\u00f3n que resultar\u00e1 luminosa y apasionante para todos los que por amor a la Iglesia deseamos en este punto una mayor claridad y armon\u00eda. A m\u00ed me ha enriquecido mucho la lectura de este libro&#8217;. (del pr\u00f3logo de Mons. Juan Mar\u00eda Uriarte)<\/p>\n","protected":false},"excerpt":{"rendered":"<p>PRADO AYUSO, FERNANDO<\/p>\n","protected":false},"featured_media":352992,"template":"","meta":{"_acf_changed":false,"om_disable_all_campaigns":false,"rs_blank_template":"","rs_page_bg_color":"","slide_template_v7":"","inline_featured_image":false,"_monsterinsights_skip_tracking":false,"_monsterinsights_sitenote_active":false,"_monsterinsights_sitenote_note":"","_monsterinsights_sitenote_category":0},"product_brand":[],"product_cat":[90,540],"product_tag":[],"class_list":{"0":"post-352991","1":"product","2":"type-product","3":"status-publish","4":"has-post-thumbnail","6":"product_cat-altres","7":"product_cat-otros","9":"first","10":"instock","11":"taxable","12":"shipping-taxable","13":"purchasable","14":"product-type-simple"},"acf":{"editorial":[{"ID":6337,"post_author":"3","post_date":"2022-07-28 17:50:01","post_date_gmt":"2022-07-28 15:50:01","post_content":"","post_title":"Publicaciones Claretianas","post_excerpt":"","post_status":"publish","comment_status":"closed","ping_status":"closed","post_password":"","post_name":"publicaciones-claretianas","to_ping":"","pinged":"","post_modified":"2022-07-28 17:50:01","post_modified_gmt":"2022-07-28 15:50:01","post_content_filtered":"","post_parent":0,"guid":"http:\/\/dev.claret.cat\/editorial\/publicaciones-claretianas\/","menu_order":0,"post_type":"editorial","post_mime_type":"","comment_count":"0","filter":"raw"}],"autores-libros":[{"ID":5476,"post_author":"3","post_date":"2022-07-28 17:24:48","post_date_gmt":"2022-07-28 15:24:48","post_content":"","post_title":"FERNANDO PRADO AYUSO","post_excerpt":"","post_status":"publish","comment_status":"closed","ping_status":"closed","post_password":"","post_name":"fernando-prado-ayuso","to_ping":"","pinged":"","post_modified":"2022-07-28 17:24:48","post_modified_gmt":"2022-07-28 15:24:48","post_content_filtered":"","post_parent":0,"guid":"http:\/\/dev.claret.cat\/autor\/fernando-prado-ayuso\/","menu_order":0,"post_type":"autor","post_mime_type":"","comment_count":"0","filter":"raw"}],"autor":"PRADO AYUSO, FERNANDO","codart":"847966431","libros-coleccion":"","ediciones":"1","encuadernacion":"R\u00fastica","fecha_de_publicacion":"22\/02\/2013","novedad":"0","paginas":"214","subtitulo":"ESTUDIO DE LA CUESTI\u00d3N EN EL POSTCONCILIO","orden":"999","portada":"0","idioma":"spa"},"aioseo_notices":[],"_links":{"self":[{"href":"https:\/\/www.claret.cat\/es\/wp-json\/wp\/v2\/product\/352991","targetHints":{"allow":["GET"]}}],"collection":[{"href":"https:\/\/www.claret.cat\/es\/wp-json\/wp\/v2\/product"}],"about":[{"href":"https:\/\/www.claret.cat\/es\/wp-json\/wp\/v2\/types\/product"}],"wp:featuredmedia":[{"embeddable":true,"href":"https:\/\/www.claret.cat\/es\/wp-json\/wp\/v2\/media\/352992"}],"wp:attachment":[{"href":"https:\/\/www.claret.cat\/es\/wp-json\/wp\/v2\/media?parent=352991"}],"wp:term":[{"taxonomy":"product_brand","embeddable":true,"href":"https:\/\/www.claret.cat\/es\/wp-json\/wp\/v2\/product_brand?post=352991"},{"taxonomy":"product_cat","embeddable":true,"href":"https:\/\/www.claret.cat\/es\/wp-json\/wp\/v2\/product_cat?post=352991"},{"taxonomy":"product_tag","embeddable":true,"href":"https:\/\/www.claret.cat\/es\/wp-json\/wp\/v2\/product_tag?post=352991"}],"curies":[{"name":"wp","href":"https:\/\/api.w.org\/{rel}","templated":true}]}}