{"id":353298,"date":"2023-01-14T14:17:51","date_gmt":"2023-01-14T13:17:51","guid":{"rendered":"https:\/\/www.claret.cat\/llibre\/maria-2009-9788479663407\/"},"modified":"2024-05-23T14:57:54","modified_gmt":"2024-05-23T12:57:54","slug":"maria-2009-9788479663407","status":"publish","type":"product","link":"https:\/\/www.claret.cat\/es\/libro\/maria-2009-9788479663407\/","title":{"rendered":"MAR\u00cdA 2009"},"content":{"rendered":"<p>Un libro \u00fatil y novedoso que quiere ayudarnos a vivir y celebrar las solemnidades, fiestas y memorias de la Virgen Mar\u00eda a lo largo del 2009. Las oraciones, meditaciones y est\u00edmulos que contiene le facilitar\u00e1n, sin duda, un mayor acercamiento a Mar\u00eda. Una gu\u00eda perfecta para vivir y acompanar la oraci\u00f3n del mes de mayo y del mes del Rosario (octubre).<\/p>\n","protected":false},"excerpt":{"rendered":"<p>PUBLICACIONES CLARETIANAS<\/p>\n","protected":false},"featured_media":0,"template":"","meta":{"_acf_changed":false,"om_disable_all_campaigns":false,"rs_blank_template":"","rs_page_bg_color":"","slide_template_v7":"","inline_featured_image":false,"_monsterinsights_skip_tracking":false,"_monsterinsights_sitenote_active":false,"_monsterinsights_sitenote_note":"","_monsterinsights_sitenote_category":0},"product_brand":[],"product_cat":[496,246,393,235,497,248,396,247],"product_tag":[],"class_list":{"0":"post-353298","1":"product","2":"type-product","3":"status-publish","5":"product_cat-devocionarios","6":"product_cat-devocionaris","7":"product_cat-mariana-espiritualidad-1_espiritualidad","8":"product_cat-mariana","9":"product_cat-meditaciones","10":"product_cat-meditacions","11":"product_cat-oracion","12":"product_cat-pregaria","14":"first","15":"instock","16":"taxable","17":"shipping-taxable","18":"purchasable","19":"product-type-simple"},"acf":{"editorial":[{"ID":6337,"post_author":"3","post_date":"2022-07-28 17:50:01","post_date_gmt":"2022-07-28 15:50:01","post_content":"","post_title":"Publicaciones Claretianas","post_excerpt":"","post_status":"publish","comment_status":"closed","ping_status":"closed","post_password":"","post_name":"publicaciones-claretianas","to_ping":"","pinged":"","post_modified":"2022-07-28 17:50:01","post_modified_gmt":"2022-07-28 15:50:01","post_content_filtered":"","post_parent":0,"guid":"http:\/\/dev.claret.cat\/editorial\/publicaciones-claretianas\/","menu_order":0,"post_type":"editorial","post_mime_type":"","comment_count":"0","filter":"raw"}],"autores-libros":[{"ID":5955,"post_author":"3","post_date":"2022-07-28 17:35:05","post_date_gmt":"2022-07-28 15:35:05","post_content":"","post_title":"PUBLICACIONES CLARETIANAS","post_excerpt":"","post_status":"publish","comment_status":"closed","ping_status":"closed","post_password":"","post_name":"publicaciones-claretianas","to_ping":"","pinged":"","post_modified":"2022-07-28 17:35:05","post_modified_gmt":"2022-07-28 15:35:05","post_content_filtered":"","post_parent":0,"guid":"http:\/\/dev.claret.cat\/autor\/publicaciones-claretianas\/","menu_order":0,"post_type":"autor","post_mime_type":"","comment_count":"0","filter":"raw"}],"autor":"PUBLICACIONES CLARETIANAS","codart":"847966340","libros-coleccion":"","ediciones":"1","encuadernacion":"R\u00fastica","fecha_de_publicacion":"04\/12\/2008","novedad":"0","paginas":"126","subtitulo":"ORACIONES, MEDITACIONES, EST\u00cdMULOS. SOLEMNIDADES, FIESTAS, MEMORIAS, MES DE MAYO, MES DEL ROSARIO...","orden":"999","portada":"0","idioma":"spa"},"aioseo_notices":[],"_links":{"self":[{"href":"https:\/\/www.claret.cat\/es\/wp-json\/wp\/v2\/product\/353298","targetHints":{"allow":["GET"]}}],"collection":[{"href":"https:\/\/www.claret.cat\/es\/wp-json\/wp\/v2\/product"}],"about":[{"href":"https:\/\/www.claret.cat\/es\/wp-json\/wp\/v2\/types\/product"}],"wp:attachment":[{"href":"https:\/\/www.claret.cat\/es\/wp-json\/wp\/v2\/media?parent=353298"}],"wp:term":[{"taxonomy":"product_brand","embeddable":true,"href":"https:\/\/www.claret.cat\/es\/wp-json\/wp\/v2\/product_brand?post=353298"},{"taxonomy":"product_cat","embeddable":true,"href":"https:\/\/www.claret.cat\/es\/wp-json\/wp\/v2\/product_cat?post=353298"},{"taxonomy":"product_tag","embeddable":true,"href":"https:\/\/www.claret.cat\/es\/wp-json\/wp\/v2\/product_tag?post=353298"}],"curies":[{"name":"wp","href":"https:\/\/api.w.org\/{rel}","templated":true}]}}