{"id":353325,"date":"2023-01-14T14:20:41","date_gmt":"2023-01-14T13:20:41","guid":{"rendered":"https:\/\/www.claret.cat\/llibre\/lectio-divina-para-tiempos-fuertes-adviento-2011-9788479664077\/"},"modified":"2025-01-07T12:15:34","modified_gmt":"2025-01-07T11:15:34","slug":"lectio-divina-para-tiempos-fuertes-adviento-2011-9788479664077","status":"publish","type":"product","link":"https:\/\/www.claret.cat\/es\/libro\/lectio-divina-para-tiempos-fuertes-adviento-2011-9788479664077\/","title":{"rendered":"LECTIO DIVINA PARA TIEMPOS FUERTES &#8211; ADVIENTO 2011"},"content":{"rendered":"","protected":false},"excerpt":{"rendered":"<p>RODR\u00cdGUEZ TORN\u00c9, INMACULADA<\/p>\n","protected":false},"featured_media":0,"template":"","meta":{"_acf_changed":false,"om_disable_all_campaigns":false,"rs_blank_template":"","rs_page_bg_color":"","slide_template_v7":"","inline_featured_image":false,"_monsterinsights_skip_tracking":false,"_monsterinsights_sitenote_active":false,"_monsterinsights_sitenote_note":"","_monsterinsights_sitenote_category":0},"product_brand":[],"product_cat":[90,540],"product_tag":[],"class_list":{"0":"post-353325","1":"product","2":"type-product","3":"status-publish","5":"product_cat-altres","6":"product_cat-otros","8":"first","9":"instock","10":"taxable","11":"shipping-taxable","12":"purchasable","13":"product-type-simple"},"acf":{"editorial":[{"ID":6337,"post_author":"3","post_date":"2022-07-28 17:50:01","post_date_gmt":"2022-07-28 15:50:01","post_content":"","post_title":"Publicaciones Claretianas","post_excerpt":"","post_status":"publish","comment_status":"closed","ping_status":"closed","post_password":"","post_name":"publicaciones-claretianas","to_ping":"","pinged":"","post_modified":"2022-07-28 17:50:01","post_modified_gmt":"2022-07-28 15:50:01","post_content_filtered":"","post_parent":0,"guid":"http:\/\/dev.claret.cat\/editorial\/publicaciones-claretianas\/","menu_order":0,"post_type":"editorial","post_mime_type":"","comment_count":"0","filter":"raw"}],"autores-libros":[{"ID":352969,"post_author":"3","post_date":"2023-01-14 13:54:08","post_date_gmt":"2023-01-14 12:54:08","post_content":"","post_title":"INMACULADA RODR\u00cdGUEZ TORN\u00c9","post_excerpt":"","post_status":"publish","comment_status":"closed","ping_status":"closed","post_password":"","post_name":"inmaculada-rodriguez-torne","to_ping":"","pinged":"","post_modified":"2023-01-14 13:54:08","post_modified_gmt":"2023-01-14 12:54:08","post_content_filtered":"","post_parent":0,"guid":"https:\/\/www.claret.cat\/autor\/inmaculada-rodriguez-torne\/","menu_order":0,"post_type":"autor","post_mime_type":"","comment_count":"0","filter":"raw"}],"autor":"RODR\u00cdGUEZ TORN\u00c9, INMACULADA","codart":"847966407","libros-coleccion":"","ediciones":"1","encuadernacion":"R\u00fastica","fecha_de_publicacion":"07\/11\/2011","novedad":"0","paginas":"78","subtitulo":"LA ALEGR\u00cdA DE LA ESPERA","orden":"999","portada":"0","idioma":"spa"},"aioseo_notices":[],"_links":{"self":[{"href":"https:\/\/www.claret.cat\/es\/wp-json\/wp\/v2\/product\/353325","targetHints":{"allow":["GET"]}}],"collection":[{"href":"https:\/\/www.claret.cat\/es\/wp-json\/wp\/v2\/product"}],"about":[{"href":"https:\/\/www.claret.cat\/es\/wp-json\/wp\/v2\/types\/product"}],"wp:attachment":[{"href":"https:\/\/www.claret.cat\/es\/wp-json\/wp\/v2\/media?parent=353325"}],"wp:term":[{"taxonomy":"product_brand","embeddable":true,"href":"https:\/\/www.claret.cat\/es\/wp-json\/wp\/v2\/product_brand?post=353325"},{"taxonomy":"product_cat","embeddable":true,"href":"https:\/\/www.claret.cat\/es\/wp-json\/wp\/v2\/product_cat?post=353325"},{"taxonomy":"product_tag","embeddable":true,"href":"https:\/\/www.claret.cat\/es\/wp-json\/wp\/v2\/product_tag?post=353325"}],"curies":[{"name":"wp","href":"https:\/\/api.w.org\/{rel}","templated":true}]}}