{"id":35338,"date":"2022-10-02T18:02:04","date_gmt":"2022-10-02T16:02:04","guid":{"rendered":"http:\/\/dev.claret.cat\/producte\/cosas-maravillosas-cien-anos-del-descubrimiento-de-tutankhamon\/"},"modified":"2023-10-06T08:28:02","modified_gmt":"2023-10-06T06:28:02","slug":"cosas-maravillosas-cien-anos-del-descubrimiento-de-tutankhamon-9788466357111","status":"publish","type":"product","link":"https:\/\/www.claret.cat\/es\/libro\/cosas-maravillosas-cien-anos-del-descubrimiento-de-tutankhamon-9788466357111\/","title":{"rendered":"COSAS MARAVILLOSAS. CIEN A\u00d1OS DEL DESCUBRIMIENTO DE TUTANKHAM\u00d3N"},"content":{"rendered":"<p>El descubrimiento del siglo El legado de una civilizaci\u00f3n inigualable El tesoro de Tutankham\u00f3n es uno de los temas m\u00e1s fascinantes de la  egiptolog\u00eda, pero la biograf\u00eda de quienes sacaron a la luz el incre\u00edble mundo del antiguo Egipto no se queda atr\u00e1s. En Cosas maravillosas  no solo se habla del Fara\u00f3n Ni\u00f1o y del contexto en el que vivi\u00f3, sino  tambi\u00e9n de la empresa arqueol\u00f3gica m\u00e1s grande de todos los tiempos: la  expedici\u00f3n que culmin\u00f3 con el hallazgo de su sepultura intacta el 4 de  noviembre de 1922 gracias a Howard Carter y Lord Carnarvon. Por entonces, la ciencia de la egiptolog\u00eda ten\u00eda apenas un siglo de  existencia, y se enfrentaban a un reto hist\u00f3rico de enorme complejidad.  Aqu\u00ed revivimos aquella aventura incomparable que conjug\u00f3 intereses  pol\u00edticos, problemas de conciencia y grandes avances cient\u00edficos Sobre la obra:<br \/>\u00abNacho Ares nos acerca de forma brillante el descubrimiento de la tumba  de Tutankham\u00f3n de la mano de Howard Carter, el mejor arque\u00f3logo de su  \u00e9poca. El trabajo de conservaci\u00f3n que Carter realiz\u00f3 durante diez a\u00f1os en la tumba de Tutankham\u00f3n fue extraordinario\u00bb.<br \/>Zahi Hawass, egipt\u00f3logo y ex-ministro de antig\u00fcedades de Egipto<\/p>\n","protected":false},"excerpt":{"rendered":"<p>ARES, NACHO<\/p>\n","protected":false},"featured_media":52145,"template":"","meta":{"_acf_changed":false,"om_disable_all_campaigns":false,"rs_blank_template":"","rs_page_bg_color":"","slide_template_v7":"","inline_featured_image":false,"_monsterinsights_skip_tracking":false,"_monsterinsights_sitenote_active":false,"_monsterinsights_sitenote_note":"","_monsterinsights_sitenote_category":0},"product_brand":[],"product_cat":[369],"product_tag":[],"class_list":{"0":"post-35338","1":"product","2":"type-product","3":"status-publish","4":"has-post-thumbnail","6":"product_cat-arqueologia-y-paleografia","8":"first","9":"instock","10":"taxable","11":"shipping-taxable","12":"purchasable","13":"product-type-simple"},"acf":{"autor":"ARES, NACHO","codart":"846635711","libros-coleccion":"BEST SELLER","ediciones":"1","encuadernacion":"R\u00fastica","fecha_de_publicacion":"01\/09\/2022","novedad":"1","paginas":"460","subtitulo":"","orden":"0","portada":"0","idioma":"spa","editorial":[{"ID":6178,"post_author":"3","post_date":"2022-07-28 17:46:34","post_date_gmt":"2022-07-28 15:46:34","post_content":"","post_title":"DEBOLSILLO","post_excerpt":"","post_status":"publish","comment_status":"closed","ping_status":"closed","post_password":"","post_name":"debolsillo","to_ping":"","pinged":"","post_modified":"2022-07-28 17:46:34","post_modified_gmt":"2022-07-28 15:46:34","post_content_filtered":"","post_parent":0,"guid":"http:\/\/dev.claret.cat\/editorial\/debolsillo\/","menu_order":0,"post_type":"editorial","post_mime_type":"","comment_count":"0","filter":"raw"}],"autores-libros":[{"ID":165551,"post_author":"3","post_date":"2022-10-14 17:56:05","post_date_gmt":"2022-10-14 15:56:05","post_content":"","post_title":"NACHO ARES","post_excerpt":"","post_status":"publish","comment_status":"closed","ping_status":"closed","post_password":"","post_name":"nacho-ares","to_ping":"","pinged":"","post_modified":"2022-10-14 17:56:05","post_modified_gmt":"2022-10-14 15:56:05","post_content_filtered":"","post_parent":0,"guid":"http:\/\/dev.claret.cat\/autor\/nacho-ares\/","menu_order":0,"post_type":"autor","post_mime_type":"","comment_count":"0","filter":"raw"}]},"aioseo_notices":[],"_links":{"self":[{"href":"https:\/\/www.claret.cat\/es\/wp-json\/wp\/v2\/product\/35338","targetHints":{"allow":["GET"]}}],"collection":[{"href":"https:\/\/www.claret.cat\/es\/wp-json\/wp\/v2\/product"}],"about":[{"href":"https:\/\/www.claret.cat\/es\/wp-json\/wp\/v2\/types\/product"}],"wp:featuredmedia":[{"embeddable":true,"href":"https:\/\/www.claret.cat\/es\/wp-json\/wp\/v2\/media\/52145"}],"wp:attachment":[{"href":"https:\/\/www.claret.cat\/es\/wp-json\/wp\/v2\/media?parent=35338"}],"wp:term":[{"taxonomy":"product_brand","embeddable":true,"href":"https:\/\/www.claret.cat\/es\/wp-json\/wp\/v2\/product_brand?post=35338"},{"taxonomy":"product_cat","embeddable":true,"href":"https:\/\/www.claret.cat\/es\/wp-json\/wp\/v2\/product_cat?post=35338"},{"taxonomy":"product_tag","embeddable":true,"href":"https:\/\/www.claret.cat\/es\/wp-json\/wp\/v2\/product_tag?post=35338"}],"curies":[{"name":"wp","href":"https:\/\/api.w.org\/{rel}","templated":true}]}}