{"id":353601,"date":"2023-01-14T14:50:31","date_gmt":"2023-01-14T13:50:31","guid":{"rendered":"https:\/\/www.claret.cat\/llibre\/pero-ella-dijo-practicas-feministas-de-interpretacion-biblica-9788481641301\/"},"modified":"2024-05-23T13:45:14","modified_gmt":"2024-05-23T11:45:14","slug":"pero-ella-dijo-practicas-feministas-de-interpretacion-biblica-9788481641301","status":"publish","type":"product","link":"https:\/\/www.claret.cat\/es\/libro\/pero-ella-dijo-practicas-feministas-de-interpretacion-biblica-9788481641301\/","title":{"rendered":"PERO ELLA DIJO. PR\u00c1CTICAS FEMINISTAS DE INTERPRETACI\u00d3N B\u00cdBLICA"},"content":{"rendered":"<p>En Pero ella dijo Elisabeth Sch\u00fcssler Fiorenza pretende construir un proceso y un m\u00e9todo de lectura feminista pol\u00edtica que, desenmascarando la ret\u00f3rica patriarcal, kyrioc\u00e9ntrica, inscrita en los textos b\u00edblicos, provea a las mujeres y otros sujetos marginados por el discurso hegem\u00f3nico al uso de instrumentos te\u00f3ricos y de espacios de praxis para llevar a cabo sus luchas por la libertad, la justicia y el bienestar comunes. El contexto en que se realiza esta elaboraci\u00f3n te\u00f3rica es, en esta ocasi\u00f3n, la teor\u00eda cr\u00edtica feminista de car\u00e1cter interdisciplinar e intercultural.<\/p>\n","protected":false},"excerpt":{"rendered":"<p>SCH\u00dcSSLER FIORENZA, ELISABETH<\/p>\n","protected":false},"featured_media":353602,"template":"","meta":{"_acf_changed":false,"om_disable_all_campaigns":false,"rs_blank_template":"","rs_page_bg_color":"","slide_template_v7":"","inline_featured_image":false,"_monsterinsights_skip_tracking":false,"_monsterinsights_sitenote_active":false,"_monsterinsights_sitenote_note":"","_monsterinsights_sitenote_category":0},"product_brand":[],"product_cat":[75,341,76,342],"product_tag":[],"class_list":{"0":"post-353601","1":"product","2":"type-product","3":"status-publish","4":"has-post-thumbnail","6":"product_cat-biblia","7":"product_cat-biblia-es","8":"product_cat-teologia","9":"product_cat-teologia-1_espiritualidad","11":"first","12":"instock","13":"taxable","14":"shipping-taxable","15":"purchasable","16":"product-type-simple"},"acf":{"editorial":[{"ID":6237,"post_author":"3","post_date":"2022-07-28 17:47:53","post_date_gmt":"2022-07-28 15:47:53","post_content":"","post_title":"Editorial Trotta","post_excerpt":"","post_status":"publish","comment_status":"closed","ping_status":"closed","post_password":"","post_name":"editorial-trotta","to_ping":"","pinged":"","post_modified":"2022-07-28 17:47:53","post_modified_gmt":"2022-07-28 15:47:53","post_content_filtered":"","post_parent":0,"guid":"http:\/\/dev.claret.cat\/editorial\/editorial-trotta\/","menu_order":0,"post_type":"editorial","post_mime_type":"","comment_count":"0","filter":"raw"}],"autores-libros":[{"ID":154824,"post_author":"3","post_date":"2022-10-14 15:07:56","post_date_gmt":"2022-10-14 13:07:56","post_content":"","post_title":"ELISABETH SCHUSSLER FIORENZA","post_excerpt":"","post_status":"publish","comment_status":"closed","ping_status":"closed","post_password":"","post_name":"elisabeth-schussler-fiorenza","to_ping":"","pinged":"","post_modified":"2022-10-14 15:07:56","post_modified_gmt":"2022-10-14 13:07:56","post_content_filtered":"","post_parent":0,"guid":"http:\/\/dev.claret.cat\/autor\/elisabeth-schussler-fiorenza\/","menu_order":0,"post_type":"autor","post_mime_type":"","comment_count":"0","filter":"raw"}],"autor":"SCH\u00dcSSLER FIORENZA, ELISABETH","codart":"848164130","libros-coleccion":"Estructuras y procesos. Religi\u00f3n","ediciones":"1","encuadernacion":"R\u00fastica","fecha_de_publicacion":"01\/10\/1996","novedad":"0","paginas":"282","subtitulo":"PR\u00c1CTICAS FEMINISTAS DE LA INTERPRETACI\u00d3N B\u00cdBLICA","orden":"999","portada":"0","idioma":"spa"},"aioseo_notices":[],"_links":{"self":[{"href":"https:\/\/www.claret.cat\/es\/wp-json\/wp\/v2\/product\/353601","targetHints":{"allow":["GET"]}}],"collection":[{"href":"https:\/\/www.claret.cat\/es\/wp-json\/wp\/v2\/product"}],"about":[{"href":"https:\/\/www.claret.cat\/es\/wp-json\/wp\/v2\/types\/product"}],"wp:featuredmedia":[{"embeddable":true,"href":"https:\/\/www.claret.cat\/es\/wp-json\/wp\/v2\/media\/353602"}],"wp:attachment":[{"href":"https:\/\/www.claret.cat\/es\/wp-json\/wp\/v2\/media?parent=353601"}],"wp:term":[{"taxonomy":"product_brand","embeddable":true,"href":"https:\/\/www.claret.cat\/es\/wp-json\/wp\/v2\/product_brand?post=353601"},{"taxonomy":"product_cat","embeddable":true,"href":"https:\/\/www.claret.cat\/es\/wp-json\/wp\/v2\/product_cat?post=353601"},{"taxonomy":"product_tag","embeddable":true,"href":"https:\/\/www.claret.cat\/es\/wp-json\/wp\/v2\/product_tag?post=353601"}],"curies":[{"name":"wp","href":"https:\/\/api.w.org\/{rel}","templated":true}]}}