{"id":353642,"date":"2023-01-14T15:00:37","date_gmt":"2023-01-14T14:00:37","guid":{"rendered":"https:\/\/www.claret.cat\/llibre\/cristologia-feminista-critica-jesus-hijo-de-miriam-profeta-de-la-sabiduria-9788481644302\/"},"modified":"2024-05-23T13:42:04","modified_gmt":"2024-05-23T11:42:04","slug":"cristologia-feminista-critica-jesus-hijo-de-miriam-profeta-de-la-sabiduria-9788481644302","status":"publish","type":"product","link":"https:\/\/www.claret.cat\/es\/libro\/cristologia-feminista-critica-jesus-hijo-de-miriam-profeta-de-la-sabiduria-9788481644302\/","title":{"rendered":"CRISTOLOG\u00cdA FEMINISTA CR\u00cdTICA. JES\u00daS, HIJO DE MIRIAM, PROFETA DE LA SABIDUR\u00cdA"},"content":{"rendered":"<p>Cartograf\u00eda del surgimiento y la subsiguiente ca\u00edda en una \u00abamnesia hist\u00f3rica\u00bb del movimiento de liberaci\u00f3n que se congreg\u00f3 en torno a Jes\u00fas, profeta y mensajero de la Divina Sof\u00eda, la todopoderosa Sabidur\u00eda de las escrituras y teolog\u00eda del juda\u00edsmo temprano.<\/p>\n<p> Con la seriedad y densidad acad\u00e9micas que la caracterizan, su autora muestra c\u00f3mo los relatos y las ense\u00f1anzas sobre figuras de la Sabidur\u00eda que impregnan toda la urdimbre del Testamento Cristiano fueron desde casi los inicios, revestidos de un lenguaje \u00abkyrioc\u00e9ntrico\u00bb. Sirvi\u00e9ndose de este neologismo ?por ella acu\u00f1ado? como instrumento hermen\u00e9utico, Sch\u00fcssler Fiorenza desvela el modo en que las identidades cristianas fueron moldeadas desde los comienzos en estructuras masculinistas y excluyentes, y propone un nuevo marco de interpretaci\u00f3n desde donde puedan transformarse en una perspectiva de justicia y bienestar omniabarcantes, que es la propia de la &#8221;basileia&#8221; de D**s.<\/p>\n<p> La obra, que abarca los campos de la teor\u00eda feminista, las ciencias b\u00edblicas, el pensamiento social y la teolog\u00eda cristiana, establece los v\u00ednculos existentes entre cuestiones tales como la reivindicaci\u00f3n de la autoridad religiosa y teol\u00f3gica de las mujeres con las luchas por la democracia universal, la justicia econ\u00f3mica y el bienestar para todos. Al desvelar las consecuencias p\u00fablicas impl\u00edcitas en toda representaci\u00f3n cristol\u00f3gica, adem\u00e1s marca los l\u00edmites y las posibilidades de los distintos enfoques feministas sobre el s\u00edmbolo central de la fe cristiana.<\/p>\n","protected":false},"excerpt":{"rendered":"<p>SCH\u00dcSSLER FIORENZA, ELISABETH<\/p>\n","protected":false},"featured_media":353654,"template":"","meta":{"_acf_changed":false,"om_disable_all_campaigns":false,"rs_blank_template":"","rs_page_bg_color":"","slide_template_v7":"","inline_featured_image":false,"_monsterinsights_skip_tracking":false,"_monsterinsights_sitenote_active":false,"_monsterinsights_sitenote_note":"","_monsterinsights_sitenote_category":0},"product_brand":[],"product_cat":[91,541],"product_tag":[],"class_list":{"0":"post-353642","1":"product","2":"type-product","3":"status-publish","4":"has-post-thumbnail","6":"product_cat-cristologia","7":"product_cat-cristologia-1_espiritualidad-spa","9":"first","10":"instock","11":"taxable","12":"shipping-taxable","13":"purchasable","14":"product-type-simple"},"acf":{"editorial":[{"ID":6237,"post_author":"3","post_date":"2022-07-28 17:47:53","post_date_gmt":"2022-07-28 15:47:53","post_content":"","post_title":"Editorial Trotta","post_excerpt":"","post_status":"publish","comment_status":"closed","ping_status":"closed","post_password":"","post_name":"editorial-trotta","to_ping":"","pinged":"","post_modified":"2022-07-28 17:47:53","post_modified_gmt":"2022-07-28 15:47:53","post_content_filtered":"","post_parent":0,"guid":"http:\/\/dev.claret.cat\/editorial\/editorial-trotta\/","menu_order":0,"post_type":"editorial","post_mime_type":"","comment_count":"0","filter":"raw"}],"autores-libros":[{"ID":154824,"post_author":"3","post_date":"2022-10-14 15:07:56","post_date_gmt":"2022-10-14 13:07:56","post_content":"","post_title":"ELISABETH SCHUSSLER FIORENZA","post_excerpt":"","post_status":"publish","comment_status":"closed","ping_status":"closed","post_password":"","post_name":"elisabeth-schussler-fiorenza","to_ping":"","pinged":"","post_modified":"2022-10-14 15:07:56","post_modified_gmt":"2022-10-14 13:07:56","post_content_filtered":"","post_parent":0,"guid":"http:\/\/dev.claret.cat\/autor\/elisabeth-schussler-fiorenza\/","menu_order":0,"post_type":"autor","post_mime_type":"","comment_count":"0","filter":"raw"}],"autor":"SCH\u00dcSSLER FIORENZA, ELISABETH","codart":"848164430","libros-coleccion":"Estructuras y procesos. Religi\u00f3n","ediciones":"1","encuadernacion":"R\u00fastica","fecha_de_publicacion":"01\/12\/2000","novedad":"0","paginas":"267","subtitulo":"","orden":"999","portada":"0","idioma":"spa"},"aioseo_notices":[],"_links":{"self":[{"href":"https:\/\/www.claret.cat\/es\/wp-json\/wp\/v2\/product\/353642","targetHints":{"allow":["GET"]}}],"collection":[{"href":"https:\/\/www.claret.cat\/es\/wp-json\/wp\/v2\/product"}],"about":[{"href":"https:\/\/www.claret.cat\/es\/wp-json\/wp\/v2\/types\/product"}],"wp:featuredmedia":[{"embeddable":true,"href":"https:\/\/www.claret.cat\/es\/wp-json\/wp\/v2\/media\/353654"}],"wp:attachment":[{"href":"https:\/\/www.claret.cat\/es\/wp-json\/wp\/v2\/media?parent=353642"}],"wp:term":[{"taxonomy":"product_brand","embeddable":true,"href":"https:\/\/www.claret.cat\/es\/wp-json\/wp\/v2\/product_brand?post=353642"},{"taxonomy":"product_cat","embeddable":true,"href":"https:\/\/www.claret.cat\/es\/wp-json\/wp\/v2\/product_cat?post=353642"},{"taxonomy":"product_tag","embeddable":true,"href":"https:\/\/www.claret.cat\/es\/wp-json\/wp\/v2\/product_tag?post=353642"}],"curies":[{"name":"wp","href":"https:\/\/api.w.org\/{rel}","templated":true}]}}