{"id":353663,"date":"2023-01-14T15:11:04","date_gmt":"2023-01-14T14:11:04","guid":{"rendered":"https:\/\/www.claret.cat\/llibre\/arquetipos-y-lo-inconsciente-colectivo-losvol91-9788481645248\/"},"modified":"2024-05-23T13:40:46","modified_gmt":"2024-05-23T11:40:46","slug":"arquetipos-y-lo-inconsciente-colectivo-losvol91-9788481645248","status":"publish","type":"product","link":"https:\/\/www.claret.cat\/es\/libro\/arquetipos-y-lo-inconsciente-colectivo-losvol91-9788481645248\/","title":{"rendered":"ARQUETIPOS Y LO INCONSCIENTE COLECTIVO, LOS.VOL.9\/1"},"content":{"rendered":"<p>CONTENIDO: Pr\u00f3logo de los editores &#8211; 1. Sobre los arquetipos de lo inconsciente colectivo &#8211; 2. El concepto de inconsciente colectivo- 3. Sobre el arquetipo con especial consideraci\u00f3n del concepto de \u00e1nima &#8211; 4. Los aspectos psicol\u00f3gicos del arquetipo de la madre &#8211; 5. Sobre el renacer &#8211; 6. Acerca de la psicolog\u00eda del arquetipo del ni\u00f1o &#8211; 7. Acerca del aspecto psicol\u00f3gico de la figura de la Core &#8211; 8. Acerca de la fenomenolog\u00eda del esp\u00edritu en los cuentos populares &#8211; 9. Acerca de la psicolog\u00eda de la figura del trickster &#8211; 10. Consciencia, inconsciente e individuaci\u00f3n &#8211; 11. Acerca de la empiria del proceso de individuaci\u00f3n &#8211; 12. Sobre el simbolismo del m\u00e1ndala &#8211; 13. M\u00e1ndalas<\/p>\n","protected":false},"excerpt":{"rendered":"<p>JUNG, CARL GUSTAV<\/p>\n","protected":false},"featured_media":353664,"template":"","meta":{"_acf_changed":false,"om_disable_all_campaigns":false,"rs_blank_template":"","rs_page_bg_color":"","slide_template_v7":"","inline_featured_image":false,"_monsterinsights_skip_tracking":false,"_monsterinsights_sitenote_active":false,"_monsterinsights_sitenote_note":"","_monsterinsights_sitenote_category":0},"product_brand":[],"product_cat":[373,166],"product_tag":[],"class_list":{"0":"post-353663","1":"product","2":"type-product","3":"status-publish","4":"has-post-thumbnail","6":"product_cat-autores","7":"product_cat-autors-filosofia","9":"first","10":"instock","11":"taxable","12":"shipping-taxable","13":"purchasable","14":"product-type-simple"},"acf":{"editorial":[{"ID":148906,"post_author":"3","post_date":"2022-10-14 12:01:55","post_date_gmt":"2022-10-14 10:01:55","post_content":"","post_title":"Trotta","post_excerpt":"","post_status":"publish","comment_status":"closed","ping_status":"closed","post_password":"","post_name":"trotta","to_ping":"","pinged":"","post_modified":"2022-10-14 12:01:55","post_modified_gmt":"2022-10-14 10:01:55","post_content_filtered":"","post_parent":0,"guid":"http:\/\/dev.claret.cat\/editorial\/trotta\/","menu_order":0,"post_type":"editorial","post_mime_type":"","comment_count":"0","filter":"raw"}],"autores-libros":[{"ID":152091,"post_author":"3","post_date":"2022-10-14 14:46:02","post_date_gmt":"2022-10-14 12:46:02","post_content":"","post_title":"CARL GUSTAV JUNG","post_excerpt":"","post_status":"publish","comment_status":"closed","ping_status":"closed","post_password":"","post_name":"carl-gustav-jung","to_ping":"","pinged":"","post_modified":"2022-10-14 14:46:02","post_modified_gmt":"2022-10-14 12:46:02","post_content_filtered":"","post_parent":0,"guid":"http:\/\/dev.claret.cat\/autor\/carl-gustav-jung\/","menu_order":0,"post_type":"autor","post_mime_type":"","comment_count":"0","filter":"raw"}],"autor":"JUNG, CARL GUSTAV","codart":"848164524","libros-coleccion":"FORA DE COL.LECCI\u00d3","ediciones":"1","encuadernacion":"R\u00fastica","fecha_de_publicacion":"01\/12\/2003","novedad":"0","paginas":"424","subtitulo":"","orden":"999","portada":"0","idioma":"spa"},"aioseo_notices":[],"_links":{"self":[{"href":"https:\/\/www.claret.cat\/es\/wp-json\/wp\/v2\/product\/353663","targetHints":{"allow":["GET"]}}],"collection":[{"href":"https:\/\/www.claret.cat\/es\/wp-json\/wp\/v2\/product"}],"about":[{"href":"https:\/\/www.claret.cat\/es\/wp-json\/wp\/v2\/types\/product"}],"wp:featuredmedia":[{"embeddable":true,"href":"https:\/\/www.claret.cat\/es\/wp-json\/wp\/v2\/media\/353664"}],"wp:attachment":[{"href":"https:\/\/www.claret.cat\/es\/wp-json\/wp\/v2\/media?parent=353663"}],"wp:term":[{"taxonomy":"product_brand","embeddable":true,"href":"https:\/\/www.claret.cat\/es\/wp-json\/wp\/v2\/product_brand?post=353663"},{"taxonomy":"product_cat","embeddable":true,"href":"https:\/\/www.claret.cat\/es\/wp-json\/wp\/v2\/product_cat?post=353663"},{"taxonomy":"product_tag","embeddable":true,"href":"https:\/\/www.claret.cat\/es\/wp-json\/wp\/v2\/product_tag?post=353663"}],"curies":[{"name":"wp","href":"https:\/\/api.w.org\/{rel}","templated":true}]}}