{"id":353802,"date":"2023-01-14T16:05:23","date_gmt":"2023-01-14T15:05:23","guid":{"rendered":"https:\/\/www.claret.cat\/llibre\/introduccion-a-la-fenomenologia-de-la-religion-9788481648331\/"},"modified":"2024-06-03T17:21:01","modified_gmt":"2024-06-03T15:21:01","slug":"introduccion-a-la-fenomenologia-de-la-religion-9788481648331","status":"publish","type":"product","link":"https:\/\/www.claret.cat\/es\/libro\/introduccion-a-la-fenomenologia-de-la-religion-9788481648331\/","title":{"rendered":"INTRODUCCI\u00d3N A LA FENOMENOLOG\u00cdA DE LA RELIGI\u00d3N"},"content":{"rendered":"<p>La religi\u00f3n ha acompa\u00f1ado a la humanidad a lo largo de toda su historia, est\u00e1 presente en todos los pueblos y ha mantenido una relaci\u00f3n estrecha con todas las culturas. En las religiones se manifiesta a la vez lo m\u00e1s peculiar de la condici\u00f3n humana, los condicionamientos y las caracter\u00edsticas de cada pueblo y la presencia, callada e inconfundible, de la trascendencia con la que cada ser humano se encuentra habitado y a la que le orienta lo mejor de s\u00ed mismo. Las variantes hist\u00f3ricas y culturales de los diferentes grupos humanos explican la pluralidad de las religiones; las invariantes estructurales comunes a todos los humanos y la presencia en todos de un m\u00e1s all\u00e1 de ellos mismos como horizonte de su ser, sus proyectos y sus obras, explican los elementos comunes a todas las religiones y el aire de familia que las emparenta. Todas juntas, las diferentes religiones configuran el hecho religioso, parte integrante del fen\u00f3meno humano y uno de los elementos distintivos que permiten identificarlo. <br \/>Los te\u00f3ricos de la secularizaci\u00f3n divulgaron, a lo largo del siglo xx, la convicci\u00f3n de una pronta desaparici\u00f3n de la religi\u00f3n, al menos en las sociedades avanzadas. Es bien sabido que los hechos no han dado la raz\u00f3n a sus previsiones. Fen\u00f3menos como el retorno de lo sagrado, la proliferaci\u00f3n de nuevos movimientos religiosos, la adaptaci\u00f3n de las religiones establecidas a la situaci\u00f3n de secularizaci\u00f3n y la aparici\u00f3n de radicalismos y fundamentalismos en el seno de algunas de ellas fuerzan a muchos a hablar de un \u00abreencantamiento del mundo\u00bb y de la necesidad de repensar la religi\u00f3n para explicar la situaci\u00f3n de este agitado comienzo del tercer milenio. <br \/>A esto \u00faltimo est\u00e1n contribuyendo notablemente las modernas ciencias de las religiones en cuyo marco se inscribe la fenomenolog\u00eda de la religi\u00f3n a la que pretende introducir este libro. Su prop\u00f3sito es ofrecer claves para captar la estructura significativa de lo religioso y criterios para comprender la compleja situaci\u00f3n religiosa del momento. Cabe esperar, adem\u00e1s, que contribuya a poner de relieve dimensiones profundas y lenguajes olvidados de lo humano que la civilizaci\u00f3n predominantemente cient\u00edfico-t\u00e9cnica tiende a reprimir y ocultar.<\/p>\n","protected":false},"excerpt":{"rendered":"<p>MART\u00cdN VELASCO,JUAN<\/p>\n","protected":false},"featured_media":353830,"template":"","meta":{"_acf_changed":false,"om_disable_all_campaigns":false,"rs_blank_template":"","rs_page_bg_color":"","slide_template_v7":"","inline_featured_image":false,"_monsterinsights_skip_tracking":false,"_monsterinsights_sitenote_active":false,"_monsterinsights_sitenote_note":"","_monsterinsights_sitenote_category":0},"product_brand":[],"product_cat":[349,83,544,94,342,76],"product_tag":[],"class_list":{"0":"post-353802","1":"product","2":"type-product","3":"status-publish","4":"has-post-thumbnail","6":"product_cat-filosofia-2_humanidades","7":"product_cat-filosofia","8":"product_cat-religiones","9":"product_cat-religions","10":"product_cat-teologia-1_espiritualidad","11":"product_cat-teologia","13":"first","14":"instock","15":"taxable","16":"shipping-taxable","17":"purchasable","18":"product-type-simple"},"acf":{"editorial":[{"ID":148906,"post_author":"3","post_date":"2022-10-14 12:01:55","post_date_gmt":"2022-10-14 10:01:55","post_content":"","post_title":"Trotta","post_excerpt":"","post_status":"publish","comment_status":"closed","ping_status":"closed","post_password":"","post_name":"trotta","to_ping":"","pinged":"","post_modified":"2022-10-14 12:01:55","post_modified_gmt":"2022-10-14 10:01:55","post_content_filtered":"","post_parent":0,"guid":"http:\/\/dev.claret.cat\/editorial\/trotta\/","menu_order":0,"post_type":"editorial","post_mime_type":"","comment_count":"0","filter":"raw"}],"autores-libros":[{"ID":161124,"post_author":"3","post_date":"2022-10-14 17:15:41","post_date_gmt":"2022-10-14 15:15:41","post_content":"","post_title":"JUAN MARTIN VELASCO","post_excerpt":"","post_status":"publish","comment_status":"closed","ping_status":"closed","post_password":"","post_name":"juan-martin-velasco","to_ping":"","pinged":"","post_modified":"2022-10-14 17:15:41","post_modified_gmt":"2022-10-14 15:15:41","post_content_filtered":"","post_parent":0,"guid":"http:\/\/dev.claret.cat\/autor\/juan-martin-velasco\/","menu_order":0,"post_type":"autor","post_mime_type":"","comment_count":"0","filter":"raw"}],"autor":"MART\u00cdN VELASCO,JUAN","codart":"848164833","libros-coleccion":"Estructuras y Procesos. Serie Religi\u00f3n","ediciones":"7","encuadernacion":"R\u00fastica","fecha_de_publicacion":"04\/09\/2006","novedad":"0","paginas":"632","subtitulo":"","orden":"999","portada":"0","idioma":"spa"},"aioseo_notices":[],"_links":{"self":[{"href":"https:\/\/www.claret.cat\/es\/wp-json\/wp\/v2\/product\/353802","targetHints":{"allow":["GET"]}}],"collection":[{"href":"https:\/\/www.claret.cat\/es\/wp-json\/wp\/v2\/product"}],"about":[{"href":"https:\/\/www.claret.cat\/es\/wp-json\/wp\/v2\/types\/product"}],"wp:featuredmedia":[{"embeddable":true,"href":"https:\/\/www.claret.cat\/es\/wp-json\/wp\/v2\/media\/353830"}],"wp:attachment":[{"href":"https:\/\/www.claret.cat\/es\/wp-json\/wp\/v2\/media?parent=353802"}],"wp:term":[{"taxonomy":"product_brand","embeddable":true,"href":"https:\/\/www.claret.cat\/es\/wp-json\/wp\/v2\/product_brand?post=353802"},{"taxonomy":"product_cat","embeddable":true,"href":"https:\/\/www.claret.cat\/es\/wp-json\/wp\/v2\/product_cat?post=353802"},{"taxonomy":"product_tag","embeddable":true,"href":"https:\/\/www.claret.cat\/es\/wp-json\/wp\/v2\/product_tag?post=353802"}],"curies":[{"name":"wp","href":"https:\/\/api.w.org\/{rel}","templated":true}]}}