{"id":353816,"date":"2023-01-14T16:11:13","date_gmt":"2023-01-14T15:11:13","guid":{"rendered":"https:\/\/www.claret.cat\/llibre\/el-cristianismo-esencia-e-historia-9788481648829\/"},"modified":"2025-06-02T12:50:26","modified_gmt":"2025-06-02T10:50:26","slug":"el-cristianismo-esencia-e-historia-9788481648829","status":"publish","type":"product","link":"https:\/\/www.claret.cat\/es\/libro\/el-cristianismo-esencia-e-historia-9788481648829\/","title":{"rendered":"EL CRISTIANISMO. ESENCIA E HISTORIA"},"content":{"rendered":"<p>Dentro de su proyecto de examen de la situaci\u00f3n religiosa de nuestro tiempo, en este libro Hans K\u00fcng se ocupa del cristianismo, poder espiritual que sigue presente en todo el mundo y que constituye la mayor de las religiones mundiales. Responder a la pregunta sobre c\u00f3mo y por qu\u00e9 el cristianismo ha llegado a ser lo que es hoy con respecto a lo que podr\u00eda ser implica diferenciar entre las manifestaciones hist\u00f3ricas -contingentes- del cristianismo y la esencia que da cohesi\u00f3n a iglesias tan distintas y siglos cristianos tan diferentes. Es m\u00e9rito de esta obra extraordinaria hacer que la una aparezca a trav\u00e9s del examen cr\u00edtico de las otras. Y ello con vistas a lograr una reforma verdaderamente radical, en la que lo esencial resplandezca de nuevo.<\/p>\n","protected":false},"excerpt":{"rendered":"<p>K\u00dcNG, HANS<\/p>\n","protected":false},"featured_media":1024870,"template":"","meta":{"_acf_changed":false,"om_disable_all_campaigns":false,"rs_blank_template":"","rs_page_bg_color":"","slide_template_v7":"","inline_featured_image":false,"_monsterinsights_skip_tracking":false,"_monsterinsights_sitenote_active":false,"_monsterinsights_sitenote_note":"","_monsterinsights_sitenote_category":0},"product_brand":[],"product_cat":[541,91,543,93,351,85],"product_tag":[],"class_list":{"0":"post-353816","1":"product","2":"type-product","3":"status-publish","4":"has-post-thumbnail","6":"product_cat-cristologia-1_espiritualidad-spa","7":"product_cat-cristologia","8":"product_cat-eclesiologia-es","9":"product_cat-eclesiologia","10":"product_cat-historia-2_humanidades","11":"product_cat-historia","13":"first","14":"outofstock","15":"taxable","16":"shipping-taxable","17":"purchasable","18":"product-type-simple"},"acf":{"editorial":[{"ID":148906,"post_author":"3","post_date":"2022-10-14 12:01:55","post_date_gmt":"2022-10-14 10:01:55","post_content":"","post_title":"Trotta","post_excerpt":"","post_status":"publish","comment_status":"closed","ping_status":"closed","post_password":"","post_name":"trotta","to_ping":"","pinged":"","post_modified":"2022-10-14 12:01:55","post_modified_gmt":"2022-10-14 10:01:55","post_content_filtered":"","post_parent":0,"guid":"http:\/\/dev.claret.cat\/editorial\/trotta\/","menu_order":0,"post_type":"editorial","post_mime_type":"","comment_count":"0","filter":"raw"}],"autores-libros":[{"ID":157357,"post_author":"3","post_date":"2022-10-14 15:28:11","post_date_gmt":"2022-10-14 13:28:11","post_content":"","post_title":"HANS K\u00dcNG","post_excerpt":"","post_status":"publish","comment_status":"closed","ping_status":"closed","post_password":"","post_name":"hans-kung","to_ping":"","pinged":"","post_modified":"2022-10-14 15:28:11","post_modified_gmt":"2022-10-14 13:28:11","post_content_filtered":"","post_parent":0,"guid":"http:\/\/dev.claret.cat\/autor\/hans-kung\/","menu_order":0,"post_type":"autor","post_mime_type":"","comment_count":"0","filter":"raw"}],"autor":"K\u00dcNG, HANS","codart":"848164882","libros-coleccion":"","ediciones":"4","encuadernacion":"Carton\u00e9","fecha_de_publicacion":"21\/11\/2006","novedad":"0","paginas":"0","subtitulo":"","orden":"999","portada":"0","idioma":"spa","booktrailer":"","resenas":""},"aioseo_notices":[],"_links":{"self":[{"href":"https:\/\/www.claret.cat\/es\/wp-json\/wp\/v2\/product\/353816","targetHints":{"allow":["GET"]}}],"collection":[{"href":"https:\/\/www.claret.cat\/es\/wp-json\/wp\/v2\/product"}],"about":[{"href":"https:\/\/www.claret.cat\/es\/wp-json\/wp\/v2\/types\/product"}],"wp:featuredmedia":[{"embeddable":true,"href":"https:\/\/www.claret.cat\/es\/wp-json\/wp\/v2\/media\/1024870"}],"wp:attachment":[{"href":"https:\/\/www.claret.cat\/es\/wp-json\/wp\/v2\/media?parent=353816"}],"wp:term":[{"taxonomy":"product_brand","embeddable":true,"href":"https:\/\/www.claret.cat\/es\/wp-json\/wp\/v2\/product_brand?post=353816"},{"taxonomy":"product_cat","embeddable":true,"href":"https:\/\/www.claret.cat\/es\/wp-json\/wp\/v2\/product_cat?post=353816"},{"taxonomy":"product_tag","embeddable":true,"href":"https:\/\/www.claret.cat\/es\/wp-json\/wp\/v2\/product_tag?post=353816"}],"curies":[{"name":"wp","href":"https:\/\/api.w.org\/{rel}","templated":true}]}}