{"id":353819,"date":"2023-01-14T16:11:23","date_gmt":"2023-01-14T15:11:23","guid":{"rendered":"https:\/\/www.claret.cat\/llibre\/el-judaismo-9788481648836\/"},"modified":"2026-03-18T14:00:27","modified_gmt":"2026-03-18T13:00:27","slug":"el-judaismo-9788481648836","status":"publish","type":"product","link":"https:\/\/www.claret.cat\/es\/libro\/el-judaismo-9788481648836\/","title":{"rendered":"EL JUDA\u00cdSMO"},"content":{"rendered":"<p>\u00abComo en una lente, se reflejan en el juda\u00edsmo todos los problemas religiosos de nuestro tiempo, en el umbral del tercer milenio\u00bb. Por ello, Hans K\u00fcng ha elegido esta religi\u00f3n como comienzo del proyecto global de investigaci\u00f3n sobre la situaci\u00f3n religiosa de nuestro tiempo, que tiene como fin el encontrar unos elementos comunes a todas ellas, m\u00ednimos e imprescindibles para conseguir un acuerdo b\u00e1sico en cuanto a valores vinculantes y criterios inamovibles con los que hacer frente a los retos \u00e9ticos que se presentan a la humanidad en este fin de milenio. En este marco tambi\u00e9n \u00abEl cristianismo\u00bb y \u00abEl islam\u00bb.<\/p>\n","protected":false},"excerpt":{"rendered":"<p>K\u00dcNG, HANS<\/p>\n","protected":false},"featured_media":1090974,"template":"","meta":{"_acf_changed":false,"om_disable_all_campaigns":false,"rs_blank_template":"","rs_page_bg_color":"","slide_template_v7":"","inline_featured_image":false,"_monsterinsights_skip_tracking":false,"_monsterinsights_sitenote_active":false,"_monsterinsights_sitenote_note":"","_monsterinsights_sitenote_category":0},"product_brand":[],"product_cat":[544,94],"product_tag":[],"class_list":{"0":"post-353819","1":"product","2":"type-product","3":"status-publish","4":"has-post-thumbnail","6":"product_cat-religiones","7":"product_cat-religions","9":"first","10":"outofstock","11":"taxable","12":"shipping-taxable","13":"purchasable","14":"product-type-simple"},"acf":{"editorial":[{"ID":6237,"post_author":"3","post_date":"2022-07-28 17:47:53","post_date_gmt":"2022-07-28 15:47:53","post_content":"","post_title":"Editorial Trotta","post_excerpt":"","post_status":"publish","comment_status":"closed","ping_status":"closed","post_password":"","post_name":"editorial-trotta","to_ping":"","pinged":"","post_modified":"2022-07-28 17:47:53","post_modified_gmt":"2022-07-28 15:47:53","post_content_filtered":"","post_parent":0,"guid":"http:\/\/dev.claret.cat\/editorial\/editorial-trotta\/","menu_order":0,"post_type":"editorial","post_mime_type":"","comment_count":"0","filter":"raw"}],"autores-libros":[{"ID":157357,"post_author":"3","post_date":"2022-10-14 15:28:11","post_date_gmt":"2022-10-14 13:28:11","post_content":"","post_title":"HANS K\u00dcNG","post_excerpt":"","post_status":"publish","comment_status":"closed","ping_status":"closed","post_password":"","post_name":"hans-kung","to_ping":"","pinged":"","post_modified":"2022-10-14 15:28:11","post_modified_gmt":"2022-10-14 13:28:11","post_content_filtered":"","post_parent":0,"guid":"http:\/\/dev.claret.cat\/autor\/hans-kung\/","menu_order":0,"post_type":"autor","post_mime_type":"","comment_count":"0","filter":"raw"}],"autor":"K\u00dcNG, HANS","codart":"848164883","libros-coleccion":"Estructuras y procesos. Religi\u00f3n","ediciones":"1","encuadernacion":"Carton\u00e9","fecha_de_publicacion":"01\/05\/2013","novedad":"0","paginas":"0","subtitulo":"PASADO, PRESENTE, FUTURO","orden":"999","portada":"0","idioma":"spa","booktrailer":"","resenas":""},"aioseo_notices":[],"_links":{"self":[{"href":"https:\/\/www.claret.cat\/es\/wp-json\/wp\/v2\/product\/353819","targetHints":{"allow":["GET"]}}],"collection":[{"href":"https:\/\/www.claret.cat\/es\/wp-json\/wp\/v2\/product"}],"about":[{"href":"https:\/\/www.claret.cat\/es\/wp-json\/wp\/v2\/types\/product"}],"wp:featuredmedia":[{"embeddable":true,"href":"https:\/\/www.claret.cat\/es\/wp-json\/wp\/v2\/media\/1090974"}],"wp:attachment":[{"href":"https:\/\/www.claret.cat\/es\/wp-json\/wp\/v2\/media?parent=353819"}],"wp:term":[{"taxonomy":"product_brand","embeddable":true,"href":"https:\/\/www.claret.cat\/es\/wp-json\/wp\/v2\/product_brand?post=353819"},{"taxonomy":"product_cat","embeddable":true,"href":"https:\/\/www.claret.cat\/es\/wp-json\/wp\/v2\/product_cat?post=353819"},{"taxonomy":"product_tag","embeddable":true,"href":"https:\/\/www.claret.cat\/es\/wp-json\/wp\/v2\/product_tag?post=353819"}],"curies":[{"name":"wp","href":"https:\/\/api.w.org\/{rel}","templated":true}]}}