{"id":353837,"date":"2023-01-14T16:15:32","date_gmt":"2023-01-14T15:15:32","guid":{"rendered":"https:\/\/www.claret.cat\/llibre\/libertad-conquistada-memorias-9788481649192\/"},"modified":"2026-03-03T16:38:13","modified_gmt":"2026-03-03T15:38:13","slug":"libertad-conquistada-memorias-9788481649192","status":"publish","type":"product","link":"https:\/\/www.claret.cat\/es\/libro\/libertad-conquistada-memorias-9788481649192\/","title":{"rendered":"LIBERTAD CONQUISTADA. MEMORIAS"},"content":{"rendered":"<p>Las cosas podr\u00edan haber sido muy distintas. Sus comienzos auguraban una carrera eclesi\u00e1stica de primer orden: su formaci\u00f3n ante los ojos del papa en la elitista instituci\u00f3n romana del Collegium Germanicum, su ordenaci\u00f3n sacerdotal en Roma, la sonada tesis doctoral en Par\u00eds, su precoz c\u00e1tedra de teolog\u00eda fundamental a los treinta y dos a\u00f1os y, finalmente, su intervenci\u00f3n como perito en el concilio Vaticano II. Pero la elecci\u00f3n de Hans K\u00fcng fue otra. Opt\u00f3 por la libertad en lugar de acomodarse, prefiri\u00f3 el compromiso con la verdad al sometimiento. En este personal\u00edsimo recorrido por las cuatro primeras d\u00e9cadas de su vida, en el que abundan los datos, an\u00e1lisis y reflexiones, Hans K\u00fcng nos relata c\u00f3mo el alumno mod\u00e9lico y el cardenal en potencia se convirtieron en el hombre que conquista su libertad dentro de la Iglesia, pero tambi\u00e9n contra ella.<\/p>\n<p>       En el primer volumen de su biograf\u00eda, Hans K\u00fcng nos habla de su juventud en Suiza, de la decisi\u00f3n de hacerse sacerdote, de sus dudas y batallas en Roma y en Par\u00eds, as\u00ed como de sus vivencias en el mundo acad\u00e9mico alem\u00e1n, en especial en la universidad de Tubinga. Pero la experiencia determinante de su vida fue sin duda el concilio Vaticano II, en el que K\u00fcng particip\u00f3 como joven asesor en teolog\u00eda y cuyas luchas entre bastidores nos narra con autenticidad como uno de sus testigos finales. Con agudeza anal\u00edtica a la vez que con apasionamiento, el libro relata sus encuentros con presidentes como John F. Kennedy, con papas como Juan XXIII y Pablo VI, con grandes te\u00f3logos como Karl Barth y Karl Rahner, adem\u00e1s de sus viajes por todo el mundo.<\/p>\n<p>       Tenemos ante nosotros la vida de un cristiano que ha sabido defender un cristianismo como el de Jes\u00fas, sin sentirse encorsetado por ninguna clase de tutela de la Iglesia oficial, y alcanzando una libertad conquistada, y no regalada.<\/p>\n","protected":false},"excerpt":{"rendered":"<p>HANS K\u00dcNG<\/p>\n","protected":false},"featured_media":1087332,"template":"","meta":{"_acf_changed":false,"om_disable_all_campaigns":false,"rs_blank_template":"","rs_page_bg_color":"","slide_template_v7":"","inline_featured_image":false,"_monsterinsights_skip_tracking":false,"_monsterinsights_sitenote_active":false,"_monsterinsights_sitenote_note":"","_monsterinsights_sitenote_category":0},"product_brand":[],"product_cat":[549,99,543,93,342,76],"product_tag":[],"class_list":{"0":"post-353837","1":"product","2":"type-product","3":"status-publish","4":"has-post-thumbnail","6":"product_cat-biografias","7":"product_cat-biografies","8":"product_cat-eclesiologia-es","9":"product_cat-eclesiologia","10":"product_cat-teologia-1_espiritualidad","11":"product_cat-teologia","13":"first","14":"instock","15":"taxable","16":"shipping-taxable","17":"purchasable","18":"product-type-simple"},"acf":{"editorial":[{"ID":148906,"post_author":"3","post_date":"2022-10-14 12:01:55","post_date_gmt":"2022-10-14 10:01:55","post_content":"","post_title":"Trotta","post_excerpt":"","post_status":"publish","comment_status":"closed","ping_status":"closed","post_password":"","post_name":"trotta","to_ping":"","pinged":"","post_modified":"2022-10-14 12:01:55","post_modified_gmt":"2022-10-14 10:01:55","post_content_filtered":"","post_parent":0,"guid":"http:\/\/dev.claret.cat\/editorial\/trotta\/","menu_order":0,"post_type":"editorial","post_mime_type":"","comment_count":"0","filter":"raw"}],"autores-libros":[{"ID":157357,"post_author":"3","post_date":"2022-10-14 15:28:11","post_date_gmt":"2022-10-14 13:28:11","post_content":"","post_title":"HANS K\u00dcNG","post_excerpt":"","post_status":"publish","comment_status":"closed","ping_status":"closed","post_password":"","post_name":"hans-kung","to_ping":"","pinged":"","post_modified":"2022-10-14 15:28:11","post_modified_gmt":"2022-10-14 13:28:11","post_content_filtered":"","post_parent":0,"guid":"http:\/\/dev.claret.cat\/autor\/hans-kung\/","menu_order":0,"post_type":"autor","post_mime_type":"","comment_count":"0","filter":"raw"}],"autor":"HANS K\u00dcNG","codart":"848164919","libros-coleccion":"Estructuras y Procesos","ediciones":"1","encuadernacion":"Carpeta","fecha_de_publicacion":"01\/01\/2003","novedad":"0","paginas":"656","subtitulo":"","orden":"999","portada":"0","idioma":"spa","booktrailer":"","resenas":""},"aioseo_notices":[],"_links":{"self":[{"href":"https:\/\/www.claret.cat\/es\/wp-json\/wp\/v2\/product\/353837","targetHints":{"allow":["GET"]}}],"collection":[{"href":"https:\/\/www.claret.cat\/es\/wp-json\/wp\/v2\/product"}],"about":[{"href":"https:\/\/www.claret.cat\/es\/wp-json\/wp\/v2\/types\/product"}],"wp:featuredmedia":[{"embeddable":true,"href":"https:\/\/www.claret.cat\/es\/wp-json\/wp\/v2\/media\/1087332"}],"wp:attachment":[{"href":"https:\/\/www.claret.cat\/es\/wp-json\/wp\/v2\/media?parent=353837"}],"wp:term":[{"taxonomy":"product_brand","embeddable":true,"href":"https:\/\/www.claret.cat\/es\/wp-json\/wp\/v2\/product_brand?post=353837"},{"taxonomy":"product_cat","embeddable":true,"href":"https:\/\/www.claret.cat\/es\/wp-json\/wp\/v2\/product_cat?post=353837"},{"taxonomy":"product_tag","embeddable":true,"href":"https:\/\/www.claret.cat\/es\/wp-json\/wp\/v2\/product_tag?post=353837"}],"curies":[{"name":"wp","href":"https:\/\/api.w.org\/{rel}","templated":true}]}}