{"id":353845,"date":"2023-01-14T16:20:21","date_gmt":"2023-01-14T15:20:21","guid":{"rendered":"https:\/\/www.claret.cat\/llibre\/el-islam-9788481649208\/"},"modified":"2026-01-29T12:40:48","modified_gmt":"2026-01-29T11:40:48","slug":"el-islam-9788481649208","status":"publish","type":"product","link":"https:\/\/www.claret.cat\/es\/libro\/el-islam-9788481649208\/","title":{"rendered":"EL ISLAM"},"content":{"rendered":"<p>El mundo atraviesa una fase delicada y crucial para la nueva configuraci\u00f3n de las relaciones internacionales. La coexistencia entre Occidente y el islam y la convivencia entre las tres religiones abrah\u00e1nicas \u2014juda\u00edsmo, cristianismo e islam\u2014 son cuestiones especialmente acuciantes en este contexto. En lugar del paradigma que propugna un inevitable \u00abchoque de civilizaciones\u00bb, una responsabilidad ecum\u00e9nica global exige llevar a la pr\u00e1ctica, con decisi\u00f3n, un nuevo paradigma del entendimiento, la cooperaci\u00f3n y la integraci\u00f3n pol\u00edtica, econ\u00f3mica y cultural. <br \/>El di\u00e1logo entre las grandes religiones ha sido desde hace d\u00e9cadas el gran empe\u00f1o del te\u00f3logo Hans K\u00fcng, tal y como qued\u00f3 planteado en el marco del programa \u00abNo habr\u00e1 paz en el mundo sin paz entre las religiones\u00bb. Y tambi\u00e9n este libro sobre El islam pretende contribuir al objetivo de capacitar a las personas para el di\u00e1logo desde una presentaci\u00f3n de la historia del islam y de su realidad actual que haga justicia a esta religi\u00f3n. Para Hans K\u00fcng se trata de entender c\u00f3mo el islam ha llegado a ser lo que es y qu\u00e9 puede ser de \u00e9l, en la esperanza de una renovaci\u00f3n del islam desde dentro. Entre la desfiguraci\u00f3n del islam y su glorificaci\u00f3n hay un camino intermedio que, de manera interdisciplinar, intenta transmitir una visi\u00f3n multidimensional de esta religi\u00f3n. <br \/>Con este tercer volumen Hans K\u00fcng concluye el proyecto sobre \u00abLa situaci\u00f3n religiosa de nuestra \u00e9poca\u00bb, iniciado con El juda\u00edsmo. Pasado, presente, futuro (42004) y continuado con El cristianismo. Esencia e historia (32004), ambos publicados en esta misma Editorial.<\/p>\n","protected":false},"excerpt":{"rendered":"<p>K\u00dcNG, HANS<\/p>\n","protected":false},"featured_media":1079626,"template":"","meta":{"_acf_changed":false,"om_disable_all_campaigns":false,"rs_blank_template":"","rs_page_bg_color":"","slide_template_v7":"","inline_featured_image":false,"_monsterinsights_skip_tracking":false,"_monsterinsights_sitenote_active":false,"_monsterinsights_sitenote_note":"","_monsterinsights_sitenote_category":0},"product_brand":[],"product_cat":[544,94],"product_tag":[],"class_list":{"0":"post-353845","1":"product","2":"type-product","3":"status-publish","4":"has-post-thumbnail","6":"product_cat-religiones","7":"product_cat-religions","9":"first","10":"outofstock","11":"taxable","12":"shipping-taxable","13":"purchasable","14":"product-type-simple"},"acf":{"editorial":[{"ID":148906,"post_author":"3","post_date":"2022-10-14 12:01:55","post_date_gmt":"2022-10-14 10:01:55","post_content":"","post_title":"Trotta","post_excerpt":"","post_status":"publish","comment_status":"closed","ping_status":"closed","post_password":"","post_name":"trotta","to_ping":"","pinged":"","post_modified":"2022-10-14 12:01:55","post_modified_gmt":"2022-10-14 10:01:55","post_content_filtered":"","post_parent":0,"guid":"http:\/\/dev.claret.cat\/editorial\/trotta\/","menu_order":0,"post_type":"editorial","post_mime_type":"","comment_count":"0","filter":"raw"}],"autores-libros":[{"ID":157357,"post_author":"3","post_date":"2022-10-14 15:28:11","post_date_gmt":"2022-10-14 13:28:11","post_content":"","post_title":"HANS K\u00dcNG","post_excerpt":"","post_status":"publish","comment_status":"closed","ping_status":"closed","post_password":"","post_name":"hans-kung","to_ping":"","pinged":"","post_modified":"2022-10-14 15:28:11","post_modified_gmt":"2022-10-14 13:28:11","post_content_filtered":"","post_parent":0,"guid":"http:\/\/dev.claret.cat\/autor\/hans-kung\/","menu_order":0,"post_type":"autor","post_mime_type":"","comment_count":"0","filter":"raw"}],"autor":"K\u00dcNG, HANS","codart":"848164920","libros-coleccion":"Estructuras y Procesos. Serie Religi\u00f3n","ediciones":"2","encuadernacion":"Carton\u00e9","fecha_de_publicacion":"02\/05\/2007","novedad":"0","paginas":"856","subtitulo":"HISTORIA, PRESENTE, FUTURO","orden":"999","portada":"0","idioma":"spa","booktrailer":"","resenas":""},"aioseo_notices":[],"_links":{"self":[{"href":"https:\/\/www.claret.cat\/es\/wp-json\/wp\/v2\/product\/353845","targetHints":{"allow":["GET"]}}],"collection":[{"href":"https:\/\/www.claret.cat\/es\/wp-json\/wp\/v2\/product"}],"about":[{"href":"https:\/\/www.claret.cat\/es\/wp-json\/wp\/v2\/types\/product"}],"wp:featuredmedia":[{"embeddable":true,"href":"https:\/\/www.claret.cat\/es\/wp-json\/wp\/v2\/media\/1079626"}],"wp:attachment":[{"href":"https:\/\/www.claret.cat\/es\/wp-json\/wp\/v2\/media?parent=353845"}],"wp:term":[{"taxonomy":"product_brand","embeddable":true,"href":"https:\/\/www.claret.cat\/es\/wp-json\/wp\/v2\/product_brand?post=353845"},{"taxonomy":"product_cat","embeddable":true,"href":"https:\/\/www.claret.cat\/es\/wp-json\/wp\/v2\/product_cat?post=353845"},{"taxonomy":"product_tag","embeddable":true,"href":"https:\/\/www.claret.cat\/es\/wp-json\/wp\/v2\/product_tag?post=353845"}],"curies":[{"name":"wp","href":"https:\/\/api.w.org\/{rel}","templated":true}]}}