{"id":353853,"date":"2023-01-14T16:25:24","date_gmt":"2023-01-14T15:25:24","guid":{"rendered":"https:\/\/www.claret.cat\/llibre\/la-experiencia-cristiana-de-dios-9788481649239\/"},"modified":"2024-05-23T13:31:09","modified_gmt":"2024-05-23T11:31:09","slug":"la-experiencia-cristiana-de-dios-9788481649239","status":"publish","type":"product","link":"https:\/\/www.claret.cat\/es\/libro\/la-experiencia-cristiana-de-dios-9788481649239\/","title":{"rendered":"LA EXPERIENCIA CRISTIANA DE DIOS"},"content":{"rendered":"<p>Muchas voces autorizadas coinciden en proponer, como mejor respuesta al malestar religioso de los pa\u00edses de tradici\u00f3n cristiana, la recuperaci\u00f3n por los creyentes de la dimensi\u00f3n m\u00edstica del cristianismo, es decir, la experiencia personal de Dios. Pero \u00bfes esta experiencia posible en la situaci\u00f3n de secularizaci\u00f3n propia de las &#8216;sociedades avanzadas&#8217;?, \u00bfpuede hacerse la experiencia de Dios en este tiempo en que cultural y socialmente Dios parece haberse eclipsado?<br \/> Los estudios recogidos en la primera parte de este volumen constituyen un ensayo de descripci\u00f3n de la experiencia cristiana de Dios para ayudar a identificar el hecho y a tomar conciencia de las oportunidades que ofrece nuestro tiempo para su realizaci\u00f3n.<br \/> En la segunda parte, el autor cede la palabra a testigos eminentes del cristianismo: Francisco de As\u00eds, Teresa de jes\u00fas, Juan de la Cruz, Manuel Garc\u00eda Morente, Andr\u00e9s Frossard, Dag Hammarskj\u00f6ld, y descubre en sus escritos ecos de las preguntas que los hombres y mujeres de nuestros d\u00edas nos hacemos y de las respuestas que, un poco a tientas, buscamos.<\/p>\n","protected":false},"excerpt":{"rendered":"<p>MART\u00cdN VELASCO, JUAN<\/p>\n","protected":false},"featured_media":353865,"template":"","meta":{"_acf_changed":false,"om_disable_all_campaigns":false,"rs_blank_template":"","rs_page_bg_color":"","slide_template_v7":"","inline_featured_image":false,"_monsterinsights_skip_tracking":false,"_monsterinsights_sitenote_active":false,"_monsterinsights_sitenote_note":"","_monsterinsights_sitenote_category":0},"product_brand":[],"product_cat":[418,284,278,508,486,233],"product_tag":[],"class_list":{"0":"post-353853","1":"product","2":"type-product","3":"status-publish","4":"has-post-thumbnail","6":"product_cat-espiritual-teologia-1_espiritualidad","7":"product_cat-espiritual","8":"product_cat-misteri-de-deu","9":"product_cat-misterio-de-dios","10":"product_cat-mistica-espiritualidad-1_espiritualidad","11":"product_cat-mistica","13":"first","14":"instock","15":"taxable","16":"shipping-taxable","17":"purchasable","18":"product-type-simple"},"acf":{"editorial":[{"ID":6237,"post_author":"3","post_date":"2022-07-28 17:47:53","post_date_gmt":"2022-07-28 15:47:53","post_content":"","post_title":"Editorial Trotta","post_excerpt":"","post_status":"publish","comment_status":"closed","ping_status":"closed","post_password":"","post_name":"editorial-trotta","to_ping":"","pinged":"","post_modified":"2022-07-28 17:47:53","post_modified_gmt":"2022-07-28 15:47:53","post_content_filtered":"","post_parent":0,"guid":"http:\/\/dev.claret.cat\/editorial\/editorial-trotta\/","menu_order":0,"post_type":"editorial","post_mime_type":"","comment_count":"0","filter":"raw"}],"autores-libros":[{"ID":161124,"post_author":"3","post_date":"2022-10-14 17:15:41","post_date_gmt":"2022-10-14 15:15:41","post_content":"","post_title":"JUAN MARTIN VELASCO","post_excerpt":"","post_status":"publish","comment_status":"closed","ping_status":"closed","post_password":"","post_name":"juan-martin-velasco","to_ping":"","pinged":"","post_modified":"2022-10-14 17:15:41","post_modified_gmt":"2022-10-14 15:15:41","post_content_filtered":"","post_parent":0,"guid":"http:\/\/dev.claret.cat\/autor\/juan-martin-velasco\/","menu_order":0,"post_type":"autor","post_mime_type":"","comment_count":"0","filter":"raw"}],"autor":"MART\u00cdN VELASCO, JUAN","codart":"848164923","libros-coleccion":"Estructuras y Procesos. Serie Religi\u00f3n","ediciones":"1","encuadernacion":"R\u00fastica","fecha_de_publicacion":"01\/05\/2007","novedad":"0","paginas":"0","subtitulo":"","orden":"0","portada":"0","idioma":"spa"},"aioseo_notices":[],"_links":{"self":[{"href":"https:\/\/www.claret.cat\/es\/wp-json\/wp\/v2\/product\/353853","targetHints":{"allow":["GET"]}}],"collection":[{"href":"https:\/\/www.claret.cat\/es\/wp-json\/wp\/v2\/product"}],"about":[{"href":"https:\/\/www.claret.cat\/es\/wp-json\/wp\/v2\/types\/product"}],"wp:featuredmedia":[{"embeddable":true,"href":"https:\/\/www.claret.cat\/es\/wp-json\/wp\/v2\/media\/353865"}],"wp:attachment":[{"href":"https:\/\/www.claret.cat\/es\/wp-json\/wp\/v2\/media?parent=353853"}],"wp:term":[{"taxonomy":"product_brand","embeddable":true,"href":"https:\/\/www.claret.cat\/es\/wp-json\/wp\/v2\/product_brand?post=353853"},{"taxonomy":"product_cat","embeddable":true,"href":"https:\/\/www.claret.cat\/es\/wp-json\/wp\/v2\/product_cat?post=353853"},{"taxonomy":"product_tag","embeddable":true,"href":"https:\/\/www.claret.cat\/es\/wp-json\/wp\/v2\/product_tag?post=353853"}],"curies":[{"name":"wp","href":"https:\/\/api.w.org\/{rel}","templated":true}]}}