{"id":353967,"date":"2023-01-14T16:44:38","date_gmt":"2023-01-14T15:44:38","guid":{"rendered":"https:\/\/www.claret.cat\/llibre\/lectio-divina-para-la-vida-diaria-1-los-relatos-de-la-pasion-9788481691658\/"},"modified":"2024-05-23T13:21:25","modified_gmt":"2024-05-23T11:21:25","slug":"lectio-divina-para-la-vida-diaria-1-los-relatos-de-la-pasion-9788481691658","status":"publish","type":"product","link":"https:\/\/www.claret.cat\/es\/libro\/lectio-divina-para-la-vida-diaria-1-los-relatos-de-la-pasion-9788481691658\/","title":{"rendered":"LECTIO DIVINA PARA LA VIDA DIARIA 1. LOS RELATOS DE LA PASION"},"content":{"rendered":"<p>Los relatos de la Pasi\u00f3n, muerte y resurrecci\u00f3n, se recordaban habitualmente al celebrar el memorial de la cena y al hablar de Jes\u00fas. No es un simple relato de cronista, sino un anuncio cargado de fe. Se trata de creyentes que hablan a otros que ya creen o que se abren a la fe. La acogida que se brinde hoy a estos relatos tambi\u00e9n ser\u00e1 fructuosa y repercutir\u00e1 directamente en la vida creyente.<\/p>\n","protected":false},"excerpt":{"rendered":"<p>VERBO DIVINO<\/p>\n","protected":false},"featured_media":371753,"template":"","meta":{"_acf_changed":false,"om_disable_all_campaigns":false,"rs_blank_template":"","rs_page_bg_color":"","slide_template_v7":"","inline_featured_image":false,"_monsterinsights_skip_tracking":false,"_monsterinsights_sitenote_active":false,"_monsterinsights_sitenote_note":"","_monsterinsights_sitenote_category":0},"product_brand":[],"product_cat":[234,487,499,251,240,395,507,266],"product_tag":[],"class_list":{"0":"post-353967","1":"product","2":"type-product","3":"status-publish","4":"has-post-thumbnail","6":"product_cat-cristocentrica","7":"product_cat-cristocentrica-espiritualidad-1_espiritualidad","8":"product_cat-de-las-horas","9":"product_cat-de-les-hores","10":"product_cat-vida-religiosa-espiritualitat","11":"product_cat-vida-religiosa-espiritualidad-1_espiritualidad","12":"product_cat-vocacional-pastoral-1_espiritualidad","13":"product_cat-vocacional","15":"first","16":"outofstock","17":"taxable","18":"shipping-taxable","19":"purchasable","20":"product-type-simple"},"acf":{"editorial":[{"ID":6390,"post_author":"3","post_date":"2022-07-28 17:51:08","post_date_gmt":"2022-07-28 15:51:08","post_content":"","post_title":"VERBO DIVINO","post_excerpt":"","post_status":"publish","comment_status":"closed","ping_status":"closed","post_password":"","post_name":"verbo-divino","to_ping":"","pinged":"","post_modified":"2022-07-28 17:51:08","post_modified_gmt":"2022-07-28 15:51:08","post_content_filtered":"","post_parent":0,"guid":"http:\/\/dev.claret.cat\/editorial\/verbo-divino\/","menu_order":0,"post_type":"editorial","post_mime_type":"","comment_count":"0","filter":"raw"}],"autores-libros":[{"ID":353966,"post_author":"3","post_date":"2023-01-14 16:44:35","post_date_gmt":"2023-01-14 15:44:35","post_content":"","post_title":"ZEVINI GIORGIO","post_excerpt":"","post_status":"publish","comment_status":"closed","ping_status":"closed","post_password":"","post_name":"zevini-giorgio","to_ping":"","pinged":"","post_modified":"2023-01-14 16:44:35","post_modified_gmt":"2023-01-14 15:44:35","post_content_filtered":"","post_parent":0,"guid":"https:\/\/www.claret.cat\/autor\/zevini-giorgio\/","menu_order":0,"post_type":"autor","post_mime_type":"","comment_count":"0","filter":"raw"},{"ID":353965,"post_author":"3","post_date":"2023-01-14 16:44:34","post_date_gmt":"2023-01-14 15:44:34","post_content":"","post_title":"PIER (eds) GIORDANO CABRA","post_excerpt":"","post_status":"publish","comment_status":"closed","ping_status":"closed","post_password":"","post_name":"pier-eds-giordano-cabra","to_ping":"","pinged":"","post_modified":"2023-01-14 16:44:34","post_modified_gmt":"2023-01-14 15:44:34","post_content_filtered":"","post_parent":0,"guid":"https:\/\/www.claret.cat\/autor\/pier-eds-giordano-cabra\/","menu_order":0,"post_type":"autor","post_mime_type":"","comment_count":"0","filter":"raw"}],"autor":"VERBO DIVINO","codart":"848169165","libros-coleccion":"Lectio Divina","ediciones":"1","encuadernacion":"R\u00fastica","fecha_de_publicacion":"20\/02\/2006","novedad":"0","paginas":"300","subtitulo":"","orden":"999","portada":"0","idioma":"spa"},"aioseo_notices":[],"_links":{"self":[{"href":"https:\/\/www.claret.cat\/es\/wp-json\/wp\/v2\/product\/353967","targetHints":{"allow":["GET"]}}],"collection":[{"href":"https:\/\/www.claret.cat\/es\/wp-json\/wp\/v2\/product"}],"about":[{"href":"https:\/\/www.claret.cat\/es\/wp-json\/wp\/v2\/types\/product"}],"wp:featuredmedia":[{"embeddable":true,"href":"https:\/\/www.claret.cat\/es\/wp-json\/wp\/v2\/media\/371753"}],"wp:attachment":[{"href":"https:\/\/www.claret.cat\/es\/wp-json\/wp\/v2\/media?parent=353967"}],"wp:term":[{"taxonomy":"product_brand","embeddable":true,"href":"https:\/\/www.claret.cat\/es\/wp-json\/wp\/v2\/product_brand?post=353967"},{"taxonomy":"product_cat","embeddable":true,"href":"https:\/\/www.claret.cat\/es\/wp-json\/wp\/v2\/product_cat?post=353967"},{"taxonomy":"product_tag","embeddable":true,"href":"https:\/\/www.claret.cat\/es\/wp-json\/wp\/v2\/product_tag?post=353967"}],"curies":[{"name":"wp","href":"https:\/\/api.w.org\/{rel}","templated":true}]}}