{"id":354,"date":"2022-07-27T15:14:04","date_gmt":"2022-07-27T13:14:04","guid":{"rendered":"http:\/\/dev.claret.cat\/producto\/misal-romano-ii-para-los-fieles-8417459456\/"},"modified":"2024-10-10T19:05:28","modified_gmt":"2024-10-10T17:05:28","slug":"misal-romano-ii-para-los-fieles-9788417459451","status":"publish","type":"product","link":"https:\/\/www.claret.cat\/es\/libro\/misal-romano-ii-para-los-fieles-9788417459451\/","title":{"rendered":"MISAL ROMANO &#8211; II &#8211; PARA LOS FIELES"},"content":{"rendered":"<p>Versi\u00f3n actualizada del Misal Romano para uso de los fieles, con la eucolog\u00eda y las lecturas para cada d\u00eda del a\u00f1o lit\u00fargico.<br \/>Este subsidio quiere ser una ayuda para el pueblo de Dios. Con cada uno de estos dos ejemplares, m\u00e1s manejables, podr\u00e1n gustar y contemplar toda esa riqueza que la liturgia diaria nos ofrece para alimento de nuestra oraci\u00f3n personal.<br \/>Esta publicaci\u00f3n no est\u00e1 pensada para la celebraci\u00f3n ?para esto est\u00e1n disponibles las ediciones minor de los libros lit\u00fargicos?, pero ser\u00e1 una ayuda valiosa para todos, de manera especial para aquellos que ejercen alg\u00fan ministerio en la liturgia: lectores, ac\u00f3litos, salmistas, directores del canto; tambi\u00e9n para los catequistas.<br \/>Volumen II<br \/>Contiene los textos lit\u00fargicos para el tiempo ordinario, Propio de los santos correspondiente al tiempo ordinario, misas comunes, misas votivas y misas de difuntos.<\/p>\n","protected":false},"excerpt":{"rendered":"<p>EDICE<\/p>\n","protected":false},"featured_media":330338,"template":"","meta":{"_acf_changed":false,"om_disable_all_campaigns":false,"rs_blank_template":"","rs_page_bg_color":"","slide_template_v7":"","inline_featured_image":false,"_monsterinsights_skip_tracking":false,"_monsterinsights_sitenote_active":false,"_monsterinsights_sitenote_note":"","_monsterinsights_sitenote_category":0},"product_brand":[],"product_cat":[252,399,253,400,254,500,255,398],"product_tag":[],"class_list":{"0":"post-354","1":"product","2":"type-product","3":"status-publish","4":"has-post-thumbnail","6":"product_cat-altres-rituals","7":"product_cat-any-liturgic-liturgia-1_espiritualidad","8":"product_cat-any-liturgic","9":"product_cat-leccionarios","10":"product_cat-leccionaris","11":"product_cat-misales","12":"product_cat-missals","13":"product_cat-otros-rituales","15":"first","16":"instock","17":"taxable","18":"shipping-taxable","19":"purchasable","20":"product-type-simple"},"acf":{"autor":"EDICE","codart":"841745945","ediciones":"1","encuadernacion":"[Vac\u00edo]","fecha_de_publicacion":"20\/06\/2022","novedad":"0","paginas":"2050","subtitulo":"","orden":"999","portada":"0","idioma":"spa","libros-coleccion":"FORA DE COL.LECCI\u00d3","autores-libros":[{"ID":5416,"post_author":"3","post_date":"2022-07-28 17:23:29","post_date_gmt":"2022-07-28 15:23:29","post_content":"","post_title":"EDICE","post_excerpt":"","post_status":"publish","comment_status":"closed","ping_status":"closed","post_password":"","post_name":"edice","to_ping":"","pinged":"","post_modified":"2022-07-28 17:23:29","post_modified_gmt":"2022-07-28 15:23:29","post_content_filtered":"","post_parent":0,"guid":"http:\/\/dev.claret.cat\/autor\/edice\/","menu_order":0,"post_type":"autor","post_mime_type":"","comment_count":"0","filter":"raw"}],"editorial":[{"ID":6194,"post_author":"3","post_date":"2022-07-28 17:46:55","post_date_gmt":"2022-07-28 15:46:55","post_content":"","post_title":"EDICE - Conf. Episc.","post_excerpt":"","post_status":"publish","comment_status":"closed","ping_status":"closed","post_password":"","post_name":"edice-conf-episc","to_ping":"","pinged":"","post_modified":"2022-07-28 17:46:55","post_modified_gmt":"2022-07-28 15:46:55","post_content_filtered":"","post_parent":0,"guid":"http:\/\/dev.claret.cat\/editorial\/edice-conf-episc\/","menu_order":0,"post_type":"editorial","post_mime_type":"","comment_count":"0","filter":"raw"}]},"aioseo_notices":[],"_links":{"self":[{"href":"https:\/\/www.claret.cat\/es\/wp-json\/wp\/v2\/product\/354","targetHints":{"allow":["GET"]}}],"collection":[{"href":"https:\/\/www.claret.cat\/es\/wp-json\/wp\/v2\/product"}],"about":[{"href":"https:\/\/www.claret.cat\/es\/wp-json\/wp\/v2\/types\/product"}],"wp:featuredmedia":[{"embeddable":true,"href":"https:\/\/www.claret.cat\/es\/wp-json\/wp\/v2\/media\/330338"}],"wp:attachment":[{"href":"https:\/\/www.claret.cat\/es\/wp-json\/wp\/v2\/media?parent=354"}],"wp:term":[{"taxonomy":"product_brand","embeddable":true,"href":"https:\/\/www.claret.cat\/es\/wp-json\/wp\/v2\/product_brand?post=354"},{"taxonomy":"product_cat","embeddable":true,"href":"https:\/\/www.claret.cat\/es\/wp-json\/wp\/v2\/product_cat?post=354"},{"taxonomy":"product_tag","embeddable":true,"href":"https:\/\/www.claret.cat\/es\/wp-json\/wp\/v2\/product_tag?post=354"}],"curies":[{"name":"wp","href":"https:\/\/api.w.org\/{rel}","templated":true}]}}