{"id":354024,"date":"2023-01-14T16:47:58","date_gmt":"2023-01-14T15:47:58","guid":{"rendered":"https:\/\/www.claret.cat\/llibre\/testamento-del-pajaro-solitario-9788481692389\/"},"modified":"2024-05-23T13:16:43","modified_gmt":"2024-05-23T11:16:43","slug":"testamento-del-pajaro-solitario-9788481692389","status":"publish","type":"product","link":"https:\/\/www.claret.cat\/es\/libro\/testamento-del-pajaro-solitario-9788481692389\/","title":{"rendered":"TESTAMENTO DEL P\u00c1JARO SOLITARIO"},"content":{"rendered":"<p>Quince a\u00f1os despu\u00e9s de que viera la luz la primera edici\u00f3n del Testamento del P\u00e1jaro Solitario, y con motivo de la celebraci\u00f3n de los 50 a\u00f1os, Verbo Divino presenta una edici\u00f3n especial de los hermosos poemas de Jos\u00e9 Luis Mart\u00edn Descalzo. <br \/>Desde su salida, muchas personas encontraron en los versos de este libro \u2014sinceros, profundos\u2014 \u201csu propia alma, su autobiograf\u00eda personal\u201d, tal como Jos\u00e9 Luis \u201cso\u00f1aba\u201d que ocurriera.<br \/>La nueva edici\u00f3n aparece con una presentaci\u00f3n especial y un cuidado dise\u00f1o, con el fin de hacer m\u00e1s agradable su lectura o su relectura.<\/p>\n","protected":false},"excerpt":{"rendered":"<p>MART\u00cdN DESCALZO,JOS\u00c9 LUIS<\/p>\n","protected":false},"featured_media":371777,"template":"","meta":{"_acf_changed":false,"om_disable_all_campaigns":false,"rs_blank_template":"","rs_page_bg_color":"","slide_template_v7":"","inline_featured_image":false,"_monsterinsights_skip_tracking":false,"_monsterinsights_sitenote_active":false,"_monsterinsights_sitenote_note":"","_monsterinsights_sitenote_category":0},"product_brand":[],"product_cat":[497,248,394,236],"product_tag":[],"class_list":{"0":"post-354024","1":"product","2":"type-product","3":"status-publish","4":"has-post-thumbnail","6":"product_cat-meditaciones","7":"product_cat-meditacions","8":"product_cat-vida-cotidiana","9":"product_cat-vida-quotidiana","11":"first","12":"instock","13":"taxable","14":"shipping-taxable","15":"purchasable","16":"product-type-simple"},"acf":{"editorial":[{"ID":6390,"post_author":"3","post_date":"2022-07-28 17:51:08","post_date_gmt":"2022-07-28 15:51:08","post_content":"","post_title":"VERBO DIVINO","post_excerpt":"","post_status":"publish","comment_status":"closed","ping_status":"closed","post_password":"","post_name":"verbo-divino","to_ping":"","pinged":"","post_modified":"2022-07-28 17:51:08","post_modified_gmt":"2022-07-28 15:51:08","post_content_filtered":"","post_parent":0,"guid":"http:\/\/dev.claret.cat\/editorial\/verbo-divino\/","menu_order":0,"post_type":"editorial","post_mime_type":"","comment_count":"0","filter":"raw"}],"autores-libros":[{"ID":160342,"post_author":"3","post_date":"2022-10-14 15:52:17","post_date_gmt":"2022-10-14 13:52:17","post_content":"","post_title":"JOS\u00c9 LUIS MART\u00cdN DESCALZO","post_excerpt":"","post_status":"publish","comment_status":"closed","ping_status":"closed","post_password":"","post_name":"jose-luis-martin-descalzo","to_ping":"","pinged":"","post_modified":"2022-10-14 15:52:17","post_modified_gmt":"2022-10-14 13:52:17","post_content_filtered":"","post_parent":0,"guid":"http:\/\/dev.claret.cat\/autor\/jose-luis-martin-descalzo\/","menu_order":0,"post_type":"autor","post_mime_type":"","comment_count":"0","filter":"raw"}],"autor":"MART\u00cdN DESCALZO,JOS\u00c9 LUIS","codart":"848169238","libros-coleccion":"Palabra y Vida","ediciones":"1","encuadernacion":"Carton\u00e9","fecha_de_publicacion":"19\/04\/2006","novedad":"0","paginas":"108","subtitulo":"","orden":"999","portada":"0","idioma":"spa"},"aioseo_notices":[],"_links":{"self":[{"href":"https:\/\/www.claret.cat\/es\/wp-json\/wp\/v2\/product\/354024","targetHints":{"allow":["GET"]}}],"collection":[{"href":"https:\/\/www.claret.cat\/es\/wp-json\/wp\/v2\/product"}],"about":[{"href":"https:\/\/www.claret.cat\/es\/wp-json\/wp\/v2\/types\/product"}],"wp:featuredmedia":[{"embeddable":true,"href":"https:\/\/www.claret.cat\/es\/wp-json\/wp\/v2\/media\/371777"}],"wp:attachment":[{"href":"https:\/\/www.claret.cat\/es\/wp-json\/wp\/v2\/media?parent=354024"}],"wp:term":[{"taxonomy":"product_brand","embeddable":true,"href":"https:\/\/www.claret.cat\/es\/wp-json\/wp\/v2\/product_brand?post=354024"},{"taxonomy":"product_cat","embeddable":true,"href":"https:\/\/www.claret.cat\/es\/wp-json\/wp\/v2\/product_cat?post=354024"},{"taxonomy":"product_tag","embeddable":true,"href":"https:\/\/www.claret.cat\/es\/wp-json\/wp\/v2\/product_tag?post=354024"}],"curies":[{"name":"wp","href":"https:\/\/api.w.org\/{rel}","templated":true}]}}