{"id":35404,"date":"2022-10-02T18:03:08","date_gmt":"2022-10-02T16:03:08","guid":{"rendered":"http:\/\/dev.claret.cat\/producte\/amor-a-lart\/"},"modified":"2024-01-31T18:24:13","modified_gmt":"2024-01-31T17:24:13","slug":"amor-a-lart-9788419107237","status":"publish","type":"product","link":"https:\/\/www.claret.cat\/es\/libro\/amor-a-lart-9788419107237\/","title":{"rendered":"AMOR A L&#8217;ART"},"content":{"rendered":"<p>Premi Prudenci Bertrana 2021.<br \/> A la Barcelona dels anys setanta, l&#8217;Olivia est\u00e0 a punt de llicenciar-se a la Facultat de Filosofia i Lletres en l&#8217;especialitat d&#8217;Hist\u00f2ria de l&#8217;Art. Vinguda del poble cinc anys abans, viu al barri G\u00f2tic amb el seu avi, un antiquari del carrer de la Palla al qual ajuda en les seves estones lliures, alhora que surt amb un reporter gr\u00e0fic que cobreix els esdeveniments m\u00e9s rellevants del franquisme.<br \/> Durant el buidatge d&#8217;un pis d&#8217;un important col\u00b7leccionista d&#8217;art, d&#8217;origen austr\u00edac, l&#8217;Olivia descobreix l&#8217;autoretrat de la Val\u00e8ria Sans, una pintora d&#8217;avantguarda desconeguda que va viure al Montparnasse dels anys vint i es va relacionar amb els grans artistes del moment. La seva mort prematura i el fet de ser una dona la van enterrar en l&#8217;oblit. Aquest descobriment representar\u00e0 un mirall edificant i una gran motivaci\u00f3 per a la traject\u00f2ria vital de l&#8217;Olivia, que quedar\u00e0 marcada per sempre.<\/p>\n","protected":false},"excerpt":{"rendered":"<p>JUSTE, T\u00c0NIA<\/p>\n","protected":false},"featured_media":52191,"template":"","meta":{"_acf_changed":false,"om_disable_all_campaigns":false,"rs_blank_template":"","rs_page_bg_color":"","slide_template_v7":"","inline_featured_image":false,"_monsterinsights_skip_tracking":false,"_monsterinsights_sitenote_active":false,"_monsterinsights_sitenote_note":"","_monsterinsights_sitenote_category":0},"product_brand":[],"product_cat":[127,130,357,360],"product_tag":[],"class_list":{"0":"post-35404","1":"product","2":"type-product","3":"status-publish","4":"has-post-thumbnail","6":"product_cat-novella-contemporania","7":"product_cat-novella-historica-i-ficcio","8":"product_cat-novela-contemporanea","9":"product_cat-novela-historica-y-ficcion","11":"first","12":"instock","13":"taxable","14":"shipping-taxable","15":"purchasable","16":"product-type-simple"},"acf":{"autor":"JUSTE, T\u00c0NIA","codart":"841910723","libros-coleccion":"LABUTXACA","ediciones":"1","encuadernacion":"R\u00fastica","fecha_de_publicacion":"01\/08\/2022","novedad":"1","paginas":"411","subtitulo":"PREMI PRUDENCI BERTRANA 2021","orden":"0","portada":"0","idioma":"cat","editorial":[{"ID":6281,"post_author":"3","post_date":"2022-07-28 17:48:50","post_date_gmt":"2022-07-28 15:48:50","post_content":"","post_title":"LABUTXACA","post_excerpt":"","post_status":"publish","comment_status":"closed","ping_status":"closed","post_password":"","post_name":"labutxaca","to_ping":"","pinged":"","post_modified":"2022-07-28 17:48:50","post_modified_gmt":"2022-07-28 15:48:50","post_content_filtered":"","post_parent":0,"guid":"http:\/\/dev.claret.cat\/editorial\/labutxaca\/","menu_order":0,"post_type":"editorial","post_mime_type":"","comment_count":"0","filter":"raw"}],"autores-libros":[{"ID":170125,"post_author":"3","post_date":"2022-10-14 22:32:47","post_date_gmt":"2022-10-14 20:32:47","post_content":"","post_title":"T\u00c0NIA JUSTE","post_excerpt":"","post_status":"publish","comment_status":"closed","ping_status":"closed","post_password":"","post_name":"tania-juste","to_ping":"","pinged":"","post_modified":"2022-10-14 22:32:47","post_modified_gmt":"2022-10-14 20:32:47","post_content_filtered":"","post_parent":0,"guid":"http:\/\/dev.claret.cat\/autor\/tania-juste\/","menu_order":0,"post_type":"autor","post_mime_type":"","comment_count":"0","filter":"raw"}]},"aioseo_notices":[],"_links":{"self":[{"href":"https:\/\/www.claret.cat\/es\/wp-json\/wp\/v2\/product\/35404","targetHints":{"allow":["GET"]}}],"collection":[{"href":"https:\/\/www.claret.cat\/es\/wp-json\/wp\/v2\/product"}],"about":[{"href":"https:\/\/www.claret.cat\/es\/wp-json\/wp\/v2\/types\/product"}],"wp:featuredmedia":[{"embeddable":true,"href":"https:\/\/www.claret.cat\/es\/wp-json\/wp\/v2\/media\/52191"}],"wp:attachment":[{"href":"https:\/\/www.claret.cat\/es\/wp-json\/wp\/v2\/media?parent=35404"}],"wp:term":[{"taxonomy":"product_brand","embeddable":true,"href":"https:\/\/www.claret.cat\/es\/wp-json\/wp\/v2\/product_brand?post=35404"},{"taxonomy":"product_cat","embeddable":true,"href":"https:\/\/www.claret.cat\/es\/wp-json\/wp\/v2\/product_cat?post=35404"},{"taxonomy":"product_tag","embeddable":true,"href":"https:\/\/www.claret.cat\/es\/wp-json\/wp\/v2\/product_tag?post=35404"}],"curies":[{"name":"wp","href":"https:\/\/api.w.org\/{rel}","templated":true}]}}