{"id":35410,"date":"2022-10-02T18:03:15","date_gmt":"2022-10-02T16:03:15","guid":{"rendered":"http:\/\/dev.claret.cat\/producte\/els-instruments-de-musica-tradicionals\/"},"modified":"2023-10-06T08:48:44","modified_gmt":"2023-10-06T06:48:44","slug":"els-instruments-de-musica-tradicionals-9788418096396","status":"publish","type":"product","link":"https:\/\/www.claret.cat\/es\/libro\/els-instruments-de-musica-tradicionals-9788418096396\/","title":{"rendered":"ELS INSTRUMENTS DE M\u00daSICA TRADICIONALS"},"content":{"rendered":"<p>Aquest llibre posa l&#8221;\u00e8mfasi en els instruments tradicionals, aquells que hem triat com a identitat de la nostra cultura, per\u00f2 tamb\u00e9 en d&#8221;altres de molt populars, que no sempre s&#8221;han considerat dignes de ser estudiats al m\u00f3n acad\u00e8mic i que han tingut les seves pr\u00f2pies maneres de transmetre la informaci\u00f3 -sovint de forma oral- per ser tocats o, fins i tot, constru\u00efts. <br \/> Els instruments musicals s\u00f3n eines creades per generar sons de tota mena: sons per emocionar, per ballar, per cantar, per avisar, per jugar, per comunicar, per transcendir, per generar comunitat o per entretenir-nos. Catalunya \u00e9s un lloc ric pel que fa a la pres\u00e8ncia d&#8221;instruments de tot tipus: n&#8221;\u00e9s territori creador i \u00e9s, a la vegada, espai d&#8221;acollida i transformaci\u00f3 de molts instruments d&#8221;altres llocs.  <br \/> D&#8221;instruments n&#8221;hi ha de moltes classes diferents. Alguns es poden estudiar al conservatori i sentir-se a les sales de concert, d&#8221;altres tan sols els sentirem en un \u00fanic ritual a l&#8221;any en un lloc concret i alguns altres dubtarem si cal considerar-los o no instruments per la seva funci\u00f3 o senzillesa i per la proximitat al m\u00f3n de la joguina. <br \/> L&#8221;estudi analitza tot l&#8221;univers sonor de la cultura tradicional, des de la m\u00fasica que es pot fer amb el propi cos (veus que canten, sons que utilitzen el cos com a instrument) fins als instruments que no fan m\u00fasica (campana, xiulet), tot passant pels nostres instruments identitaris (gralles, dol\u00e7aines, tarotes, flabiols, tambor, cornamusa), els instruments tradicionals transformats per a la sardana, l&#8221;acordi\u00f3 diat\u00f2nic del Pirineu, els instruments de percussi\u00f3 (pandero, tambor, timbal, tabal), els instruments de corda (guitarres, arpes, salpiris, rabecs, violins, viola de roda) i les agrupacions musicals com ara corals, cobles, rondalles, bandes i xarangues i grups de folk. <br \/> Com \u00e9s habitual a la col\u00b7lecci\u00f3, l&#8221;obra t\u00e9 una gran voluntat gr\u00e0fica, amb fotografies d&#8221;arxiu i actuals. Malgrat el rigor i l&#8221;aportaci\u00f3 de dades, el llenguatge \u00e9s de caire divulgatiu; est\u00e0, per tant, adre\u00e7at a tots els p\u00fablics i pensat tant per a aquells que s&#8221;interessen per primera vegada pel m\u00f3n dels instruments tradicionals com per aquells altres que cerquen una informaci\u00f3 m\u00e9s contrastada i detallada.<\/p>\n","protected":false},"excerpt":{"rendered":"<p>FALC\u00d3 IB\u00c0\u00d1EZ, ANA\u00cdS<\/p>\n","protected":false},"featured_media":52195,"template":"","meta":{"_acf_changed":false,"om_disable_all_campaigns":false,"rs_blank_template":"","rs_page_bg_color":"","slide_template_v7":"","inline_featured_image":false,"_monsterinsights_skip_tracking":false,"_monsterinsights_sitenote_active":false,"_monsterinsights_sitenote_note":"","_monsterinsights_sitenote_category":0},"product_brand":[],"product_cat":[110],"product_tag":[],"class_list":{"0":"post-35410","1":"product","2":"type-product","3":"status-publish","4":"has-post-thumbnail","6":"product_cat-art","8":"first","9":"instock","10":"taxable","11":"shipping-taxable","12":"purchasable","13":"product-type-simple"},"acf":{"autor":"FALC\u00d3 IB\u00c0\u00d1EZ, ANA\u00cdS","codart":"841809639","libros-coleccion":"FORA DE COL.LECCI\u00d3","ediciones":"1","encuadernacion":"R\u00fastica","fecha_de_publicacion":"01\/06\/2022","novedad":"1","paginas":"184","subtitulo":"","orden":"0","portada":"0","idioma":"cat","editorial":[{"ID":147565,"post_author":"3","post_date":"2022-10-14 11:51:33","post_date_gmt":"2022-10-14 09:51:33","post_content":"","post_title":"BRAU EDICIONS S L","post_excerpt":"","post_status":"publish","comment_status":"closed","ping_status":"closed","post_password":"","post_name":"brau-edicions-s-l","to_ping":"","pinged":"","post_modified":"2022-10-14 11:51:33","post_modified_gmt":"2022-10-14 09:51:33","post_content_filtered":"","post_parent":0,"guid":"http:\/\/dev.claret.cat\/editorial\/brau-edicions-s-l\/","menu_order":0,"post_type":"editorial","post_mime_type":"","comment_count":"0","filter":"raw"}],"autores-libros":[{"ID":150160,"post_author":"3","post_date":"2022-10-14 14:30:43","post_date_gmt":"2022-10-14 12:30:43","post_content":"","post_title":"ANA\u00cdS FALC\u00d3 IB\u00c0\u00d1EZ","post_excerpt":"","post_status":"publish","comment_status":"closed","ping_status":"closed","post_password":"","post_name":"anais-falco-ibanez","to_ping":"","pinged":"","post_modified":"2022-10-14 14:30:43","post_modified_gmt":"2022-10-14 12:30:43","post_content_filtered":"","post_parent":0,"guid":"http:\/\/dev.claret.cat\/autor\/anais-falco-ibanez\/","menu_order":0,"post_type":"autor","post_mime_type":"","comment_count":"0","filter":"raw"}]},"aioseo_notices":[],"_links":{"self":[{"href":"https:\/\/www.claret.cat\/es\/wp-json\/wp\/v2\/product\/35410","targetHints":{"allow":["GET"]}}],"collection":[{"href":"https:\/\/www.claret.cat\/es\/wp-json\/wp\/v2\/product"}],"about":[{"href":"https:\/\/www.claret.cat\/es\/wp-json\/wp\/v2\/types\/product"}],"wp:featuredmedia":[{"embeddable":true,"href":"https:\/\/www.claret.cat\/es\/wp-json\/wp\/v2\/media\/52195"}],"wp:attachment":[{"href":"https:\/\/www.claret.cat\/es\/wp-json\/wp\/v2\/media?parent=35410"}],"wp:term":[{"taxonomy":"product_brand","embeddable":true,"href":"https:\/\/www.claret.cat\/es\/wp-json\/wp\/v2\/product_brand?post=35410"},{"taxonomy":"product_cat","embeddable":true,"href":"https:\/\/www.claret.cat\/es\/wp-json\/wp\/v2\/product_cat?post=35410"},{"taxonomy":"product_tag","embeddable":true,"href":"https:\/\/www.claret.cat\/es\/wp-json\/wp\/v2\/product_tag?post=35410"}],"curies":[{"name":"wp","href":"https:\/\/api.w.org\/{rel}","templated":true}]}}