{"id":35413,"date":"2022-10-02T18:03:17","date_gmt":"2022-10-02T16:03:17","guid":{"rendered":"http:\/\/dev.claret.cat\/producte\/petites-bestioles-poesia-esbojarrada\/"},"modified":"2024-06-03T12:27:56","modified_gmt":"2024-06-03T10:27:56","slug":"petites-bestioles-poesia-esbojarrada-9788412511338","status":"publish","type":"product","link":"https:\/\/www.claret.cat\/es\/libro\/petites-bestioles-poesia-esbojarrada-9788412511338\/","title":{"rendered":"PETITES BESTIOLES POESIA ESBOJARRADA"},"content":{"rendered":"<p>Poesia esbojarrada \u00e9s una s\u00e8rie de llibres que pret\u00e9n, a trav\u00e9s del joc i el descobriment, apropar la poesia a la mainada. Vol ser una manera divertida d\u2019engrescar a llegir-ne, de crear l\u2019h\u00e0bit de recitar-ne i, fins i tot, d\u2019animar a escriure\u2019n.Per fer-ho, cada t\u00edtol inclou un grapat de poemes plane&#8230;<br \/>Disponible<\/p>\n","protected":false},"excerpt":{"rendered":"<p>JOAN ANTOJA; ANNA M.MATAS<\/p>\n","protected":false},"featured_media":270751,"template":"","meta":{"_acf_changed":false,"om_disable_all_campaigns":false,"rs_blank_template":"","rs_page_bg_color":"","slide_template_v7":"","inline_featured_image":false,"_monsterinsights_skip_tracking":false,"_monsterinsights_sitenote_active":false,"_monsterinsights_sitenote_note":"","_monsterinsights_sitenote_category":0},"product_brand":[],"product_cat":[131,132,361,362],"product_tag":[],"class_list":{"0":"post-35413","1":"product","2":"type-product","3":"status-publish","4":"has-post-thumbnail","6":"product_cat-contes-per-infants-0-6-anys","7":"product_cat-lectures-per-preadolescents-6-12-anys","8":"product_cat-cuentos-para-ninos-0-6-anos","9":"product_cat-libros-preadolescentes-6-12-anos","11":"first","12":"instock","13":"taxable","14":"shipping-taxable","15":"purchasable","16":"product-type-simple"},"acf":{"editorial":[{"ID":148401,"post_author":"3","post_date":"2022-10-14 11:57:57","post_date_gmt":"2022-10-14 09:57:57","post_content":"","post_title":"L'ART DE LA MEM\u00d2RIA","post_excerpt":"","post_status":"publish","comment_status":"closed","ping_status":"closed","post_password":"","post_name":"lart-de-la-memoria","to_ping":"","pinged":"","post_modified":"2022-10-14 11:57:57","post_modified_gmt":"2022-10-14 09:57:57","post_content_filtered":"","post_parent":0,"guid":"http:\/\/dev.claret.cat\/editorial\/lart-de-la-memoria\/","menu_order":0,"post_type":"editorial","post_mime_type":"","comment_count":"0","filter":"raw"}],"autor":"JOAN ANTOJA; ANNA M.MATAS","codart":"841251133","libros-coleccion":"","ediciones":"1","encuadernacion":"R\u00fastica","fecha_de_publicacion":"05\/09\/2022","novedad":"0","paginas":"16","subtitulo":"","orden":"0","portada":"0","idioma":"cat","autores-libros":[{"ID":159244,"post_author":"3","post_date":"2022-10-14 15:43:16","post_date_gmt":"2022-10-14 13:43:16","post_content":"","post_title":"JOAN ANTOJA","post_excerpt":"","post_status":"publish","comment_status":"closed","ping_status":"closed","post_password":"","post_name":"joan-antoja-2","to_ping":"","pinged":"","post_modified":"2022-10-14 15:43:16","post_modified_gmt":"2022-10-14 13:43:16","post_content_filtered":"","post_parent":0,"guid":"http:\/\/dev.claret.cat\/autor\/joan-antoja-2\/","menu_order":0,"post_type":"autor","post_mime_type":"","comment_count":"0","filter":"raw"},{"ID":150609,"post_author":"3","post_date":"2022-10-14 14:34:20","post_date_gmt":"2022-10-14 12:34:20","post_content":"","post_title":"ANNA M.MATAS","post_excerpt":"","post_status":"publish","comment_status":"closed","ping_status":"closed","post_password":"","post_name":"anna-m-matas-2","to_ping":"","pinged":"","post_modified":"2022-10-14 14:34:20","post_modified_gmt":"2022-10-14 12:34:20","post_content_filtered":"","post_parent":0,"guid":"http:\/\/dev.claret.cat\/autor\/anna-m-matas-2\/","menu_order":0,"post_type":"autor","post_mime_type":"","comment_count":"0","filter":"raw"}]},"aioseo_notices":[],"_links":{"self":[{"href":"https:\/\/www.claret.cat\/es\/wp-json\/wp\/v2\/product\/35413","targetHints":{"allow":["GET"]}}],"collection":[{"href":"https:\/\/www.claret.cat\/es\/wp-json\/wp\/v2\/product"}],"about":[{"href":"https:\/\/www.claret.cat\/es\/wp-json\/wp\/v2\/types\/product"}],"wp:featuredmedia":[{"embeddable":true,"href":"https:\/\/www.claret.cat\/es\/wp-json\/wp\/v2\/media\/270751"}],"wp:attachment":[{"href":"https:\/\/www.claret.cat\/es\/wp-json\/wp\/v2\/media?parent=35413"}],"wp:term":[{"taxonomy":"product_brand","embeddable":true,"href":"https:\/\/www.claret.cat\/es\/wp-json\/wp\/v2\/product_brand?post=35413"},{"taxonomy":"product_cat","embeddable":true,"href":"https:\/\/www.claret.cat\/es\/wp-json\/wp\/v2\/product_cat?post=35413"},{"taxonomy":"product_tag","embeddable":true,"href":"https:\/\/www.claret.cat\/es\/wp-json\/wp\/v2\/product_tag?post=35413"}],"curies":[{"name":"wp","href":"https:\/\/api.w.org\/{rel}","templated":true}]}}