{"id":354165,"date":"2023-01-14T17:03:47","date_gmt":"2023-01-14T16:03:47","guid":{"rendered":"https:\/\/www.claret.cat\/llibre\/marcos-9788481693652\/"},"modified":"2024-05-23T13:08:49","modified_gmt":"2024-05-23T11:08:49","slug":"marcos-9788481693652","status":"publish","type":"product","link":"https:\/\/www.claret.cat\/es\/libro\/marcos-9788481693652\/","title":{"rendered":"MARCOS"},"content":{"rendered":"<p>La Gu\u00eda de Lectura de Marcos es un comentario realizado con metodolog\u00eda narrativa y el primero de autor\u00eda femenina en castellano. Los lectores y lectoras se sorprender\u00e1n ante personajes y conflictos con los que todav\u00eda hoy resulta f\u00e1cil identificarse. Los creyentes encontrar\u00e1n un perfil profundamente humano del Jes\u00fas Hijo de Dios y los no creyentes descubrir\u00e1n en \u00e9l aspectos pro humanos de suma actualidad, junto con diferentes an\u00e1lisis sociopol\u00edticos, liberadores, que se desprenden de muchos de los conflictos narrados en las escenas evang\u00e9licas.<br \/>La Gu\u00eda de Lectura de Marcos comienza con una introducci\u00f3n al evangelio y se divide en dos grandes partes. Tras cada una de las secuencias se encuentra un apartado donde se orienta a lectoras, lectores y grupos de diferentes niveles y tipos, de trabajo, desde el acad\u00e9mico, hasta el pastoral, existencial, cultural y de g\u00e9nero.<\/p>\n","protected":false},"excerpt":{"rendered":"<p>NAVARRO PUERTO, MERCEDES<\/p>\n","protected":false},"featured_media":354207,"template":"","meta":{"_acf_changed":false,"om_disable_all_campaigns":false,"rs_blank_template":"","rs_page_bg_color":"","slide_template_v7":"","inline_featured_image":false,"_monsterinsights_skip_tracking":false,"_monsterinsights_sitenote_active":false,"_monsterinsights_sitenote_note":"","_monsterinsights_sitenote_category":0},"product_brand":[],"product_cat":[221,480,412,274,227,389,472,213,464,203],"product_tag":[],"class_list":{"0":"post-354165","1":"product","2":"type-product","3":"status-publish","4":"has-post-thumbnail","6":"product_cat-dadults","7":"product_cat-de-adultos","8":"product_cat-estudios-sagrada-escritura","9":"product_cat-estudis-sagrada-escriptura","10":"product_cat-formacio","11":"product_cat-formacion","12":"product_cat-manuales-y-guias","13":"product_cat-manuals-i-guies","14":"product_cat-sinopticos","15":"product_cat-sinoptics","17":"first","18":"outofstock","19":"taxable","20":"shipping-taxable","21":"purchasable","22":"product-type-simple"},"acf":{"editorial":[{"ID":6390,"post_author":"3","post_date":"2022-07-28 17:51:08","post_date_gmt":"2022-07-28 15:51:08","post_content":"","post_title":"VERBO DIVINO","post_excerpt":"","post_status":"publish","comment_status":"closed","ping_status":"closed","post_password":"","post_name":"verbo-divino","to_ping":"","pinged":"","post_modified":"2022-07-28 17:51:08","post_modified_gmt":"2022-07-28 15:51:08","post_content_filtered":"","post_parent":0,"guid":"http:\/\/dev.claret.cat\/editorial\/verbo-divino\/","menu_order":0,"post_type":"editorial","post_mime_type":"","comment_count":"0","filter":"raw"}],"autores-libros":[{"ID":164730,"post_author":"3","post_date":"2022-10-14 17:49:25","post_date_gmt":"2022-10-14 15:49:25","post_content":"","post_title":"MERCEDES NAVARRO PUERTO","post_excerpt":"","post_status":"publish","comment_status":"closed","ping_status":"closed","post_password":"","post_name":"mercedes-navarro-puerto","to_ping":"","pinged":"","post_modified":"2022-10-14 17:49:25","post_modified_gmt":"2022-10-14 15:49:25","post_content_filtered":"","post_parent":0,"guid":"http:\/\/dev.claret.cat\/autor\/mercedes-navarro-puerto\/","menu_order":0,"post_type":"autor","post_mime_type":"","comment_count":"0","filter":"raw"}],"autor":"NAVARRO PUERTO, MERCEDES","codart":"848169365","libros-coleccion":"Gu\u00edas para la lectura del NT","ediciones":"1","encuadernacion":"R\u00fastica","fecha_de_publicacion":"29\/09\/2006","novedad":"0","paginas":"624","subtitulo":"","orden":"999","portada":"0","idioma":"spa"},"aioseo_notices":[],"_links":{"self":[{"href":"https:\/\/www.claret.cat\/es\/wp-json\/wp\/v2\/product\/354165","targetHints":{"allow":["GET"]}}],"collection":[{"href":"https:\/\/www.claret.cat\/es\/wp-json\/wp\/v2\/product"}],"about":[{"href":"https:\/\/www.claret.cat\/es\/wp-json\/wp\/v2\/types\/product"}],"wp:featuredmedia":[{"embeddable":true,"href":"https:\/\/www.claret.cat\/es\/wp-json\/wp\/v2\/media\/354207"}],"wp:attachment":[{"href":"https:\/\/www.claret.cat\/es\/wp-json\/wp\/v2\/media?parent=354165"}],"wp:term":[{"taxonomy":"product_brand","embeddable":true,"href":"https:\/\/www.claret.cat\/es\/wp-json\/wp\/v2\/product_brand?post=354165"},{"taxonomy":"product_cat","embeddable":true,"href":"https:\/\/www.claret.cat\/es\/wp-json\/wp\/v2\/product_cat?post=354165"},{"taxonomy":"product_tag","embeddable":true,"href":"https:\/\/www.claret.cat\/es\/wp-json\/wp\/v2\/product_tag?post=354165"}],"curies":[{"name":"wp","href":"https:\/\/api.w.org\/{rel}","templated":true}]}}