{"id":354183,"date":"2023-01-14T17:06:15","date_gmt":"2023-01-14T16:06:15","guid":{"rendered":"https:\/\/www.claret.cat\/llibre\/comentario-al-evangelio-de-lucas-9788481693676\/"},"modified":"2024-05-23T13:09:14","modified_gmt":"2024-05-23T11:09:14","slug":"comentario-al-evangelio-de-lucas-9788481693676","status":"publish","type":"product","link":"https:\/\/www.claret.cat\/es\/libro\/comentario-al-evangelio-de-lucas-9788481693676\/","title":{"rendered":"COMENTARIO AL EVANGELIO DE LUCAS"},"content":{"rendered":"<p>Comentario pastoral al evangelio de Lucas, cuya intenci\u00f3n es analizar no s\u00f3lo la prehistoria del texto, sus supuestas fuentes o su redacci\u00f3n definitiva, sino tener en cuenta el papel del lector y la intenci\u00f3n del autor de ser le\u00eddo de determinada forma. La exposici\u00f3n se lleva a cabo en estos tres pasos: \u00abconfiguraci\u00f3n del texto\u00bb, \u00abexplicaci\u00f3n del texto\u00bb y \u00abpautas de acci\u00f3n\u00bb.<\/p>\n","protected":false},"excerpt":{"rendered":"<p>DILLMANN, RAINER; MORA PA<\/p>\n","protected":false},"featured_media":371801,"template":"","meta":{"_acf_changed":false,"om_disable_all_campaigns":false,"rs_blank_template":"","rs_page_bg_color":"","slide_template_v7":"","inline_featured_image":false,"_monsterinsights_skip_tracking":false,"_monsterinsights_sitenote_active":false,"_monsterinsights_sitenote_note":"","_monsterinsights_sitenote_category":0},"product_brand":[],"product_cat":[392,231,419,285,464,203],"product_tag":[],"class_list":{"0":"post-354183","1":"product","2":"type-product","3":"status-publish","4":"has-post-thumbnail","6":"product_cat-obras-generales","7":"product_cat-obres-generals","8":"product_cat-pastoral-teologia-1_espiritualidad","9":"product_cat-pastoral-teologia","10":"product_cat-sinopticos","11":"product_cat-sinoptics","13":"first","14":"instock","15":"taxable","16":"shipping-taxable","17":"purchasable","18":"product-type-simple"},"acf":{"editorial":[{"ID":6390,"post_author":"3","post_date":"2022-07-28 17:51:08","post_date_gmt":"2022-07-28 15:51:08","post_content":"","post_title":"VERBO DIVINO","post_excerpt":"","post_status":"publish","comment_status":"closed","ping_status":"closed","post_password":"","post_name":"verbo-divino","to_ping":"","pinged":"","post_modified":"2022-07-28 17:51:08","post_modified_gmt":"2022-07-28 15:51:08","post_content_filtered":"","post_parent":0,"guid":"http:\/\/dev.claret.cat\/editorial\/verbo-divino\/","menu_order":0,"post_type":"editorial","post_mime_type":"","comment_count":"0","filter":"raw"}],"autores-libros":[{"ID":354182,"post_author":"3","post_date":"2023-01-14 17:06:12","post_date_gmt":"2023-01-14 16:06:12","post_content":"","post_title":"RAINER DILLMANN","post_excerpt":"","post_status":"publish","comment_status":"closed","ping_status":"closed","post_password":"","post_name":"rainer-dillmann","to_ping":"","pinged":"","post_modified":"2023-01-14 17:06:12","post_modified_gmt":"2023-01-14 16:06:12","post_content_filtered":"","post_parent":0,"guid":"https:\/\/www.claret.cat\/autor\/rainer-dillmann\/","menu_order":0,"post_type":"autor","post_mime_type":"","comment_count":"0","filter":"raw"},{"ID":354181,"post_author":"3","post_date":"2023-01-14 17:06:11","post_date_gmt":"2023-01-14 16:06:11","post_content":"","post_title":"C\u00c9SAR A. MORA PAZ","post_excerpt":"","post_status":"publish","comment_status":"closed","ping_status":"closed","post_password":"","post_name":"cesar-a-mora-paz","to_ping":"","pinged":"","post_modified":"2023-01-14 17:06:11","post_modified_gmt":"2023-01-14 16:06:11","post_content_filtered":"","post_parent":0,"guid":"https:\/\/www.claret.cat\/autor\/cesar-a-mora-paz\/","menu_order":0,"post_type":"autor","post_mime_type":"","comment_count":"0","filter":"raw"}],"autor":"DILLMANN, RAINER; MORA PA","codart":"848169367","libros-coleccion":"Evangelio y Cultura","ediciones":"1","encuadernacion":"R\u00fastica","fecha_de_publicacion":"29\/09\/2006","novedad":"0","paginas":"584","subtitulo":"UN COMENTARIO PARA LA ACTIVIDAD PASTORAL","orden":"999","portada":"0","idioma":"spa"},"aioseo_notices":[],"_links":{"self":[{"href":"https:\/\/www.claret.cat\/es\/wp-json\/wp\/v2\/product\/354183","targetHints":{"allow":["GET"]}}],"collection":[{"href":"https:\/\/www.claret.cat\/es\/wp-json\/wp\/v2\/product"}],"about":[{"href":"https:\/\/www.claret.cat\/es\/wp-json\/wp\/v2\/types\/product"}],"wp:featuredmedia":[{"embeddable":true,"href":"https:\/\/www.claret.cat\/es\/wp-json\/wp\/v2\/media\/371801"}],"wp:attachment":[{"href":"https:\/\/www.claret.cat\/es\/wp-json\/wp\/v2\/media?parent=354183"}],"wp:term":[{"taxonomy":"product_brand","embeddable":true,"href":"https:\/\/www.claret.cat\/es\/wp-json\/wp\/v2\/product_brand?post=354183"},{"taxonomy":"product_cat","embeddable":true,"href":"https:\/\/www.claret.cat\/es\/wp-json\/wp\/v2\/product_cat?post=354183"},{"taxonomy":"product_tag","embeddable":true,"href":"https:\/\/www.claret.cat\/es\/wp-json\/wp\/v2\/product_tag?post=354183"}],"curies":[{"name":"wp","href":"https:\/\/api.w.org\/{rel}","templated":true}]}}