{"id":354255,"date":"2023-01-14T17:13:45","date_gmt":"2023-01-14T16:13:45","guid":{"rendered":"https:\/\/www.claret.cat\/llibre\/textos-biblicos-de-la-vida-consagrada-9788481694383\/"},"modified":"2024-05-23T13:03:46","modified_gmt":"2024-05-23T11:03:46","slug":"textos-biblicos-de-la-vida-consagrada-9788481694383","status":"publish","type":"product","link":"https:\/\/www.claret.cat\/es\/libro\/textos-biblicos-de-la-vida-consagrada-9788481694383\/","title":{"rendered":"TEXTOS B\u00cdBLICOS DE LA VIDA CONSAGRADA"},"content":{"rendered":"<p>La colecci\u00f3n Lectio divina para la vida diaria pretende sugerir un itinerario de lectio a partir de los textos m\u00e1s le\u00eddos y orados por la comunidad cristiana y por la Tradici\u00f3n viva de la Iglesia. Estas p\u00e1ginas est\u00e1n enriquecidas con fragmentos antol\u00f3gicos tomados de los comentarios que los Padres de la Iglesia y los maestros de la vida espiritual nos han transmitido. Este nuevo instrumento ayuda a familiarizarse con la Palabra de Dios en la oraci\u00f3n, siguiendo un m\u00e9todo bien probado y apreciado, y con la colaboraci\u00f3n de autores de diferentes dotes y sensibilidades.<\/p>\n","protected":false},"excerpt":{"rendered":"<p>VERBO DIVINO<\/p>\n","protected":false},"featured_media":371819,"template":"","meta":{"_acf_changed":false,"om_disable_all_campaigns":false,"rs_blank_template":"","rs_page_bg_color":"","slide_template_v7":"","inline_featured_image":false,"_monsterinsights_skip_tracking":false,"_monsterinsights_sitenote_active":false,"_monsterinsights_sitenote_note":"","_monsterinsights_sitenote_category":0},"product_brand":[],"product_cat":[499,251,395,240,507,266],"product_tag":[],"class_list":{"0":"post-354255","1":"product","2":"type-product","3":"status-publish","4":"has-post-thumbnail","6":"product_cat-de-las-horas","7":"product_cat-de-les-hores","8":"product_cat-vida-religiosa-espiritualidad-1_espiritualidad","9":"product_cat-vida-religiosa-espiritualitat","10":"product_cat-vocacional-pastoral-1_espiritualidad","11":"product_cat-vocacional","13":"first","14":"instock","15":"taxable","16":"shipping-taxable","17":"purchasable","18":"product-type-simple"},"acf":{"editorial":[{"ID":6390,"post_author":"3","post_date":"2022-07-28 17:51:08","post_date_gmt":"2022-07-28 15:51:08","post_content":"","post_title":"VERBO DIVINO","post_excerpt":"","post_status":"publish","comment_status":"closed","ping_status":"closed","post_password":"","post_name":"verbo-divino","to_ping":"","pinged":"","post_modified":"2022-07-28 17:51:08","post_modified_gmt":"2022-07-28 15:51:08","post_content_filtered":"","post_parent":0,"guid":"http:\/\/dev.claret.cat\/editorial\/verbo-divino\/","menu_order":0,"post_type":"editorial","post_mime_type":"","comment_count":"0","filter":"raw"}],"autores-libros":[{"ID":156932,"post_author":"3","post_date":"2022-10-14 15:24:47","post_date_gmt":"2022-10-14 13:24:47","post_content":"","post_title":"GIORGIO ZEVINI","post_excerpt":"","post_status":"publish","comment_status":"closed","ping_status":"closed","post_password":"","post_name":"giorgio-zevini","to_ping":"","pinged":"","post_modified":"2022-10-14 15:24:47","post_modified_gmt":"2022-10-14 13:24:47","post_content_filtered":"","post_parent":0,"guid":"http:\/\/dev.claret.cat\/autor\/giorgio-zevini\/","menu_order":0,"post_type":"autor","post_mime_type":"","comment_count":"0","filter":"raw"},{"ID":291694,"post_author":"3","post_date":"2022-12-10 23:56:49","post_date_gmt":"2022-12-10 22:56:49","post_content":"","post_title":"PIER GIORDANO CABRA","post_excerpt":"","post_status":"publish","comment_status":"closed","ping_status":"closed","post_password":"","post_name":"pier-giordano-cabra-2","to_ping":"","pinged":"","post_modified":"2022-12-10 23:56:49","post_modified_gmt":"2022-12-10 22:56:49","post_content_filtered":"","post_parent":0,"guid":"http:\/\/dev.claret.cat\/autor\/pier-giordano-cabra-2\/","menu_order":0,"post_type":"autor","post_mime_type":"","comment_count":"0","filter":"raw"}],"autor":"VERBO DIVINO","codart":"848169438","libros-coleccion":"Lectio Divina","ediciones":"1","encuadernacion":"R\u00fastica","fecha_de_publicacion":"28\/11\/2005","novedad":"0","paginas":"300","subtitulo":"LECTIO DIVINA PARA LA VIDA DIARIA, 2","orden":"999","portada":"0","idioma":"spa"},"aioseo_notices":[],"_links":{"self":[{"href":"https:\/\/www.claret.cat\/es\/wp-json\/wp\/v2\/product\/354255","targetHints":{"allow":["GET"]}}],"collection":[{"href":"https:\/\/www.claret.cat\/es\/wp-json\/wp\/v2\/product"}],"about":[{"href":"https:\/\/www.claret.cat\/es\/wp-json\/wp\/v2\/types\/product"}],"wp:featuredmedia":[{"embeddable":true,"href":"https:\/\/www.claret.cat\/es\/wp-json\/wp\/v2\/media\/371819"}],"wp:attachment":[{"href":"https:\/\/www.claret.cat\/es\/wp-json\/wp\/v2\/media?parent=354255"}],"wp:term":[{"taxonomy":"product_brand","embeddable":true,"href":"https:\/\/www.claret.cat\/es\/wp-json\/wp\/v2\/product_brand?post=354255"},{"taxonomy":"product_cat","embeddable":true,"href":"https:\/\/www.claret.cat\/es\/wp-json\/wp\/v2\/product_cat?post=354255"},{"taxonomy":"product_tag","embeddable":true,"href":"https:\/\/www.claret.cat\/es\/wp-json\/wp\/v2\/product_tag?post=354255"}],"curies":[{"name":"wp","href":"https:\/\/api.w.org\/{rel}","templated":true}]}}