{"id":354283,"date":"2023-01-14T17:15:45","date_gmt":"2023-01-14T16:15:45","guid":{"rendered":"https:\/\/www.claret.cat\/llibre\/de-jesus-al-cristianismo-9788481694123\/"},"modified":"2024-05-23T13:04:10","modified_gmt":"2024-05-23T11:04:10","slug":"de-jesus-al-cristianismo-9788481694123","status":"publish","type":"product","link":"https:\/\/www.claret.cat\/es\/libro\/de-jesus-al-cristianismo-9788481694123\/","title":{"rendered":"DE JES\u00daS AL CRISTIANISMO"},"content":{"rendered":"<p>L. Michael White, uno de los mejores especialistas mundiales sobre los or\u00edgenes del cristianismo, nos ofrece la exhaustiva y asombrosa historia de c\u00f3mo el cristianismo se desarroll\u00f3 desde la visi\u00f3n personal de un humilde campesino jud\u00edo que vivi\u00f3 en una remota provincia del Imperio romano hasta llegar a convertirse en la mayor religi\u00f3n institucionalizada del mundo.<br \/>White, que se nutre de las aportaciones hechas por la arqueolog\u00eda y la historia de la cultura, ha ambientado perfectamente la historia de los comienzos del cristianismo en su contexto hist\u00f3rico, tanto jud\u00edo como grecorromano; en este sentido, la presente obra constituye una excepcional introducci\u00f3n al Nuevo Testamento; de hecho, es la introducci\u00f3n m\u00e1s categ\u00f3ricamente hist\u00f3rica que se ha escrito.<\/p>\n","protected":false},"excerpt":{"rendered":"<p>WHITE, L. MICHAEL<\/p>\n","protected":false},"featured_media":0,"template":"","meta":{"_acf_changed":false,"om_disable_all_campaigns":false,"rs_blank_template":"","rs_page_bg_color":"","slide_template_v7":"","inline_featured_image":false,"_monsterinsights_skip_tracking":false,"_monsterinsights_sitenote_active":false,"_monsterinsights_sitenote_note":"","_monsterinsights_sitenote_category":0},"product_brand":[],"product_cat":[414,276,283,511,202,463],"product_tag":[],"class_list":{"0":"post-354283","1":"product","2":"type-product","3":"status-publish","5":"product_cat-cristologia-teologia-1_espiritualidad","6":"product_cat-cristologia-teologia","7":"product_cat-eclesiologia-teologia","8":"product_cat-eclesiologia-teologia-1_espiritualidad","9":"product_cat-introduccio-n-t","10":"product_cat-introduccion-n-t","12":"first","13":"outofstock","14":"taxable","15":"shipping-taxable","16":"purchasable","17":"product-type-simple"},"acf":{"editorial":[{"ID":6390,"post_author":"3","post_date":"2022-07-28 17:51:08","post_date_gmt":"2022-07-28 15:51:08","post_content":"","post_title":"VERBO DIVINO","post_excerpt":"","post_status":"publish","comment_status":"closed","ping_status":"closed","post_password":"","post_name":"verbo-divino","to_ping":"","pinged":"","post_modified":"2022-07-28 17:51:08","post_modified_gmt":"2022-07-28 15:51:08","post_content_filtered":"","post_parent":0,"guid":"http:\/\/dev.claret.cat\/editorial\/verbo-divino\/","menu_order":0,"post_type":"editorial","post_mime_type":"","comment_count":"0","filter":"raw"}],"autores-libros":[{"ID":354236,"post_author":"3","post_date":"2023-01-14 17:12:23","post_date_gmt":"2023-01-14 16:12:23","post_content":"","post_title":"L. MICHAEL WHITE","post_excerpt":"","post_status":"publish","comment_status":"closed","ping_status":"closed","post_password":"","post_name":"l-michael-white","to_ping":"","pinged":"","post_modified":"2023-01-14 17:12:23","post_modified_gmt":"2023-01-14 16:12:23","post_content_filtered":"","post_parent":0,"guid":"https:\/\/www.claret.cat\/autor\/l-michael-white\/","menu_order":0,"post_type":"autor","post_mime_type":"","comment_count":"0","filter":"raw"}],"autor":"WHITE, L. MICHAEL","codart":"848169412","libros-coleccion":"AGORA","ediciones":"1","encuadernacion":"Carton\u00e9","fecha_de_publicacion":"13\/02\/2007","novedad":"0","paginas":"600","subtitulo":"EL NUEVO TESTAMENTO Y LA FE CRISTIANA: UN PROCESO DE CUATRO GENERACIONES","orden":"999","portada":"0","idioma":"spa"},"aioseo_notices":[],"_links":{"self":[{"href":"https:\/\/www.claret.cat\/es\/wp-json\/wp\/v2\/product\/354283","targetHints":{"allow":["GET"]}}],"collection":[{"href":"https:\/\/www.claret.cat\/es\/wp-json\/wp\/v2\/product"}],"about":[{"href":"https:\/\/www.claret.cat\/es\/wp-json\/wp\/v2\/types\/product"}],"wp:attachment":[{"href":"https:\/\/www.claret.cat\/es\/wp-json\/wp\/v2\/media?parent=354283"}],"wp:term":[{"taxonomy":"product_brand","embeddable":true,"href":"https:\/\/www.claret.cat\/es\/wp-json\/wp\/v2\/product_brand?post=354283"},{"taxonomy":"product_cat","embeddable":true,"href":"https:\/\/www.claret.cat\/es\/wp-json\/wp\/v2\/product_cat?post=354283"},{"taxonomy":"product_tag","embeddable":true,"href":"https:\/\/www.claret.cat\/es\/wp-json\/wp\/v2\/product_tag?post=354283"}],"curies":[{"name":"wp","href":"https:\/\/api.w.org\/{rel}","templated":true}]}}