{"id":354284,"date":"2023-01-14T17:15:51","date_gmt":"2023-01-14T16:15:51","guid":{"rendered":"https:\/\/www.claret.cat\/llibre\/jesucristo-la-invencion-del-dialogo-9788481694192\/"},"modified":"2025-07-29T16:40:41","modified_gmt":"2025-07-29T14:40:41","slug":"jesucristo-la-invencion-del-dialogo-9788481694192","status":"publish","type":"product","link":"https:\/\/www.claret.cat\/es\/libro\/jesucristo-la-invencion-del-dialogo-9788481694192\/","title":{"rendered":"JESUCRISTO &#8211; LA INVENCION DEL DIALOGO"},"content":{"rendered":"<p>La cristolog\u00eda que presenta Jes\u00fas Espeja es una reflexi\u00f3n creyente en y desde la historia. No habla de la divinidad de Cristo en un plano paralelo o un segundo piso respecto a la humanidad de aquel jud\u00edo que se llam\u00f3 Jes\u00fas de Nazaret. En los condicionamientos de esa historia, y sin salir de ella, el creyente cristiano ha confesado la presencia personal de Dios y ha intentado balbucir algo sobre la misma. Su reflexi\u00f3n ofrece la novedad evang\u00e9lica de la encarnaci\u00f3n; ya en este mundo se gesta la liberaci\u00f3n de la humanidad y tiene lugar el encuentro con ese misterio inefable, amor, \u00a1Abba!, que a todo da vida y aliento. Una palabra esperanzada para la sociedad donde hombres y mujeres buscan porvenir no mirando al cielo, sino ara\u00f1ando en las entra\u00f1as de la tierra, y tambi\u00e9n para la Iglesia que cree de verdad en la encarnaci\u00f3n y mira con amor a esta sociedad.<\/p>\n","protected":false},"excerpt":{"rendered":"<p>ESPEJA, JESUS<\/p>\n","protected":false},"featured_media":1048191,"template":"","meta":{"_acf_changed":false,"om_disable_all_campaigns":false,"rs_blank_template":"","rs_page_bg_color":"","slide_template_v7":"","inline_featured_image":false,"_monsterinsights_skip_tracking":false,"_monsterinsights_sitenote_active":false,"_monsterinsights_sitenote_note":"","_monsterinsights_sitenote_category":0},"product_brand":[],"product_cat":[91,541],"product_tag":[],"class_list":{"0":"post-354284","1":"product","2":"type-product","3":"status-publish","4":"has-post-thumbnail","6":"product_cat-cristologia","7":"product_cat-cristologia-1_espiritualidad-spa","9":"first","10":"instock","11":"taxable","12":"shipping-taxable","13":"purchasable","14":"product-type-simple"},"acf":{"editorial":[{"ID":6390,"post_author":"3","post_date":"2022-07-28 17:51:08","post_date_gmt":"2022-07-28 15:51:08","post_content":"","post_title":"VERBO DIVINO","post_excerpt":"","post_status":"publish","comment_status":"closed","ping_status":"closed","post_password":"","post_name":"verbo-divino","to_ping":"","pinged":"","post_modified":"2022-07-28 17:51:08","post_modified_gmt":"2022-07-28 15:51:08","post_content_filtered":"","post_parent":0,"guid":"http:\/\/dev.claret.cat\/editorial\/verbo-divino\/","menu_order":0,"post_type":"editorial","post_mime_type":"","comment_count":"0","filter":"raw"}],"autores-libros":[{"ID":159103,"post_author":"3","post_date":"2022-10-14 15:42:06","post_date_gmt":"2022-10-14 13:42:06","post_content":"","post_title":"JES\u00daS ESPEJA","post_excerpt":"","post_status":"publish","comment_status":"closed","ping_status":"closed","post_password":"","post_name":"jesus-espeja","to_ping":"","pinged":"","post_modified":"2022-10-14 15:42:06","post_modified_gmt":"2022-10-14 13:42:06","post_content_filtered":"","post_parent":0,"guid":"http:\/\/dev.claret.cat\/autor\/jesus-espeja\/","menu_order":0,"post_type":"autor","post_mime_type":"","comment_count":"0","filter":"raw"}],"autor":"ESPEJA, JESUS","codart":"848169419","libros-coleccion":"FORA DE COL.LECCI\u00d3","ediciones":"1","encuadernacion":"[EditValue is null]","fecha_de_publicacion":"01\/02\/2001","novedad":"0","paginas":"420","subtitulo":"","orden":"999","portada":"0","idioma":"spa","booktrailer":"","resenas":""},"aioseo_notices":[],"_links":{"self":[{"href":"https:\/\/www.claret.cat\/es\/wp-json\/wp\/v2\/product\/354284","targetHints":{"allow":["GET"]}}],"collection":[{"href":"https:\/\/www.claret.cat\/es\/wp-json\/wp\/v2\/product"}],"about":[{"href":"https:\/\/www.claret.cat\/es\/wp-json\/wp\/v2\/types\/product"}],"wp:featuredmedia":[{"embeddable":true,"href":"https:\/\/www.claret.cat\/es\/wp-json\/wp\/v2\/media\/1048191"}],"wp:attachment":[{"href":"https:\/\/www.claret.cat\/es\/wp-json\/wp\/v2\/media?parent=354284"}],"wp:term":[{"taxonomy":"product_brand","embeddable":true,"href":"https:\/\/www.claret.cat\/es\/wp-json\/wp\/v2\/product_brand?post=354284"},{"taxonomy":"product_cat","embeddable":true,"href":"https:\/\/www.claret.cat\/es\/wp-json\/wp\/v2\/product_cat?post=354284"},{"taxonomy":"product_tag","embeddable":true,"href":"https:\/\/www.claret.cat\/es\/wp-json\/wp\/v2\/product_tag?post=354284"}],"curies":[{"name":"wp","href":"https:\/\/api.w.org\/{rel}","templated":true}]}}