{"id":354302,"date":"2023-01-14T17:17:35","date_gmt":"2023-01-14T16:17:35","guid":{"rendered":"https:\/\/www.claret.cat\/llibre\/oracion-y-autoconocimiento-9788481694666\/"},"modified":"2024-05-23T13:01:52","modified_gmt":"2024-05-23T11:01:52","slug":"oracion-y-autoconocimiento-9788481694666","status":"publish","type":"product","link":"https:\/\/www.claret.cat\/es\/libro\/oracion-y-autoconocimiento-9788481694666\/","title":{"rendered":"ORACION Y AUTOCONOCIMIENTO"},"content":{"rendered":"<p>La oraci\u00f3n ayuda al ser humano a salir de su peque\u00f1o yo, que yace prisionero del consciente, y le hace avanzar hacia su verdadero yo, hacia ese n\u00facleo \u00edntimo de la persona que une al consciente y el inconsciente, Dios y el hombre. El autoconocimiento tiene lugar no s\u00f3lo con vistas a mi mismo, sino tambi\u00e9n en relaci\u00f3n con mis semejantes. Pedir por el pr\u00f3jimo es un m\u00e9todo fecundo de autoconocimiento.<\/p>\n","protected":false},"excerpt":{"rendered":"<p>GR\u00dcN, ANSELM<\/p>\n","protected":false},"featured_media":371825,"template":"","meta":{"_acf_changed":false,"om_disable_all_campaigns":false,"rs_blank_template":"","rs_page_bg_color":"","slide_template_v7":"","inline_featured_image":false,"_monsterinsights_skip_tracking":false,"_monsterinsights_sitenote_active":false,"_monsterinsights_sitenote_note":"","_monsterinsights_sitenote_category":0},"product_brand":[],"product_cat":[90,540],"product_tag":[],"class_list":{"0":"post-354302","1":"product","2":"type-product","3":"status-publish","4":"has-post-thumbnail","6":"product_cat-altres","7":"product_cat-otros","9":"first","10":"instock","11":"taxable","12":"shipping-taxable","13":"purchasable","14":"product-type-simple"},"acf":{"editorial":[{"ID":6390,"post_author":"3","post_date":"2022-07-28 17:51:08","post_date_gmt":"2022-07-28 15:51:08","post_content":"","post_title":"VERBO DIVINO","post_excerpt":"","post_status":"publish","comment_status":"closed","ping_status":"closed","post_password":"","post_name":"verbo-divino","to_ping":"","pinged":"","post_modified":"2022-07-28 17:51:08","post_modified_gmt":"2022-07-28 15:51:08","post_content_filtered":"","post_parent":0,"guid":"http:\/\/dev.claret.cat\/editorial\/verbo-divino\/","menu_order":0,"post_type":"editorial","post_mime_type":"","comment_count":"0","filter":"raw"}],"autores-libros":[{"ID":5522,"post_author":"3","post_date":"2022-07-28 17:25:48","post_date_gmt":"2022-07-28 15:25:48","post_content":"","post_title":"GR\u00dcN, ANSELM","post_excerpt":"","post_status":"publish","comment_status":"closed","ping_status":"closed","post_password":"","post_name":"grun-anselm","to_ping":"","pinged":"","post_modified":"2022-07-28 17:25:48","post_modified_gmt":"2022-07-28 15:25:48","post_content_filtered":"","post_parent":0,"guid":"http:\/\/dev.claret.cat\/autor\/grun-anselm\/","menu_order":0,"post_type":"autor","post_mime_type":"","comment_count":"0","filter":"raw"}],"autor":"GR\u00dcN, ANSELM","codart":"848169466","libros-coleccion":"FORA DE COL.LECCI\u00d3","ediciones":"1","encuadernacion":"[Vac\u00edo]","fecha_de_publicacion":"01\/11\/2001","novedad":"0","paginas":"96","subtitulo":"","orden":"999","portada":"0","idioma":"spa"},"aioseo_notices":[],"_links":{"self":[{"href":"https:\/\/www.claret.cat\/es\/wp-json\/wp\/v2\/product\/354302","targetHints":{"allow":["GET"]}}],"collection":[{"href":"https:\/\/www.claret.cat\/es\/wp-json\/wp\/v2\/product"}],"about":[{"href":"https:\/\/www.claret.cat\/es\/wp-json\/wp\/v2\/types\/product"}],"wp:featuredmedia":[{"embeddable":true,"href":"https:\/\/www.claret.cat\/es\/wp-json\/wp\/v2\/media\/371825"}],"wp:attachment":[{"href":"https:\/\/www.claret.cat\/es\/wp-json\/wp\/v2\/media?parent=354302"}],"wp:term":[{"taxonomy":"product_brand","embeddable":true,"href":"https:\/\/www.claret.cat\/es\/wp-json\/wp\/v2\/product_brand?post=354302"},{"taxonomy":"product_cat","embeddable":true,"href":"https:\/\/www.claret.cat\/es\/wp-json\/wp\/v2\/product_cat?post=354302"},{"taxonomy":"product_tag","embeddable":true,"href":"https:\/\/www.claret.cat\/es\/wp-json\/wp\/v2\/product_tag?post=354302"}],"curies":[{"name":"wp","href":"https:\/\/api.w.org\/{rel}","templated":true}]}}