{"id":354318,"date":"2023-01-14T17:18:29","date_gmt":"2023-01-14T16:18:29","guid":{"rendered":"https:\/\/www.claret.cat\/llibre\/la-nueva-jerusalen-ciudad-celeste-o-ciudad-terrestre-9788481694772\/"},"modified":"2024-05-23T12:58:16","modified_gmt":"2024-05-23T10:58:16","slug":"la-nueva-jerusalen-ciudad-celeste-o-ciudad-terrestre-9788481694772","status":"publish","type":"product","link":"https:\/\/www.claret.cat\/es\/libro\/la-nueva-jerusalen-ciudad-celeste-o-ciudad-terrestre-9788481694772\/","title":{"rendered":"LA NUEVA JERUSAL\u00c9N, \u00bfCIUDAD CELESTE O CIUDAD TERRESTRE?"},"content":{"rendered":"<p>La finalidad de esta obra es mostrar que la visi\u00f3n que Juan de Patmos tuvo sobre la nueva Jerusal\u00e9n no se refer\u00eda a una realidad que tendr\u00e1 lugar al final de los tiempos, sino que es posible verla como una realidad inaugurada ya con la muerte y resurrecci\u00f3n de Cristo.<\/p>\n","protected":false},"excerpt":{"rendered":"<p>\u00c1LVAREZ VALD\u00c9S,ARIEL<\/p>\n","protected":false},"featured_media":371829,"template":"","meta":{"_acf_changed":false,"om_disable_all_campaigns":false,"rs_blank_template":"","rs_page_bg_color":"","slide_template_v7":"","inline_featured_image":false,"_monsterinsights_skip_tracking":false,"_monsterinsights_sitenote_active":false,"_monsterinsights_sitenote_note":"","_monsterinsights_sitenote_category":0},"product_brand":[],"product_cat":[281,416,412,274,201,462],"product_tag":[],"class_list":{"0":"post-354318","1":"product","2":"type-product","3":"status-publish","4":"has-post-thumbnail","6":"product_cat-escatologia","7":"product_cat-escatologia-teologia-1_espiritualidad","8":"product_cat-estudios-sagrada-escritura","9":"product_cat-estudis-sagrada-escriptura","10":"product_cat-literatura-apocaliptica","11":"product_cat-literatura-apocaliptica-biblia-1_espiritualidad","13":"first","14":"instock","15":"taxable","16":"shipping-taxable","17":"purchasable","18":"product-type-simple"},"acf":{"editorial":[{"ID":6390,"post_author":"3","post_date":"2022-07-28 17:51:08","post_date_gmt":"2022-07-28 15:51:08","post_content":"","post_title":"VERBO DIVINO","post_excerpt":"","post_status":"publish","comment_status":"closed","ping_status":"closed","post_password":"","post_name":"verbo-divino","to_ping":"","pinged":"","post_modified":"2022-07-28 17:51:08","post_modified_gmt":"2022-07-28 15:51:08","post_content_filtered":"","post_parent":0,"guid":"http:\/\/dev.claret.cat\/editorial\/verbo-divino\/","menu_order":0,"post_type":"editorial","post_mime_type":"","comment_count":"0","filter":"raw"}],"autores-libros":[{"ID":151077,"post_author":"3","post_date":"2022-10-14 14:38:01","post_date_gmt":"2022-10-14 12:38:01","post_content":"","post_title":"ARIEL ALVAREZ VALDES","post_excerpt":"","post_status":"publish","comment_status":"closed","ping_status":"closed","post_password":"","post_name":"ariel-alvarez-valdes","to_ping":"","pinged":"","post_modified":"2022-10-14 14:38:01","post_modified_gmt":"2022-10-14 12:38:01","post_content_filtered":"","post_parent":0,"guid":"http:\/\/dev.claret.cat\/autor\/ariel-alvarez-valdes\/","menu_order":0,"post_type":"autor","post_mime_type":"","comment_count":"0","filter":"raw"}],"autor":"\u00c1LVAREZ VALD\u00c9S,ARIEL","codart":"848169477","libros-coleccion":"Asoc. B\u00edblica Espa\u00f1ola\/Monograf\u00edas\/Midr\u00e1sica","ediciones":"1","encuadernacion":"R\u00fastica","fecha_de_publicacion":"28\/11\/2005","novedad":"0","paginas":"380","subtitulo":"ESTUDIO EXEG\u00c9TICO Y TEOL\u00d3GICO DE AP 21,1-8","orden":"999","portada":"0","idioma":"spa"},"aioseo_notices":[],"_links":{"self":[{"href":"https:\/\/www.claret.cat\/es\/wp-json\/wp\/v2\/product\/354318","targetHints":{"allow":["GET"]}}],"collection":[{"href":"https:\/\/www.claret.cat\/es\/wp-json\/wp\/v2\/product"}],"about":[{"href":"https:\/\/www.claret.cat\/es\/wp-json\/wp\/v2\/types\/product"}],"wp:featuredmedia":[{"embeddable":true,"href":"https:\/\/www.claret.cat\/es\/wp-json\/wp\/v2\/media\/371829"}],"wp:attachment":[{"href":"https:\/\/www.claret.cat\/es\/wp-json\/wp\/v2\/media?parent=354318"}],"wp:term":[{"taxonomy":"product_brand","embeddable":true,"href":"https:\/\/www.claret.cat\/es\/wp-json\/wp\/v2\/product_brand?post=354318"},{"taxonomy":"product_cat","embeddable":true,"href":"https:\/\/www.claret.cat\/es\/wp-json\/wp\/v2\/product_cat?post=354318"},{"taxonomy":"product_tag","embeddable":true,"href":"https:\/\/www.claret.cat\/es\/wp-json\/wp\/v2\/product_tag?post=354318"}],"curies":[{"name":"wp","href":"https:\/\/api.w.org\/{rel}","templated":true}]}}