{"id":354596,"date":"2023-01-14T17:55:23","date_gmt":"2023-01-14T16:55:23","guid":{"rendered":"https:\/\/www.claret.cat\/llibre\/los-diez-mandamientos-9788481697605\/"},"modified":"2025-07-05T12:40:16","modified_gmt":"2025-07-05T10:40:16","slug":"los-diez-mandamientos-9788481697605","status":"publish","type":"product","link":"https:\/\/www.claret.cat\/es\/libro\/los-diez-mandamientos-9788481697605\/","title":{"rendered":"LOS DIEZ MANDAMIENTOS"},"content":{"rendered":"<p>La mayor\u00eda de las personas conocen los diez mandamientos desde su infancia y los relacionan frecuentemente con recuerdos negativos.<br \/>Sin embargo, estos pilares fundamentales de la \u00e9tica cristiana son capaces de mucho m\u00e1s que prohibir y proscribir: nos dan seguridad y nos orientan en un mundo lleno de posibilidades y opiniones. A pesar de contar con los mandamientos durante tres mil a\u00f1os, no han perdido actualidad, y cobran m\u00e1s validez que nunca en esta \u00e9poca de globalizaci\u00f3n.<br \/>Anselm Gr\u00fcn demuestra en este libro la forma en que los diez mandamientos pueden ser interpretados como camino hacia la libertad para cada individuo y la manera en que pueden ser integrados como una ayuda pr\u00e1ctica en la vida diaria.<\/p>\n","protected":false},"excerpt":{"rendered":"<p>GR\u00dcN, ANSELM<\/p>\n","protected":false},"featured_media":371951,"template":"","meta":{"_acf_changed":false,"om_disable_all_campaigns":false,"rs_blank_template":"","rs_page_bg_color":"","slide_template_v7":"","inline_featured_image":false,"_monsterinsights_skip_tracking":false,"_monsterinsights_sitenote_active":false,"_monsterinsights_sitenote_note":"","_monsterinsights_sitenote_category":0},"product_brand":[],"product_cat":[237,488,418,284,497,248,288,514],"product_tag":[],"class_list":{"0":"post-354596","1":"product","2":"type-product","3":"status-publish","4":"has-post-thumbnail","6":"product_cat-cami-de-perfeccionament","7":"product_cat-camino-de-perfeccionamiento","8":"product_cat-espiritual-teologia-1_espiritualidad","9":"product_cat-espiritual","10":"product_cat-meditaciones","11":"product_cat-meditacions","12":"product_cat-moral-fonamental","13":"product_cat-moral-fundamental","15":"first","16":"instock","17":"taxable","18":"shipping-taxable","19":"purchasable","20":"product-type-simple"},"acf":{"editorial":[{"ID":6390,"post_author":"3","post_date":"2022-07-28 17:51:08","post_date_gmt":"2022-07-28 15:51:08","post_content":"","post_title":"VERBO DIVINO","post_excerpt":"","post_status":"publish","comment_status":"closed","ping_status":"closed","post_password":"","post_name":"verbo-divino","to_ping":"","pinged":"","post_modified":"2022-07-28 17:51:08","post_modified_gmt":"2022-07-28 15:51:08","post_content_filtered":"","post_parent":0,"guid":"http:\/\/dev.claret.cat\/editorial\/verbo-divino\/","menu_order":0,"post_type":"editorial","post_mime_type":"","comment_count":"0","filter":"raw"}],"autores-libros":[{"ID":5522,"post_author":"3","post_date":"2022-07-28 17:25:48","post_date_gmt":"2022-07-28 15:25:48","post_content":"","post_title":"GR\u00dcN, ANSELM","post_excerpt":"","post_status":"publish","comment_status":"closed","ping_status":"closed","post_password":"","post_name":"grun-anselm","to_ping":"","pinged":"","post_modified":"2022-07-28 17:25:48","post_modified_gmt":"2022-07-28 15:25:48","post_content_filtered":"","post_parent":0,"guid":"http:\/\/dev.claret.cat\/autor\/grun-anselm\/","menu_order":0,"post_type":"autor","post_mime_type":"","comment_count":"0","filter":"raw"}],"autor":"GR\u00dcN, ANSELM","codart":"848169760","libros-coleccion":"Surcos","ediciones":"1","encuadernacion":"Carton\u00e9","fecha_de_publicacion":"20\/09\/2007","novedad":"0","paginas":"184","subtitulo":"CAMINO HACIA LA LIBERTAD","orden":"0","portada":"0","idioma":"spa","booktrailer":"","resenas":""},"aioseo_notices":[],"_links":{"self":[{"href":"https:\/\/www.claret.cat\/es\/wp-json\/wp\/v2\/product\/354596","targetHints":{"allow":["GET"]}}],"collection":[{"href":"https:\/\/www.claret.cat\/es\/wp-json\/wp\/v2\/product"}],"about":[{"href":"https:\/\/www.claret.cat\/es\/wp-json\/wp\/v2\/types\/product"}],"wp:featuredmedia":[{"embeddable":true,"href":"https:\/\/www.claret.cat\/es\/wp-json\/wp\/v2\/media\/371951"}],"wp:attachment":[{"href":"https:\/\/www.claret.cat\/es\/wp-json\/wp\/v2\/media?parent=354596"}],"wp:term":[{"taxonomy":"product_brand","embeddable":true,"href":"https:\/\/www.claret.cat\/es\/wp-json\/wp\/v2\/product_brand?post=354596"},{"taxonomy":"product_cat","embeddable":true,"href":"https:\/\/www.claret.cat\/es\/wp-json\/wp\/v2\/product_cat?post=354596"},{"taxonomy":"product_tag","embeddable":true,"href":"https:\/\/www.claret.cat\/es\/wp-json\/wp\/v2\/product_tag?post=354596"}],"curies":[{"name":"wp","href":"https:\/\/api.w.org\/{rel}","templated":true}]}}