{"id":354631,"date":"2023-01-14T18:05:19","date_gmt":"2023-01-14T17:05:19","guid":{"rendered":"https:\/\/www.claret.cat\/llibre\/dialogos-semanales-con-jesus-iii-adviento-navidad-cuaresma-pascua-9788481697667\/"},"modified":"2024-05-23T12:30:55","modified_gmt":"2024-05-23T10:30:55","slug":"dialogos-semanales-con-jesus-iii-adviento-navidad-cuaresma-pascua-9788481697667","status":"publish","type":"product","link":"https:\/\/www.claret.cat\/es\/libro\/dialogos-semanales-con-jesus-iii-adviento-navidad-cuaresma-pascua-9788481697667\/","title":{"rendered":"DI\u00c1LOGOS SEMANALES CON JES\u00daS III. ADVIENTO, NAVIDAD, CUARESMA, PASCUA"},"content":{"rendered":"<p>Esta obra ofrece 25 sesiones para j\u00f3venes, centradas en las lecturas dominicales, organizadas en momentos de oraci\u00f3n, reflexi\u00f3n y acci\u00f3n, y animadas por el mismo esp\u00edritu que La Biblia Cat\u00f3lica para J\u00f3venes. Contiene oraciones y pautas para orar personal y comunitariamente, comentarios b\u00edblicos y lit\u00fargicos, actividades comunitarias y celebraciones de fe, y reflexiones sobre la vida diaria, pautas para retiros, homil\u00edas, sesiones catequ\u00e9ticas&#8230;<br \/>Esas sesiones han sido dise\u00f1adas con un proceso de Lectio Divina apropiado para j\u00f3venes.<\/p>\n","protected":false},"excerpt":{"rendered":"<p>MEDINA ARELLANO, JOS\u00c9 ANTONIO; MAR\u00cdA CERVANTES, CARMEN<\/p>\n","protected":false},"featured_media":0,"template":"","meta":{"_acf_changed":false,"om_disable_all_campaigns":false,"rs_blank_template":"","rs_page_bg_color":"","slide_template_v7":"","inline_featured_image":false,"_monsterinsights_skip_tracking":false,"_monsterinsights_sitenote_active":false,"_monsterinsights_sitenote_note":"","_monsterinsights_sitenote_category":0},"product_brand":[],"product_cat":[90,540],"product_tag":[],"class_list":{"0":"post-354631","1":"product","2":"type-product","3":"status-publish","5":"product_cat-altres","6":"product_cat-otros","8":"first","9":"instock","10":"taxable","11":"shipping-taxable","12":"purchasable","13":"product-type-simple"},"acf":{"editorial":[{"ID":6390,"post_author":"3","post_date":"2022-07-28 17:51:08","post_date_gmt":"2022-07-28 15:51:08","post_content":"","post_title":"VERBO DIVINO","post_excerpt":"","post_status":"publish","comment_status":"closed","ping_status":"closed","post_password":"","post_name":"verbo-divino","to_ping":"","pinged":"","post_modified":"2022-07-28 17:51:08","post_modified_gmt":"2022-07-28 15:51:08","post_content_filtered":"","post_parent":0,"guid":"http:\/\/dev.claret.cat\/editorial\/verbo-divino\/","menu_order":0,"post_type":"editorial","post_mime_type":"","comment_count":"0","filter":"raw"}],"autores-libros":[{"ID":160182,"post_author":"3","post_date":"2022-10-14 15:50:57","post_date_gmt":"2022-10-14 13:50:57","post_content":"","post_title":"JOS\u00c9 ANTONIO MEDINA ARELLANO","post_excerpt":"","post_status":"publish","comment_status":"closed","ping_status":"closed","post_password":"","post_name":"jose-antonio-medina-arellano","to_ping":"","pinged":"","post_modified":"2022-10-14 15:50:57","post_modified_gmt":"2022-10-14 13:50:57","post_content_filtered":"","post_parent":0,"guid":"http:\/\/dev.claret.cat\/autor\/jose-antonio-medina-arellano\/","menu_order":0,"post_type":"autor","post_mime_type":"","comment_count":"0","filter":"raw"},{"ID":354613,"post_author":"3","post_date":"2023-01-14 18:00:28","post_date_gmt":"2023-01-14 17:00:28","post_content":"","post_title":"CARMEN MAR\u00cdA CERVANTES","post_excerpt":"","post_status":"publish","comment_status":"closed","ping_status":"closed","post_password":"","post_name":"carmen-maria-cervantes-2","to_ping":"","pinged":"","post_modified":"2023-01-14 18:00:28","post_modified_gmt":"2023-01-14 17:00:28","post_content_filtered":"","post_parent":0,"guid":"https:\/\/www.claret.cat\/autor\/carmen-maria-cervantes-2\/","menu_order":0,"post_type":"autor","post_mime_type":"","comment_count":"0","filter":"raw"}],"autor":"MEDINA ARELLANO, JOS\u00c9 ANTONIO; MAR\u00cdA CERVANTES, CARMEN","codart":"848169766","libros-coleccion":"","ediciones":"1","encuadernacion":"R\u00fastica","fecha_de_publicacion":"16\/09\/2008","novedad":"0","paginas":"0","subtitulo":"CICLO LIT\u00daRGICO B. 25 SESSIONES PARA J\u00d3VENES","orden":"999","portada":"0","idioma":"spa"},"aioseo_notices":[],"_links":{"self":[{"href":"https:\/\/www.claret.cat\/es\/wp-json\/wp\/v2\/product\/354631","targetHints":{"allow":["GET"]}}],"collection":[{"href":"https:\/\/www.claret.cat\/es\/wp-json\/wp\/v2\/product"}],"about":[{"href":"https:\/\/www.claret.cat\/es\/wp-json\/wp\/v2\/types\/product"}],"wp:attachment":[{"href":"https:\/\/www.claret.cat\/es\/wp-json\/wp\/v2\/media?parent=354631"}],"wp:term":[{"taxonomy":"product_brand","embeddable":true,"href":"https:\/\/www.claret.cat\/es\/wp-json\/wp\/v2\/product_brand?post=354631"},{"taxonomy":"product_cat","embeddable":true,"href":"https:\/\/www.claret.cat\/es\/wp-json\/wp\/v2\/product_cat?post=354631"},{"taxonomy":"product_tag","embeddable":true,"href":"https:\/\/www.claret.cat\/es\/wp-json\/wp\/v2\/product_tag?post=354631"}],"curies":[{"name":"wp","href":"https:\/\/api.w.org\/{rel}","templated":true}]}}