{"id":354722,"date":"2023-01-14T18:20:32","date_gmt":"2023-01-14T17:20:32","guid":{"rendered":"https:\/\/www.claret.cat\/llibre\/no-discriminen-a-los-pobres-9788481698596\/"},"modified":"2024-05-23T12:25:23","modified_gmt":"2024-05-23T10:25:23","slug":"no-discriminen-a-los-pobres-9788481698596","status":"publish","type":"product","link":"https:\/\/www.claret.cat\/es\/libro\/no-discriminen-a-los-pobres-9788481698596\/","title":{"rendered":"NO DISCRIMINEN A LOS POBRES"},"content":{"rendered":"<p> Preocupada por la alarmante situaci\u00f3n de pobreza que se vive en Am\u00e9rica Latina y por el esp\u00edritu de insensibilidad causada por una sociedad de competencia y consumo, Elsa Tamez pretende motivar a los cristianos a solidarizarse con los m\u00e1s desfavorecidos a trav\u00e9s de una lectura sencilla, exeg\u00e9tica y apasionada de la Carta de Santiago.<\/p>\n","protected":false},"excerpt":{"rendered":"<p>TAMEZ, ELSA<\/p>\n","protected":false},"featured_media":371999,"template":"","meta":{"_acf_changed":false,"om_disable_all_campaigns":false,"rs_blank_template":"","rs_page_bg_color":"","slide_template_v7":"","inline_featured_image":false,"_monsterinsights_skip_tracking":false,"_monsterinsights_sitenote_active":false,"_monsterinsights_sitenote_note":"","_monsterinsights_sitenote_category":0},"product_brand":[],"product_cat":[162,436,291,517,506,264,437,163],"product_tag":[],"class_list":{"0":"post-354722","1":"product","2":"type-product","3":"status-publish","4":"has-post-thumbnail","6":"product_cat-economica-i-politica","7":"product_cat-economica-y-politica","8":"product_cat-moral-social-i-politica","9":"product_cat-moral-social-y-politica","10":"product_cat-sociales-y-obrera","11":"product_cat-socials-i-obrera","12":"product_cat-valores-y-convivencia","13":"product_cat-valors-i-convivencia","15":"first","16":"instock","17":"taxable","18":"shipping-taxable","19":"purchasable","20":"product-type-simple"},"acf":{"editorial":[{"ID":6390,"post_author":"3","post_date":"2022-07-28 17:51:08","post_date_gmt":"2022-07-28 15:51:08","post_content":"","post_title":"VERBO DIVINO","post_excerpt":"","post_status":"publish","comment_status":"closed","ping_status":"closed","post_password":"","post_name":"verbo-divino","to_ping":"","pinged":"","post_modified":"2022-07-28 17:51:08","post_modified_gmt":"2022-07-28 15:51:08","post_content_filtered":"","post_parent":0,"guid":"http:\/\/dev.claret.cat\/editorial\/verbo-divino\/","menu_order":0,"post_type":"editorial","post_mime_type":"","comment_count":"0","filter":"raw"}],"autores-libros":[{"ID":354721,"post_author":"3","post_date":"2023-01-14 18:20:29","post_date_gmt":"2023-01-14 17:20:29","post_content":"","post_title":"ELSA TAMEZ","post_excerpt":"","post_status":"publish","comment_status":"closed","ping_status":"closed","post_password":"","post_name":"elsa-tamez","to_ping":"","pinged":"","post_modified":"2023-01-14 18:20:29","post_modified_gmt":"2023-01-14 17:20:29","post_content_filtered":"","post_parent":0,"guid":"https:\/\/www.claret.cat\/autor\/elsa-tamez\/","menu_order":0,"post_type":"autor","post_mime_type":"","comment_count":"0","filter":"raw"}],"autor":"TAMEZ, ELSA","codart":"848169859","libros-coleccion":"Palabra y Vida","ediciones":"1","encuadernacion":"R\u00fastica","fecha_de_publicacion":"20\/11\/2008","novedad":"0","paginas":"120","subtitulo":"LECTURA LATINOAMERICANA DE LA CARTA DE SANTIAGO","orden":"999","portada":"0","idioma":"spa"},"aioseo_notices":[],"_links":{"self":[{"href":"https:\/\/www.claret.cat\/es\/wp-json\/wp\/v2\/product\/354722","targetHints":{"allow":["GET"]}}],"collection":[{"href":"https:\/\/www.claret.cat\/es\/wp-json\/wp\/v2\/product"}],"about":[{"href":"https:\/\/www.claret.cat\/es\/wp-json\/wp\/v2\/types\/product"}],"wp:featuredmedia":[{"embeddable":true,"href":"https:\/\/www.claret.cat\/es\/wp-json\/wp\/v2\/media\/371999"}],"wp:attachment":[{"href":"https:\/\/www.claret.cat\/es\/wp-json\/wp\/v2\/media?parent=354722"}],"wp:term":[{"taxonomy":"product_brand","embeddable":true,"href":"https:\/\/www.claret.cat\/es\/wp-json\/wp\/v2\/product_brand?post=354722"},{"taxonomy":"product_cat","embeddable":true,"href":"https:\/\/www.claret.cat\/es\/wp-json\/wp\/v2\/product_cat?post=354722"},{"taxonomy":"product_tag","embeddable":true,"href":"https:\/\/www.claret.cat\/es\/wp-json\/wp\/v2\/product_tag?post=354722"}],"curies":[{"name":"wp","href":"https:\/\/api.w.org\/{rel}","templated":true}]}}