{"id":354817,"date":"2023-01-14T18:25:54","date_gmt":"2023-01-14T17:25:54","guid":{"rendered":"https:\/\/www.claret.cat\/llibre\/respondeme-cuando-te-invoco-9788481699913\/"},"modified":"2024-05-23T12:15:34","modified_gmt":"2024-05-23T10:15:34","slug":"respondeme-cuando-te-invoco-9788481699913","status":"publish","type":"product","link":"https:\/\/www.claret.cat\/es\/libro\/respondeme-cuando-te-invoco-9788481699913\/","title":{"rendered":"RESP\u00d3NDEME CUANDO TE INVOCO"},"content":{"rendered":"<p>Los salmos acompa\u00f1an a Anselm Gr\u00fcn en su camino espiritual desde hace m\u00e1s de cuarenta a\u00f1os. Estas plegarias del Antiguo Testamento son de una fuerza verbal \u00fanica. En ellas se abordan de manera expl\u00edcita los sentimientos fundamentales de la vida cotidiana alegr\u00eda, tristeza, amor, miedo&#8230; y hoy en d\u00eda son tan actuales como lo han sido a lo largo de m\u00e1s de 2.000 a\u00f1os. En el presente libro, Anselm Gr\u00fcn escoge m\u00e1s de cuarenta salmos que han llegado a ser importantes para su vida. El monje benedictino nos lleva con \u00e9l de peregrinaci\u00f3n. En este libro se logra encontrar la clave, el ritmo y la poes\u00eda de los textos y en su compa\u00f1\u00eda revivimos la oraci\u00f3n lit\u00fargica de milenios en la vida de hoy.<\/p>\n","protected":false},"excerpt":{"rendered":"<p>GR\u00dcN, ANSELM<\/p>\n","protected":false},"featured_media":372013,"template":"","meta":{"_acf_changed":false,"om_disable_all_campaigns":false,"rs_blank_template":"","rs_page_bg_color":"","slide_template_v7":"","inline_featured_image":false,"_monsterinsights_skip_tracking":false,"_monsterinsights_sitenote_active":false,"_monsterinsights_sitenote_note":"","_monsterinsights_sitenote_category":0},"product_brand":[],"product_cat":[90,540],"product_tag":[],"class_list":{"0":"post-354817","1":"product","2":"type-product","3":"status-publish","4":"has-post-thumbnail","6":"product_cat-altres","7":"product_cat-otros","9":"first","10":"instock","11":"taxable","12":"shipping-taxable","13":"purchasable","14":"product-type-simple"},"acf":{"editorial":[{"ID":6390,"post_author":"3","post_date":"2022-07-28 17:51:08","post_date_gmt":"2022-07-28 15:51:08","post_content":"","post_title":"VERBO DIVINO","post_excerpt":"","post_status":"publish","comment_status":"closed","ping_status":"closed","post_password":"","post_name":"verbo-divino","to_ping":"","pinged":"","post_modified":"2022-07-28 17:51:08","post_modified_gmt":"2022-07-28 15:51:08","post_content_filtered":"","post_parent":0,"guid":"http:\/\/dev.claret.cat\/editorial\/verbo-divino\/","menu_order":0,"post_type":"editorial","post_mime_type":"","comment_count":"0","filter":"raw"}],"autores-libros":[{"ID":5522,"post_author":"3","post_date":"2022-07-28 17:25:48","post_date_gmt":"2022-07-28 15:25:48","post_content":"","post_title":"GR\u00dcN, ANSELM","post_excerpt":"","post_status":"publish","comment_status":"closed","ping_status":"closed","post_password":"","post_name":"grun-anselm","to_ping":"","pinged":"","post_modified":"2022-07-28 17:25:48","post_modified_gmt":"2022-07-28 15:25:48","post_content_filtered":"","post_parent":0,"guid":"http:\/\/dev.claret.cat\/autor\/grun-anselm\/","menu_order":0,"post_type":"autor","post_mime_type":"","comment_count":"0","filter":"raw"}],"autor":"GR\u00dcN, ANSELM","codart":"848169991","libros-coleccion":"","ediciones":"1","encuadernacion":"R\u00fastica","fecha_de_publicacion":"23\/11\/2009","novedad":"0","paginas":"179","subtitulo":"SALMOS QUE ACOMPA\u00d1AN MI VIDA","orden":"999","portada":"0","idioma":"spa"},"aioseo_notices":[],"_links":{"self":[{"href":"https:\/\/www.claret.cat\/es\/wp-json\/wp\/v2\/product\/354817","targetHints":{"allow":["GET"]}}],"collection":[{"href":"https:\/\/www.claret.cat\/es\/wp-json\/wp\/v2\/product"}],"about":[{"href":"https:\/\/www.claret.cat\/es\/wp-json\/wp\/v2\/types\/product"}],"wp:featuredmedia":[{"embeddable":true,"href":"https:\/\/www.claret.cat\/es\/wp-json\/wp\/v2\/media\/372013"}],"wp:attachment":[{"href":"https:\/\/www.claret.cat\/es\/wp-json\/wp\/v2\/media?parent=354817"}],"wp:term":[{"taxonomy":"product_brand","embeddable":true,"href":"https:\/\/www.claret.cat\/es\/wp-json\/wp\/v2\/product_brand?post=354817"},{"taxonomy":"product_cat","embeddable":true,"href":"https:\/\/www.claret.cat\/es\/wp-json\/wp\/v2\/product_cat?post=354817"},{"taxonomy":"product_tag","embeddable":true,"href":"https:\/\/www.claret.cat\/es\/wp-json\/wp\/v2\/product_tag?post=354817"}],"curies":[{"name":"wp","href":"https:\/\/api.w.org\/{rel}","templated":true}]}}