{"id":35482,"date":"2022-10-02T18:04:19","date_gmt":"2022-10-02T16:04:19","guid":{"rendered":"http:\/\/dev.claret.cat\/producte\/maria-zambrano-filosofa-de-la-generacion-del-27\/"},"modified":"2023-07-10T18:36:48","modified_gmt":"2023-07-10T16:36:48","slug":"maria-zambrano-filosofa-de-la-generacion-del-27-9788418119460","status":"publish","type":"product","link":"https:\/\/www.claret.cat\/es\/libro\/maria-zambrano-filosofa-de-la-generacion-del-27-9788418119460\/","title":{"rendered":"MAR\u00cdA ZAMBRANO. FIL\u00d3SOFA DE LA GENERACI\u00d3N DEL 27"},"content":{"rendered":"<p>Durante mucho tiempo a Mar\u00eda Zambrano le precedi\u00f3 la fama de escritora m\u00e1s que de fil\u00f3sofa. Su obra, repleta de met\u00e1foras y simbolismos, fue dif\u00edcil de encuadrar dentro del academicismo. Sin embargo ella se supo siempre fil\u00f3sofa y, desde edad muy temprana, cuando siendo una adolescente le preguntaban \u00bfpor qu\u00e9 iba a estudiar Filosof\u00eda?, respond\u00eda de inmediato \u00abno poder dejar de hacerlo\u00bb, dejando claro su tendencia al pensamiento. Este libro reclama el car\u00e1cter filos\u00f3fico del pensamiento de Mar\u00eda Zambrano a trav\u00e9s de seis palabras clave: m\u00e9todo, naufragio, delirio, memoria, luz y poes\u00eda. T\u00e9rminos que las autoras eligieron para acercar su legado filos\u00f3fico de forma fluida e inteligible al mayor p\u00fablico posible. Su reivindicaci\u00f3n de una raz\u00f3n po\u00e9tica no puede caer en tierra bald\u00eda en estos tiempos de orfandad y desconcierto en los que tanto necesitamos desarrollar una imaginaci\u00f3n social que nos ayude a construir un mundo m\u00e1s justo y humano.<\/p>\n","protected":false},"excerpt":{"rendered":"<p>ZACAR\u00c9S PAMBLANCO, AMPARO \/ MASCARELL DAUDER, ROSA<\/p>\n","protected":false},"featured_media":450690,"template":"","meta":{"_acf_changed":false,"om_disable_all_campaigns":false,"rs_blank_template":"","rs_page_bg_color":"","slide_template_v7":"","inline_featured_image":false,"_monsterinsights_skip_tracking":false,"_monsterinsights_sitenote_active":false,"_monsterinsights_sitenote_note":"","_monsterinsights_sitenote_category":0},"product_brand":[],"product_cat":[549,99],"product_tag":[],"class_list":{"0":"post-35482","1":"product","2":"type-product","3":"status-publish","4":"has-post-thumbnail","6":"product_cat-biografias","7":"product_cat-biografies","9":"first","10":"instock","11":"taxable","12":"shipping-taxable","13":"purchasable","14":"product-type-simple"},"acf":{"autor":"ZACAR\u00c9S PAMBLANCO, AMPARO \/ MASCARELL DAUDER, ROSA","codart":"841811946","libros-coleccion":"Filosof\u00eda","ediciones":"1","encuadernacion":"R\u00fastica","fecha_de_publicacion":"01\/09\/2021","novedad":"0","paginas":"176","subtitulo":"","orden":"0","portada":"0","idioma":"spa","editorial":[{"ID":147785,"post_author":"3","post_date":"2022-10-14 11:53:12","post_date_gmt":"2022-10-14 09:53:12","post_content":"","post_title":"Ediciones Ant\u00edgona","post_excerpt":"","post_status":"publish","comment_status":"closed","ping_status":"closed","post_password":"","post_name":"ediciones-antigona","to_ping":"","pinged":"","post_modified":"2022-10-14 11:53:12","post_modified_gmt":"2022-10-14 09:53:12","post_content_filtered":"","post_parent":0,"guid":"http:\/\/dev.claret.cat\/editorial\/ediciones-antigona\/","menu_order":0,"post_type":"editorial","post_mime_type":"","comment_count":"0","filter":"raw"}],"autores-libros":[{"ID":150030,"post_author":"3","post_date":"2022-10-14 14:29:40","post_date_gmt":"2022-10-14 12:29:40","post_content":"","post_title":"AMPARO ZACAR\u00c9S PAMBLANCO","post_excerpt":"","post_status":"publish","comment_status":"closed","ping_status":"closed","post_password":"","post_name":"amparo-zacares-pamblanco","to_ping":"","pinged":"","post_modified":"2022-10-14 14:29:40","post_modified_gmt":"2022-10-14 12:29:40","post_content_filtered":"","post_parent":0,"guid":"http:\/\/dev.claret.cat\/autor\/amparo-zacares-pamblanco\/","menu_order":0,"post_type":"autor","post_mime_type":"","comment_count":"0","filter":"raw"},{"ID":168510,"post_author":"3","post_date":"2022-10-14 22:19:42","post_date_gmt":"2022-10-14 20:19:42","post_content":"","post_title":"ROSA MASCARELL DAUDER","post_excerpt":"","post_status":"publish","comment_status":"closed","ping_status":"closed","post_password":"","post_name":"rosa-mascarell-dauder","to_ping":"","pinged":"","post_modified":"2022-10-14 22:19:42","post_modified_gmt":"2022-10-14 20:19:42","post_content_filtered":"","post_parent":0,"guid":"http:\/\/dev.claret.cat\/autor\/rosa-mascarell-dauder\/","menu_order":0,"post_type":"autor","post_mime_type":"","comment_count":"0","filter":"raw"}]},"aioseo_notices":[],"_links":{"self":[{"href":"https:\/\/www.claret.cat\/es\/wp-json\/wp\/v2\/product\/35482","targetHints":{"allow":["GET"]}}],"collection":[{"href":"https:\/\/www.claret.cat\/es\/wp-json\/wp\/v2\/product"}],"about":[{"href":"https:\/\/www.claret.cat\/es\/wp-json\/wp\/v2\/types\/product"}],"wp:featuredmedia":[{"embeddable":true,"href":"https:\/\/www.claret.cat\/es\/wp-json\/wp\/v2\/media\/450690"}],"wp:attachment":[{"href":"https:\/\/www.claret.cat\/es\/wp-json\/wp\/v2\/media?parent=35482"}],"wp:term":[{"taxonomy":"product_brand","embeddable":true,"href":"https:\/\/www.claret.cat\/es\/wp-json\/wp\/v2\/product_brand?post=35482"},{"taxonomy":"product_cat","embeddable":true,"href":"https:\/\/www.claret.cat\/es\/wp-json\/wp\/v2\/product_cat?post=35482"},{"taxonomy":"product_tag","embeddable":true,"href":"https:\/\/www.claret.cat\/es\/wp-json\/wp\/v2\/product_tag?post=35482"}],"curies":[{"name":"wp","href":"https:\/\/api.w.org\/{rel}","templated":true}]}}