{"id":354915,"date":"2023-01-14T18:31:42","date_gmt":"2023-01-14T17:31:42","guid":{"rendered":"https:\/\/www.claret.cat\/llibre\/avaluar-mes-que-posar-notes-9788482970301\/"},"modified":"2024-05-23T12:07:57","modified_gmt":"2024-05-23T10:07:57","slug":"avaluar-mes-que-posar-notes-9788482970301","status":"publish","type":"product","link":"https:\/\/www.claret.cat\/es\/libro\/avaluar-mes-que-posar-notes-9788482970301\/","title":{"rendered":"AVALUAR, M\u00c9S QUE POSAR NOTES"},"content":{"rendered":"<p>L&#8217;autora \u00e9s professora de l&#8217;IB l&#8217;Alzina de Barcelona. Aquest llibre l&#8217;ha fonamentat a partir d&#8217;un projecte que durant dos cursos s&#8217;ha dut a terme en el seu institut sobre \u00abLa dinamitzaci\u00f3 de les Juntes d&#8217;Avaluaci\u00f3\u00bb.<br \/>Aquesta experi\u00e8ncia, contrastada amb professorat de l&#8217;ICE de les universitats Central i Aut\u00f2noma, parteix, doncs, des de la realitat de les aules, del dia a dia, i no de meres especulacions allunyades de la realitat docent.<br \/>Les reflexions que realitza se situen a l&#8217;entorn de la nova concepci\u00f3 d&#8217;avaluaci\u00f3 que la reforma introdueix, aix\u00ed com les propostes i estrat\u00e8gies d&#8217;avaluaci\u00f3 que ofereix per a les diferents \u00e0rees del curr\u00edculum.<\/p>\n","protected":false},"excerpt":{"rendered":"<p>ROSSELL ALFONSO, MERCE<\/p>\n","protected":false},"featured_media":354916,"template":"","meta":{"_acf_changed":false,"om_disable_all_campaigns":false,"rs_blank_template":"","rs_page_bg_color":"","slide_template_v7":"","inline_featured_image":false,"_monsterinsights_skip_tracking":false,"_monsterinsights_sitenote_active":false,"_monsterinsights_sitenote_note":"","_monsterinsights_sitenote_category":0},"product_brand":[],"product_cat":[581,187,452,188,381],"product_tag":[],"class_list":{"0":"post-354915","1":"product","2":"type-product","3":"status-publish","4":"has-post-thumbnail","6":"product_cat-editorial-claret","7":"product_cat-organitzacio-i-gestio","8":"product_cat-organizacion-y-gestion","9":"product_cat-psicopedagogia","10":"product_cat-psicopedagogia-pedagogia-2_humanidades","12":"first","13":"instock","14":"taxable","15":"shipping-taxable","16":"purchasable","17":"product-type-simple"},"acf":{"editorial":[{"ID":6158,"post_author":"3","post_date":"2022-07-28 17:46:08","post_date_gmt":"2022-07-28 15:46:08","post_content":"","post_title":"CLARET","post_excerpt":"","post_status":"publish","comment_status":"closed","ping_status":"closed","post_password":"","post_name":"claret","to_ping":"","pinged":"","post_modified":"2022-07-28 17:46:08","post_modified_gmt":"2022-07-28 15:46:08","post_content_filtered":"","post_parent":0,"guid":"http:\/\/dev.claret.cat\/editorial\/claret\/","menu_order":0,"post_type":"editorial","post_mime_type":"","comment_count":"0","filter":"raw"}],"autores-libros":[{"ID":354914,"post_author":"3","post_date":"2023-01-14 18:31:40","post_date_gmt":"2023-01-14 17:31:40","post_content":"","post_title":"MERC\u00c8 ROSSELL ALFONSO","post_excerpt":"","post_status":"publish","comment_status":"closed","ping_status":"closed","post_password":"","post_name":"merce-rossell-alfonso","to_ping":"","pinged":"","post_modified":"2023-01-14 18:31:40","post_modified_gmt":"2023-01-14 17:31:40","post_content_filtered":"","post_parent":0,"guid":"https:\/\/www.claret.cat\/autor\/merce-rossell-alfonso\/","menu_order":0,"post_type":"autor","post_mime_type":"","comment_count":"0","filter":"raw"}],"autor":"ROSSELL ALFONSO, MERCE","codart":"848297030","libros-coleccion":"FER ESCOLA","ediciones":"1","encuadernacion":"R\u00fastica","fecha_de_publicacion":"01\/04\/1996","novedad":"0","paginas":"176","subtitulo":"","orden":"999","portada":"0","idioma":"cat"},"aioseo_notices":[],"_links":{"self":[{"href":"https:\/\/www.claret.cat\/es\/wp-json\/wp\/v2\/product\/354915","targetHints":{"allow":["GET"]}}],"collection":[{"href":"https:\/\/www.claret.cat\/es\/wp-json\/wp\/v2\/product"}],"about":[{"href":"https:\/\/www.claret.cat\/es\/wp-json\/wp\/v2\/types\/product"}],"wp:featuredmedia":[{"embeddable":true,"href":"https:\/\/www.claret.cat\/es\/wp-json\/wp\/v2\/media\/354916"}],"wp:attachment":[{"href":"https:\/\/www.claret.cat\/es\/wp-json\/wp\/v2\/media?parent=354915"}],"wp:term":[{"taxonomy":"product_brand","embeddable":true,"href":"https:\/\/www.claret.cat\/es\/wp-json\/wp\/v2\/product_brand?post=354915"},{"taxonomy":"product_cat","embeddable":true,"href":"https:\/\/www.claret.cat\/es\/wp-json\/wp\/v2\/product_cat?post=354915"},{"taxonomy":"product_tag","embeddable":true,"href":"https:\/\/www.claret.cat\/es\/wp-json\/wp\/v2\/product_tag?post=354915"}],"curies":[{"name":"wp","href":"https:\/\/api.w.org\/{rel}","templated":true}]}}